{"id":78575,"date":"2026-05-06T18:03:34","date_gmt":"2026-05-06T16:03:34","guid":{"rendered":"https:\/\/villalanterome.org\/?page_id=78575"},"modified":"2026-05-07T19:45:00","modified_gmt":"2026-05-07T17:45:00","slug":"labyrinthe-de-priere","status":"publish","type":"page","link":"https:\/\/villalanterome.org\/fr\/labyrinthe-de-priere\/","title":{"rendered":"Labyrinthe de pri\u00e8re"},"content":{"rendered":"<div data-elementor-type=\"wp-page\" data-elementor-id=\"78575\" class=\"elementor elementor-78575\" data-elementor-post-type=\"page\">\n\t\t\t\t\t\t<section class=\"elementor-section elementor-top-section elementor-element elementor-element-13760a8 elementor-reverse-tablet elementor-reverse-mobile elementor-section-boxed elementor-section-height-default elementor-section-height-default\" data-id=\"13760a8\" data-element_type=\"section\" data-e-type=\"section\" data-settings=\"{&quot;background_background&quot;:&quot;classic&quot;,&quot;jet_parallax_layout_list&quot;:[]}\">\n\t\t\t\t\t\t\t<div class=\"elementor-background-overlay\"><\/div>\n\t\t\t\t\t\t\t<div class=\"elementor-container elementor-column-gap-wider\">\n\t\t\t\t\t<div class=\"elementor-column elementor-col-100 elementor-top-column elementor-element elementor-element-3fddcef\" data-id=\"3fddcef\" data-element_type=\"column\" data-e-type=\"column\">\n\t\t\t<div class=\"elementor-widget-wrap elementor-element-populated\">\n\t\t\t\t\t\t<div class=\"elementor-element elementor-element-c0794ab elementor-widget elementor-widget-spacer\" data-id=\"c0794ab\" data-element_type=\"widget\" data-e-type=\"widget\" data-widget_type=\"spacer.default\">\n\t\t\t\t<div class=\"elementor-widget-container\">\n\t\t\t\t\t\t\t<div class=\"elementor-spacer\">\n\t\t\t<div class=\"elementor-spacer-inner\"><\/div>\n\t\t<\/div>\n\t\t\t\t\t\t<\/div>\n\t\t\t\t<\/div>\n\t\t\t\t<div class=\"elementor-element elementor-element-ad83ab5 elementor-widget__width-initial elementor-widget elementor-widget-heading\" data-id=\"ad83ab5\" data-element_type=\"widget\" data-e-type=\"widget\" data-widget_type=\"heading.default\">\n\t\t\t\t<div class=\"elementor-widget-container\">\n\t\t\t\t\t<h1 class=\"elementor-heading-title elementor-size-default\">Labyrinthe de pri\u00e8re<\/h1>\t\t\t\t<\/div>\n\t\t\t\t<\/div>\n\t\t\t\t\t<\/div>\n\t\t<\/div>\n\t\t\t\t\t<\/div>\n\t\t<\/section>\n\t\t\t\t<section class=\"elementor-section elementor-top-section elementor-element elementor-element-65ea903 elementor-reverse-mobile elementor-section-boxed elementor-section-height-default elementor-section-height-default\" data-id=\"65ea903\" data-element_type=\"section\" data-e-type=\"section\" data-settings=\"{&quot;background_background&quot;:&quot;classic&quot;,&quot;jet_parallax_layout_list&quot;:[]}\">\n\t\t\t\t\t\t<div class=\"elementor-container elementor-column-gap-wider\">\n\t\t\t\t\t<div class=\"elementor-column elementor-col-50 elementor-top-column elementor-element elementor-element-d35a8eb\" data-id=\"d35a8eb\" data-element_type=\"column\" data-e-type=\"column\">\n\t\t\t<div class=\"elementor-widget-wrap elementor-element-populated\">\n\t\t\t\t\t\t<div class=\"elementor-element elementor-element-a4ac70b elementor-widget elementor-widget-image\" data-id=\"a4ac70b\" data-element_type=\"widget\" data-e-type=\"widget\" data-widget_type=\"image.default\">\n\t\t\t\t<div class=\"elementor-widget-container\">\n\t\t\t\t\t\t\t\t\t\t\t\t\t\t\t<img fetchpriority=\"high\" decoding=\"async\" width=\"640\" height=\"447\" src=\"https:\/\/villalanterome.org\/wp-content\/uploads\/2026\/05\/lab1.jpg\" class=\"attachment-full size-full wp-image-78564\" alt=\"\" srcset=\"https:\/\/villalanterome.org\/wp-content\/uploads\/2026\/05\/lab1.jpg 640w, https:\/\/villalanterome.org\/wp-content\/uploads\/2026\/05\/lab1-300x210.jpg 300w, https:\/\/villalanterome.org\/wp-content\/uploads\/2026\/05\/lab1-18x12.jpg 18w\" sizes=\"(max-width: 640px) 100vw, 640px\" \/>\t\t\t\t\t\t\t\t\t\t\t\t\t\t\t<\/div>\n\t\t\t\t<\/div>\n\t\t\t\t<div class=\"elementor-element elementor-element-28fcea9 elementor-widget elementor-widget-image\" data-id=\"28fcea9\" data-element_type=\"widget\" data-e-type=\"widget\" data-widget_type=\"image.default\">\n\t\t\t\t<div class=\"elementor-widget-container\">\n\t\t\t\t\t\t\t\t\t\t\t\t\t\t\t<img decoding=\"async\" width=\"700\" height=\"525\" src=\"https:\/\/villalanterome.org\/wp-content\/uploads\/2026\/05\/foto-1-002.jpg\" class=\"attachment-full size-full wp-image-78556\" alt=\"\" srcset=\"https:\/\/villalanterome.org\/wp-content\/uploads\/2026\/05\/foto-1-002.jpg 700w, https:\/\/villalanterome.org\/wp-content\/uploads\/2026\/05\/foto-1-002-300x225.jpg 300w, https:\/\/villalanterome.org\/wp-content\/uploads\/2026\/05\/foto-1-002-16x12.jpg 16w\" sizes=\"(max-width: 700px) 100vw, 700px\" \/>\t\t\t\t\t\t\t\t\t\t\t\t\t\t\t<\/div>\n\t\t\t\t<\/div>\n\t\t\t\t<div class=\"elementor-element elementor-element-c1871d8 elementor-widget elementor-widget-image\" data-id=\"c1871d8\" data-element_type=\"widget\" data-e-type=\"widget\" data-widget_type=\"image.default\">\n\t\t\t\t<div class=\"elementor-widget-container\">\n\t\t\t\t\t\t\t\t\t\t\t\t\t\t\t<img decoding=\"async\" width=\"640\" height=\"447\" src=\"https:\/\/villalanterome.org\/wp-content\/uploads\/2026\/05\/lab3.jpg\" class=\"attachment-full size-full wp-image-78563\" alt=\"\" srcset=\"https:\/\/villalanterome.org\/wp-content\/uploads\/2026\/05\/lab3.jpg 640w, https:\/\/villalanterome.org\/wp-content\/uploads\/2026\/05\/lab3-300x210.jpg 300w, https:\/\/villalanterome.org\/wp-content\/uploads\/2026\/05\/lab3-18x12.jpg 18w\" sizes=\"(max-width: 640px) 100vw, 640px\" \/>\t\t\t\t\t\t\t\t\t\t\t\t\t\t\t<\/div>\n\t\t\t\t<\/div>\n\t\t\t\t\t<\/div>\n\t\t<\/div>\n\t\t\t\t<div class=\"elementor-column elementor-col-50 elementor-top-column elementor-element elementor-element-608c6fd\" data-id=\"608c6fd\" data-element_type=\"column\" data-e-type=\"column\">\n\t\t\t<div class=\"elementor-widget-wrap elementor-element-populated\">\n\t\t\t\t\t\t<div class=\"elementor-element elementor-element-3649443 elementor-widget elementor-widget-text-editor\" data-id=\"3649443\" data-element_type=\"widget\" data-e-type=\"widget\" data-widget_type=\"text-editor.default\">\n\t\t\t\t<div class=\"elementor-widget-container\">\n\t\t\t\t\t\t\t\t\t<p class=\"translation-block\">Dans le cadre du projet de r\u00e9novation de notre parc et de nos jardins \u00e0 la Villa Lante Centre, nous avons am\u00e9nag\u00e9 de nouveaux espaces de pri\u00e8re en plein air, notamment un jardin de m\u00e9ditation comprenant un labyrinthe en forme de c\u0153ur, entour\u00e9 de bancs, d\u2019arbres, de cactus, de roses, d\u2019hortensias, de lys et d\u2019autres fleurs.<\/p><p class=\"translation-block\">Il y a des si\u00e8cles, les labyrinthes ont \u00e9t\u00e9 cr\u00e9\u00e9s pour les personnes qui ne pouvaient pas effectuer le long p\u00e8lerinage vers Rome ou la Terre Sainte.<\/p><p>Un labyrinthe n\u2019est pas un d\u00e9dale que l\u2019on parcourt pour s\u2019amuser, en faisant des choix de direction et en se perdant, mais il est plut\u00f4t unicursal, avec un seul chemin menant au centre puis ressortant, une forme de pri\u00e8re en marchant.<\/p><p>Une fa\u00e7on de parcourir un labyrinthe consiste simplement \u00e0 s\u2019arr\u00eater \u00e0 l\u2019entr\u00e9e, \u00e0 respirer, puis \u00e0 suivre lentement le chemin, en l\u00e2chant prise\/en se lib\u00e9rant \u00e0 mesure que l\u2019on s\u2019enfonce en spirale vers le c\u0153ur, en s\u2019arr\u00eatant au centre pour recevoir, puis en se permettant simplement de revenir en remontant en spirale.<\/p><p>Lors d'une retraite spirituelle, d'une pause entre deux r\u00e9unions intenses ou apr\u00e8s une journ\u00e9e pass\u00e9e \u00e0 explorer Rome et son histoire, \u00e0 l\u2019aube comme au cr\u00e9puscule, le labyrinthe invite \u00e0 la contemplation et \u00e0 l\u2019apaisement de l'\u00e2me.<\/p><p class=\"translation-block\">Compos\u00e9 d'anciennes fa\u00efences de la Villa Lante, au c\u0153ur de Trastevere et au beau milieu d'une v\u00e9g\u00e9tation luxuriante, notre labyrinthe \u00e0 dimension spirituelle est unique \u00e0 Rome.<\/p><p>Tous les labyrinthes sont interconnect\u00e9s pour le bien commun.<\/p>\t\t\t\t\t\t\t\t<\/div>\n\t\t\t\t<\/div>\n\t\t\t\t\t<\/div>\n\t\t<\/div>\n\t\t\t\t\t<\/div>\n\t\t<\/section>\n\t\t\t\t<\/div>","protected":false},"excerpt":{"rendered":"<p>Labirinto di preghiera Nell&#8217;ambito del progetto di rinnovamento del parco e dei giardini di Villa Lante Center, abbiamo creato nuovi spazi di preghiera all&#8217;aperto, tra cui un giardino per la meditazione con un labirinto a forma di cuore, circondato da panchine, alberi, cactus, rose, ortensie, gigli e altri fiori. Secoli fa, i labirinti venivano creati [&hellip;]<\/p>\n","protected":false},"author":7,"featured_media":0,"parent":0,"menu_order":21,"comment_status":"closed","ping_status":"closed","template":"elementor_header_footer","meta":{"footnotes":""},"class_list":["post-78575","page","type-page","status-publish","hentry"],"yoast_head":"<!-- This site is optimized with the Yoast SEO plugin v27.5 - https:\/\/yoast.com\/product\/yoast-seo-wordpress\/ -->\n<title>Labirinto di preghiera - Villa Lante Center<\/title>\n<meta name=\"robots\" content=\"index, follow, max-snippet:-1, max-image-preview:large, max-video-preview:-1\" \/>\n<link rel=\"canonical\" href=\"https:\/\/villalanterome.org\/fr\/labyrinthe-de-priere\/\" \/>\n<meta property=\"og:locale\" content=\"fr_FR\" \/>\n<meta property=\"og:type\" content=\"article\" \/>\n<meta property=\"og:title\" content=\"Labirinto di preghiera - Villa Lante Center\" \/>\n<meta property=\"og:description\" content=\"Labirinto di preghiera Nell&#8217;ambito del progetto di rinnovamento del parco e dei giardini di Villa Lante Center, abbiamo creato nuovi spazi di preghiera all&#8217;aperto, tra cui un giardino per la meditazione con un labirinto a forma di cuore, circondato da panchine, alberi, cactus, rose, ortensie, gigli e altri fiori. Secoli fa, i labirinti venivano creati [&hellip;]\" \/>\n<meta property=\"og:url\" content=\"https:\/\/villalanterome.org\/fr\/labyrinthe-de-priere\/\" \/>\n<meta property=\"og:site_name\" content=\"Villa Lante Center\" \/>\n<meta property=\"article:modified_time\" content=\"2026-05-07T17:45:00+00:00\" \/>\n<meta property=\"og:image\" content=\"https:\/\/villalanterome.org\/wp-content\/uploads\/2026\/05\/lab1.jpg\" \/>\n<meta name=\"twitter:card\" content=\"summary_large_image\" \/>\n<meta name=\"twitter:label1\" content=\"Dur\u00e9e de lecture estim\u00e9e\" \/>\n\t<meta name=\"twitter:data1\" content=\"2 minutes\" \/>\n<script type=\"application\/ld+json\" class=\"yoast-schema-graph\">{\"@context\":\"https:\\\/\\\/schema.org\",\"@graph\":[{\"@type\":\"WebPage\",\"@id\":\"https:\\\/\\\/villalanterome.org\\\/labirinto-di-preghiera\\\/\",\"url\":\"https:\\\/\\\/villalanterome.org\\\/labirinto-di-preghiera\\\/\",\"name\":\"Labirinto di preghiera - Villa Lante Center\",\"isPartOf\":{\"@id\":\"https:\\\/\\\/villalanterome.org\\\/#website\"},\"primaryImageOfPage\":{\"@id\":\"https:\\\/\\\/villalanterome.org\\\/labirinto-di-preghiera\\\/#primaryimage\"},\"image\":{\"@id\":\"https:\\\/\\\/villalanterome.org\\\/labirinto-di-preghiera\\\/#primaryimage\"},\"thumbnailUrl\":\"https:\\\/\\\/villalanterome.org\\\/wp-content\\\/uploads\\\/2026\\\/05\\\/lab1.jpg\",\"datePublished\":\"2026-05-06T16:03:34+00:00\",\"dateModified\":\"2026-05-07T17:45:00+00:00\",\"breadcrumb\":{\"@id\":\"https:\\\/\\\/villalanterome.org\\\/labirinto-di-preghiera\\\/#breadcrumb\"},\"inLanguage\":\"fr-FR\",\"potentialAction\":[{\"@type\":\"ReadAction\",\"target\":[\"https:\\\/\\\/villalanterome.org\\\/labirinto-di-preghiera\\\/\"]}]},{\"@type\":\"ImageObject\",\"inLanguage\":\"fr-FR\",\"@id\":\"https:\\\/\\\/villalanterome.org\\\/labirinto-di-preghiera\\\/#primaryimage\",\"url\":\"https:\\\/\\\/villalanterome.org\\\/wp-content\\\/uploads\\\/2026\\\/05\\\/lab1.jpg\",\"contentUrl\":\"https:\\\/\\\/villalanterome.org\\\/wp-content\\\/uploads\\\/2026\\\/05\\\/lab1.jpg\"},{\"@type\":\"BreadcrumbList\",\"@id\":\"https:\\\/\\\/villalanterome.org\\\/labirinto-di-preghiera\\\/#breadcrumb\",\"itemListElement\":[{\"@type\":\"ListItem\",\"position\":1,\"name\":\"Home\",\"item\":\"https:\\\/\\\/villalanterome.org\\\/\"},{\"@type\":\"ListItem\",\"position\":2,\"name\":\"Labirinto di preghiera\"}]},{\"@type\":\"WebSite\",\"@id\":\"https:\\\/\\\/villalanterome.org\\\/#website\",\"url\":\"https:\\\/\\\/villalanterome.org\\\/\",\"name\":\"Villa Lante Center\",\"description\":\"\",\"publisher\":{\"@id\":\"https:\\\/\\\/villalanterome.org\\\/#organization\"},\"potentialAction\":[{\"@type\":\"SearchAction\",\"target\":{\"@type\":\"EntryPoint\",\"urlTemplate\":\"https:\\\/\\\/villalanterome.org\\\/?s={search_term_string}\"},\"query-input\":{\"@type\":\"PropertyValueSpecification\",\"valueRequired\":true,\"valueName\":\"search_term_string\"}}],\"inLanguage\":\"fr-FR\"},{\"@type\":\"Organization\",\"@id\":\"https:\\\/\\\/villalanterome.org\\\/#organization\",\"name\":\"Villa Lante Center\",\"url\":\"https:\\\/\\\/villalanterome.org\\\/\",\"logo\":{\"@type\":\"ImageObject\",\"inLanguage\":\"fr-FR\",\"@id\":\"https:\\\/\\\/villalanterome.org\\\/#\\\/schema\\\/logo\\\/image\\\/\",\"url\":\"https:\\\/\\\/villalanterome.org\\\/wp-content\\\/uploads\\\/2021\\\/12\\\/cropped-logo-villa-lante-top-e1719995265234.png\",\"contentUrl\":\"https:\\\/\\\/villalanterome.org\\\/wp-content\\\/uploads\\\/2021\\\/12\\\/cropped-logo-villa-lante-top-e1719995265234.png\",\"width\":512,\"height\":512,\"caption\":\"Villa Lante Center\"},\"image\":{\"@id\":\"https:\\\/\\\/villalanterome.org\\\/#\\\/schema\\\/logo\\\/image\\\/\"}}]}<\/script>\n<!-- \/ Yoast SEO plugin. -->","yoast_head_json":{"title":"Labirinto di preghiera - Villa Lante Center","robots":{"index":"index","follow":"follow","max-snippet":"max-snippet:-1","max-image-preview":"max-image-preview:large","max-video-preview":"max-video-preview:-1"},"canonical":"https:\/\/villalanterome.org\/fr\/labyrinthe-de-priere\/","og_locale":"fr_FR","og_type":"article","og_title":"Labirinto di preghiera - Villa Lante Center","og_description":"Labirinto di preghiera Nell&#8217;ambito del progetto di rinnovamento del parco e dei giardini di Villa Lante Center, abbiamo creato nuovi spazi di preghiera all&#8217;aperto, tra cui un giardino per la meditazione con un labirinto a forma di cuore, circondato da panchine, alberi, cactus, rose, ortensie, gigli e altri fiori. Secoli fa, i labirinti venivano creati [&hellip;]","og_url":"https:\/\/villalanterome.org\/fr\/labyrinthe-de-priere\/","og_site_name":"Villa Lante Center","article_modified_time":"2026-05-07T17:45:00+00:00","og_image":[{"url":"https:\/\/villalanterome.org\/wp-content\/uploads\/2026\/05\/lab1.jpg","type":"","width":"","height":""}],"twitter_card":"summary_large_image","twitter_misc":{"Dur\u00e9e de lecture estim\u00e9e":"2 minutes"},"schema":{"@context":"https:\/\/schema.org","@graph":[{"@type":"WebPage","@id":"https:\/\/villalanterome.org\/labirinto-di-preghiera\/","url":"https:\/\/villalanterome.org\/labirinto-di-preghiera\/","name":"Labirinto di preghiera - Villa Lante Center","isPartOf":{"@id":"https:\/\/villalanterome.org\/#website"},"primaryImageOfPage":{"@id":"https:\/\/villalanterome.org\/labirinto-di-preghiera\/#primaryimage"},"image":{"@id":"https:\/\/villalanterome.org\/labirinto-di-preghiera\/#primaryimage"},"thumbnailUrl":"https:\/\/villalanterome.org\/wp-content\/uploads\/2026\/05\/lab1.jpg","datePublished":"2026-05-06T16:03:34+00:00","dateModified":"2026-05-07T17:45:00+00:00","breadcrumb":{"@id":"https:\/\/villalanterome.org\/labirinto-di-preghiera\/#breadcrumb"},"inLanguage":"fr-FR","potentialAction":[{"@type":"ReadAction","target":["https:\/\/villalanterome.org\/labirinto-di-preghiera\/"]}]},{"@type":"ImageObject","inLanguage":"fr-FR","@id":"https:\/\/villalanterome.org\/labirinto-di-preghiera\/#primaryimage","url":"https:\/\/villalanterome.org\/wp-content\/uploads\/2026\/05\/lab1.jpg","contentUrl":"https:\/\/villalanterome.org\/wp-content\/uploads\/2026\/05\/lab1.jpg"},{"@type":"BreadcrumbList","@id":"https:\/\/villalanterome.org\/labirinto-di-preghiera\/#breadcrumb","itemListElement":[{"@type":"ListItem","position":1,"name":"Home","item":"https:\/\/villalanterome.org\/"},{"@type":"ListItem","position":2,"name":"Labirinto di preghiera"}]},{"@type":"WebSite","@id":"https:\/\/villalanterome.org\/#website","url":"https:\/\/villalanterome.org\/","name":"Villa Lante Center","description":"","publisher":{"@id":"https:\/\/villalanterome.org\/#organization"},"potentialAction":[{"@type":"SearchAction","target":{"@type":"EntryPoint","urlTemplate":"https:\/\/villalanterome.org\/?s={search_term_string}"},"query-input":{"@type":"PropertyValueSpecification","valueRequired":true,"valueName":"search_term_string"}}],"inLanguage":"fr-FR"},{"@type":"Organization","@id":"https:\/\/villalanterome.org\/#organization","name":"Villa Lante Center","url":"https:\/\/villalanterome.org\/","logo":{"@type":"ImageObject","inLanguage":"fr-FR","@id":"https:\/\/villalanterome.org\/#\/schema\/logo\/image\/","url":"https:\/\/villalanterome.org\/wp-content\/uploads\/2021\/12\/cropped-logo-villa-lante-top-e1719995265234.png","contentUrl":"https:\/\/villalanterome.org\/wp-content\/uploads\/2021\/12\/cropped-logo-villa-lante-top-e1719995265234.png","width":512,"height":512,"caption":"Villa Lante Center"},"image":{"@id":"https:\/\/villalanterome.org\/#\/schema\/logo\/image\/"}}]}},"_links":{"self":[{"href":"https:\/\/villalanterome.org\/fr\/wp-json\/wp\/v2\/pages\/78575","targetHints":{"allow":["GET"]}}],"collection":[{"href":"https:\/\/villalanterome.org\/fr\/wp-json\/wp\/v2\/pages"}],"about":[{"href":"https:\/\/villalanterome.org\/fr\/wp-json\/wp\/v2\/types\/page"}],"author":[{"embeddable":true,"href":"https:\/\/villalanterome.org\/fr\/wp-json\/wp\/v2\/users\/7"}],"replies":[{"embeddable":true,"href":"https:\/\/villalanterome.org\/fr\/wp-json\/wp\/v2\/comments?post=78575"}],"version-history":[{"count":8,"href":"https:\/\/villalanterome.org\/fr\/wp-json\/wp\/v2\/pages\/78575\/revisions"}],"predecessor-version":[{"id":78586,"href":"https:\/\/villalanterome.org\/fr\/wp-json\/wp\/v2\/pages\/78575\/revisions\/78586"}],"wp:attachment":[{"href":"https:\/\/villalanterome.org\/fr\/wp-json\/wp\/v2\/media?parent=78575"}],"curies":[{"name":"wp","href":"https:\/\/api.w.org\/{rel}","templated":true}]}}