{"id":77762,"date":"2024-09-18T17:29:56","date_gmt":"2024-09-18T15:29:56","guid":{"rendered":"https:\/\/villalanterome.org\/?page_id=77762"},"modified":"2024-09-24T10:26:00","modified_gmt":"2024-09-24T08:26:00","slug":"activite","status":"publish","type":"page","link":"https:\/\/villalanterome.org\/fr\/activite\/","title":{"rendered":"Activit\u00e9"},"content":{"rendered":"<div data-elementor-type=\"wp-page\" data-elementor-id=\"77762\" class=\"elementor elementor-77762\" data-elementor-post-type=\"page\">\n\t\t\t\t\t\t<section class=\"elementor-section elementor-top-section elementor-element elementor-element-13760a8 elementor-reverse-tablet elementor-reverse-mobile elementor-section-boxed elementor-section-height-default elementor-section-height-default\" data-id=\"13760a8\" data-element_type=\"section\" data-e-type=\"section\" data-settings=\"{&quot;background_background&quot;:&quot;classic&quot;,&quot;jet_parallax_layout_list&quot;:[]}\">\n\t\t\t\t\t\t\t<div class=\"elementor-background-overlay\"><\/div>\n\t\t\t\t\t\t\t<div class=\"elementor-container elementor-column-gap-wider\">\n\t\t\t\t\t<div class=\"elementor-column elementor-col-100 elementor-top-column elementor-element elementor-element-3fddcef\" data-id=\"3fddcef\" data-element_type=\"column\" data-e-type=\"column\">\n\t\t\t<div class=\"elementor-widget-wrap elementor-element-populated\">\n\t\t\t\t\t\t<div class=\"elementor-element elementor-element-c0794ab elementor-widget elementor-widget-spacer\" data-id=\"c0794ab\" data-element_type=\"widget\" data-e-type=\"widget\" data-widget_type=\"spacer.default\">\n\t\t\t\t<div class=\"elementor-widget-container\">\n\t\t\t\t\t\t\t<div class=\"elementor-spacer\">\n\t\t\t<div class=\"elementor-spacer-inner\"><\/div>\n\t\t<\/div>\n\t\t\t\t\t\t<\/div>\n\t\t\t\t<\/div>\n\t\t\t\t<div class=\"elementor-element elementor-element-ad83ab5 elementor-widget__width-initial elementor-widget elementor-widget-heading\" data-id=\"ad83ab5\" data-element_type=\"widget\" data-e-type=\"widget\" data-widget_type=\"heading.default\">\n\t\t\t\t<div class=\"elementor-widget-container\">\n\t\t\t\t\t<h1 class=\"elementor-heading-title elementor-size-default\">Activit\u00e9<\/h1>\t\t\t\t<\/div>\n\t\t\t\t<\/div>\n\t\t\t\t\t<\/div>\n\t\t<\/div>\n\t\t\t\t\t<\/div>\n\t\t<\/section>\n\t\t\t\t<section class=\"elementor-section elementor-top-section elementor-element elementor-element-65ea903 elementor-reverse-mobile elementor-section-boxed elementor-section-height-default elementor-section-height-default\" data-id=\"65ea903\" data-element_type=\"section\" data-e-type=\"section\" data-settings=\"{&quot;background_background&quot;:&quot;classic&quot;,&quot;jet_parallax_layout_list&quot;:[]}\">\n\t\t\t\t\t\t<div class=\"elementor-container elementor-column-gap-wider\">\n\t\t\t\t\t<div class=\"elementor-column elementor-col-50 elementor-top-column elementor-element elementor-element-d35a8eb\" data-id=\"d35a8eb\" data-element_type=\"column\" data-e-type=\"column\">\n\t\t\t<div class=\"elementor-widget-wrap elementor-element-populated\">\n\t\t\t\t\t\t<div class=\"elementor-element elementor-element-80eca7b elementor-widget elementor-widget-gallery\" data-id=\"80eca7b\" data-element_type=\"widget\" data-e-type=\"widget\" data-settings=\"{&quot;columns&quot;:1,&quot;gap&quot;:{&quot;unit&quot;:&quot;px&quot;,&quot;size&quot;:20,&quot;sizes&quot;:[]},&quot;lazyload&quot;:&quot;yes&quot;,&quot;gallery_layout&quot;:&quot;grid&quot;,&quot;columns_tablet&quot;:2,&quot;columns_mobile&quot;:1,&quot;gap_tablet&quot;:{&quot;unit&quot;:&quot;px&quot;,&quot;size&quot;:10,&quot;sizes&quot;:[]},&quot;gap_mobile&quot;:{&quot;unit&quot;:&quot;px&quot;,&quot;size&quot;:10,&quot;sizes&quot;:[]},&quot;link_to&quot;:&quot;file&quot;,&quot;aspect_ratio&quot;:&quot;3:2&quot;,&quot;overlay_background&quot;:&quot;yes&quot;,&quot;content_hover_animation&quot;:&quot;fade-in&quot;}\" data-widget_type=\"gallery.default\">\n\t\t\t\t<div class=\"elementor-widget-container\">\n\t\t\t\t\t\t\t<div class=\"elementor-gallery__container\">\n\t\t\t\t\t\t\t<a class=\"e-gallery-item elementor-gallery-item elementor-animated-content\" href=\"https:\/\/villalanterome.org\/wp-content\/uploads\/2024\/09\/Church2-rotated.jpg\" data-elementor-open-lightbox=\"yes\" data-elementor-lightbox-slideshow=\"80eca7b\" data-e-action-hash=\"#elementor-action%3Aaction%3Dlightbox%26settings%3DeyJpZCI6NzgwMjQsInVybCI6Imh0dHBzOlwvXC92aWxsYWxhbnRlcm9tZS5vcmdcL3dwLWNvbnRlbnRcL3VwbG9hZHNcLzIwMjRcLzA5XC9DaHVyY2gyLXJvdGF0ZWQuanBnIiwic2xpZGVzaG93IjoiODBlY2E3YiJ9\">\n\t\t\t\t\t<div class=\"e-gallery-image elementor-gallery-item__image\" data-thumbnail=\"https:\/\/villalanterome.org\/wp-content\/uploads\/2024\/09\/Church2-rotated.jpg\" data-width=\"480\" data-height=\"640\" aria-label=\"\" role=\"img\" ><\/div>\n\t\t\t\t\t\t\t\t\t\t\t<div class=\"elementor-gallery-item__overlay\"><\/div>\n\t\t\t\t\t\t\t\t\t\t\t\t\t\t<\/a>\n\t\t\t\t\t\t\t<a class=\"e-gallery-item elementor-gallery-item elementor-animated-content\" href=\"https:\/\/villalanterome.org\/wp-content\/uploads\/2024\/09\/20240712_164251.jpg\" data-elementor-open-lightbox=\"yes\" data-elementor-lightbox-slideshow=\"80eca7b\" data-e-action-hash=\"#elementor-action%3Aaction%3Dlightbox%26settings%3DeyJpZCI6Nzc3NjYsInVybCI6Imh0dHBzOlwvXC92aWxsYWxhbnRlcm9tZS5vcmdcL3dwLWNvbnRlbnRcL3VwbG9hZHNcLzIwMjRcLzA5XC8yMDI0MDcxMl8xNjQyNTEuanBnIiwic2xpZGVzaG93IjoiODBlY2E3YiJ9\">\n\t\t\t\t\t<div class=\"e-gallery-image elementor-gallery-item__image\" data-thumbnail=\"https:\/\/villalanterome.org\/wp-content\/uploads\/2024\/09\/20240712_164251-768x576.jpg\" data-width=\"768\" data-height=\"576\" aria-label=\"\" role=\"img\" ><\/div>\n\t\t\t\t\t\t\t\t\t\t\t<div class=\"elementor-gallery-item__overlay\"><\/div>\n\t\t\t\t\t\t\t\t\t\t\t\t\t\t<\/a>\n\t\t\t\t\t\t\t<a class=\"e-gallery-item elementor-gallery-item elementor-animated-content\" href=\"https:\/\/villalanterome.org\/wp-content\/uploads\/2024\/09\/Subiaco-3.jpg\" data-elementor-open-lightbox=\"yes\" data-elementor-lightbox-slideshow=\"80eca7b\" data-e-action-hash=\"#elementor-action%3Aaction%3Dlightbox%26settings%3DeyJpZCI6Nzc3NjksInVybCI6Imh0dHBzOlwvXC92aWxsYWxhbnRlcm9tZS5vcmdcL3dwLWNvbnRlbnRcL3VwbG9hZHNcLzIwMjRcLzA5XC9TdWJpYWNvLTMuanBnIiwic2xpZGVzaG93IjoiODBlY2E3YiJ9\">\n\t\t\t\t\t<div class=\"e-gallery-image elementor-gallery-item__image\" data-thumbnail=\"https:\/\/villalanterome.org\/wp-content\/uploads\/2024\/09\/Subiaco-3-768x576.jpg\" data-width=\"768\" data-height=\"576\" aria-label=\"\" role=\"img\" ><\/div>\n\t\t\t\t\t\t\t\t\t\t\t<div class=\"elementor-gallery-item__overlay\"><\/div>\n\t\t\t\t\t\t\t\t\t\t\t\t\t\t<\/a>\n\t\t\t\t\t\t\t<a class=\"e-gallery-item elementor-gallery-item elementor-animated-content\" href=\"https:\/\/villalanterome.org\/wp-content\/uploads\/2024\/09\/20240814_111729-rotated.jpg\" data-elementor-open-lightbox=\"yes\" data-elementor-lightbox-slideshow=\"80eca7b\" data-e-action-hash=\"#elementor-action%3Aaction%3Dlightbox%26settings%3DeyJpZCI6Nzc3NjcsInVybCI6Imh0dHBzOlwvXC92aWxsYWxhbnRlcm9tZS5vcmdcL3dwLWNvbnRlbnRcL3VwbG9hZHNcLzIwMjRcLzA5XC8yMDI0MDgxNF8xMTE3Mjktcm90YXRlZC5qcGciLCJzbGlkZXNob3ciOiI4MGVjYTdiIn0%3D\">\n\t\t\t\t\t<div class=\"e-gallery-image elementor-gallery-item__image\" data-thumbnail=\"https:\/\/villalanterome.org\/wp-content\/uploads\/2024\/09\/20240814_111729-rotated.jpg\" data-width=\"675\" data-height=\"900\" aria-label=\"\" role=\"img\" ><\/div>\n\t\t\t\t\t\t\t\t\t\t\t<div class=\"elementor-gallery-item__overlay\"><\/div>\n\t\t\t\t\t\t\t\t\t\t\t\t\t\t<\/a>\n\t\t\t\t\t\t\t<a class=\"e-gallery-item elementor-gallery-item elementor-animated-content\" href=\"https:\/\/villalanterome.org\/wp-content\/uploads\/2024\/09\/sala-con-gente-2.jpg\" data-elementor-open-lightbox=\"yes\" data-elementor-lightbox-slideshow=\"80eca7b\" data-e-action-hash=\"#elementor-action%3Aaction%3Dlightbox%26settings%3DeyJpZCI6Nzc3NjgsInVybCI6Imh0dHBzOlwvXC92aWxsYWxhbnRlcm9tZS5vcmdcL3dwLWNvbnRlbnRcL3VwbG9hZHNcLzIwMjRcLzA5XC9zYWxhLWNvbi1nZW50ZS0yLmpwZyIsInNsaWRlc2hvdyI6IjgwZWNhN2IifQ%3D%3D\">\n\t\t\t\t\t<div class=\"e-gallery-image elementor-gallery-item__image\" data-thumbnail=\"https:\/\/villalanterome.org\/wp-content\/uploads\/2024\/09\/sala-con-gente-2-768x576.jpg\" data-width=\"768\" data-height=\"576\" aria-label=\"\" role=\"img\" ><\/div>\n\t\t\t\t\t\t\t\t\t\t\t<div class=\"elementor-gallery-item__overlay\"><\/div>\n\t\t\t\t\t\t\t\t\t\t\t\t\t\t<\/a>\n\t\t\t\t\t<\/div>\n\t\t\t\t\t<\/div>\n\t\t\t\t<\/div>\n\t\t\t\t\t<\/div>\n\t\t<\/div>\n\t\t\t\t<div class=\"elementor-column elementor-col-50 elementor-top-column elementor-element elementor-element-608c6fd\" data-id=\"608c6fd\" data-element_type=\"column\" data-e-type=\"column\">\n\t\t\t<div class=\"elementor-widget-wrap elementor-element-populated\">\n\t\t\t\t\t\t<div class=\"elementor-element elementor-element-bee2ae2 elementor-widget elementor-widget-heading\" data-id=\"bee2ae2\" data-element_type=\"widget\" data-e-type=\"widget\" data-widget_type=\"heading.default\">\n\t\t\t\t<div class=\"elementor-widget-container\">\n\t\t\t\t\t<h2 class=\"elementor-heading-title elementor-size-default\">Activit\u00e9<\/h2>\t\t\t\t<\/div>\n\t\t\t\t<\/div>\n\t\t\t\t<div class=\"elementor-element elementor-element-3649443 elementor-widget elementor-widget-text-editor\" data-id=\"3649443\" data-element_type=\"widget\" data-e-type=\"widget\" data-widget_type=\"text-editor.default\">\n\t\t\t\t<div class=\"elementor-widget-container\">\n\t\t\t\t\t\t\t\t\t<p>Le Centre de formation pour religieux et la\u00efcs de Villa Lante est ravi de vous proposer des initiatives au sein ou en dehors de notre structure et vous invite \u00e0 les programmer \u00e0 nos c\u00f4t\u00e9s.<\/p><p>Nous savons que de nombreux groupes viendront chez nous avec un programme d\u00e9j\u00e0 \u00e9tabli pr\u00e9voyant des cours de formation (en utilisant \u00e9ventuellement nos salles multim\u00e9dia), des r\u00e9unions et des visites dans la ville de Rome. Les propositions que vous lirez dans cette rubrique ont pour but d'enrichir et de compl\u00e9ter les activit\u00e9s que vous avez pr\u00e9alablement organis\u00e9es ou de vous donner l'occasion de mettre en \u0153uvre un programme s'appuyant sur nos nombreuses ann\u00e9es d'exp\u00e9rience en mati\u00e8re de formations, de retraites spirituelles et de visites guid\u00e9es dans la ville de Rome.<\/p>\t\t\t\t\t\t\t\t<\/div>\n\t\t\t\t<\/div>\n\t\t\t\t<div class=\"elementor-element elementor-element-57f82fa elementor-widget elementor-widget-heading\" data-id=\"57f82fa\" data-element_type=\"widget\" data-e-type=\"widget\" data-widget_type=\"heading.default\">\n\t\t\t\t<div class=\"elementor-widget-container\">\n\t\t\t\t\t<h2 class=\"elementor-heading-title elementor-size-default\">QUE POUVONS-NOUS FAIRE POUR VOUS ET AVEC VOUS?<\/h2>\t\t\t\t<\/div>\n\t\t\t\t<\/div>\n\t\t\t\t<div class=\"elementor-element elementor-element-68af514 elementor-widget elementor-widget-text-editor\" data-id=\"68af514\" data-element_type=\"widget\" data-e-type=\"widget\" data-widget_type=\"text-editor.default\">\n\t\t\t\t<div class=\"elementor-widget-container\">\n\t\t\t\t\t\t\t\t\t<p><strong>Logistique<br \/><\/strong>Nous pouvons vous aider \u00e0 g\u00e9rer les aspects logistiques de votre s\u00e9jour avant m\u00eame votre arriv\u00e9e : r\u00e9servations pour les audiences papales, aide \u00e0 l'organisation de voyages et d'excursions en Italie, r\u00e9servations de restaurants \u00e0 Rome ou ailleurs, organisation de transferts depuis et vers l'a\u00e9roport. Une fois \u00e0 la Villa Lante, vous pourrez demander une session d'orientation au cours de laquelle nous vous fournirons un ensemble d'informations pratiques qui vous permettront de vous orienter dans la ville et de vous familiariser avec le quartier de Trastevere.<\/p><p>Si vous avez l\u2019intention d\u2019utiliser nos salles multim\u00e9dia et que votre groupe est plurilingue, nous pourrons vous aider \u00e0 trouver des interpr\u00e8tes.<\/p><p><strong>Conf\u00e9rences<\/strong><br \/>Si vous le souhaitez, nous pouvons organiser des conf\u00e9rences en italien ou en anglais sur l'histoire et l'actualit\u00e9 de Rome. Ces conf\u00e9rences peuvent porter sur la culture g\u00e9n\u00e9rale, l'histoire de l'art ou l'histoire de la Rome antique ou, par exemple, sur l'histoire fascinante de la diffusion des \u00e9coles du Sacr\u00e9-C\u0153ur dans le monde et sur les caract\u00e9ristiques de la p\u00e9dagogie qui y est appliqu\u00e9e.<\/p><p><strong>Visites guid\u00e9es<\/strong><br \/>Voici quelques propositions de visites accompagn\u00e9es \u00e0 Rome que nous pouvons organiser pour vous:<\/p><ul><li class=\"translation-block\">\u00c9cole du Sacr\u00e9-C\u0153ur de la Trinit\u00e9-des-Monts o\u00f9 il est possible de voir la fresque originale de <em>Mater Admirabilis<\/em>, reproduite dans les \u00e9coles du Sacr\u00e9-C\u0153ur du monde entier.<\/li><li>Basilique Saint-Pierre<\/li><li>Mus\u00e9es du Vatican et Chapelle Sixtine<\/li><li>Catacombes de Saint S\u00e9bastien et promenade sur l\u2019Appia Antica<\/li><li>Magnifiques \u00e9glises pal\u00e9ochr\u00e9tiennes : Saint-Cl\u00e9ment, Santa Prassede et Santa Pudenziana<\/li><li>Tour des \u00e9glises de Caravage et Bernini, artistes de la Renaissance catholique du XVIIe si\u00e8cle<\/li><\/ul>\t\t\t\t\t\t\t\t<\/div>\n\t\t\t\t<\/div>\n\t\t\t\t<div class=\"elementor-element elementor-element-034d86b elementor-widget elementor-widget-heading\" data-id=\"034d86b\" data-element_type=\"widget\" data-e-type=\"widget\" data-widget_type=\"heading.default\">\n\t\t\t\t<div class=\"elementor-widget-container\">\n\t\t\t\t\t<h2 class=\"elementor-heading-title elementor-size-default\">COURS DE 10 HEURES, EN CLASSE ET EN VILLE<\/h2>\t\t\t\t<\/div>\n\t\t\t\t<\/div>\n\t\t\t\t<div class=\"elementor-element elementor-element-88a2791 elementor-widget elementor-widget-text-editor\" data-id=\"88a2791\" data-element_type=\"widget\" data-e-type=\"widget\" data-widget_type=\"text-editor.default\">\n\t\t\t\t<div class=\"elementor-widget-container\">\n\t\t\t\t\t\t\t\t\t<ul><li>Sainte Madeleine Sophie Barat \u00e0 Rome et l\u2019histoire de la Soci\u00e9t\u00e9 du Sacr\u00e9-C\u0153ur, avec visite du mus\u00e9e qui lui y est d\u00e9di\u00e9 et des Archives g\u00e9n\u00e9rales de la congr\u00e9gation<\/li><li>Rome antique et Rome chr\u00e9tienne : la transition de la capitale de l\u2019Empire \u00e0 la capitale de la Chr\u00e9tient\u00e9<\/li><li>Premiers martyrs chr\u00e9tiens et martyrs chr\u00e9tiens de notre \u00e8re<\/li><li>L\u2019art italien entre la Renaissance et le Baroque : Michel-Ange, Rapha\u00ebl, Caravage, Bernini et Borromini. Visites guid\u00e9es des Mus\u00e9es du Vatican et des \u00e9glises de Caravage<\/li><li>L\u2019enseignement social de l\u2019\u00c9glise contemporaine, entre \u00e9cologie et justice sociale<\/li><\/ul><p>Avec l'aide de la communaut\u00e9 des s\u0153urs de la Soci\u00e9t\u00e9 du Sacr\u00e9-C\u0153ur, nous pr\u00e9voyons d'organiser des semaines de retraite spirituelle guid\u00e9e \u00e0 th\u00e8me pour les groupes en anglais, fran\u00e7ais, italien et cor\u00e9en, ou d'accueillir des groupes et leurs animateurs ayant besoin d\u2019un espace pour leurs propres retraites spirituelles.<\/p><p><a style=\"color: #b90101;\" href=\"https:\/\/villalanterome.org\/fr\/nous-contacter\/\"><strong>Contactez-nous<\/strong><\/a> pour obtenir plus d\u2019informations et cr\u00e9er votre programme \u00e0 Rome avec l\u2019\u00e9quipe de Villa Lante Center!<\/p>\t\t\t\t\t\t\t\t<\/div>\n\t\t\t\t<\/div>\n\t\t\t\t\t<\/div>\n\t\t<\/div>\n\t\t\t\t\t<\/div>\n\t\t<\/section>\n\t\t\t\t<\/div>","protected":false},"excerpt":{"rendered":"<p>Attivit\u00e0 Attivit\u00e0 Il Centro di Formazione per Religiosi e Laici di Villa Lante \u00e8 felice di invitarvi a programmare insieme le numerose iniziative possibili all\u2019interno e all\u2019esterno della Casa. Sappiamo che molti gruppi arriveranno da noi con un progetto gi\u00e0 stabilito di seminari di formazione, magari approfittando le nostre sale multimediali, incontri e visite in [&hellip;]<\/p>\n","protected":false},"author":1,"featured_media":0,"parent":0,"menu_order":21,"comment_status":"closed","ping_status":"closed","template":"elementor_header_footer","meta":{"footnotes":""},"class_list":["post-77762","page","type-page","status-publish","hentry"],"yoast_head":"<!-- This site is optimized with the Yoast SEO plugin v27.4 - https:\/\/yoast.com\/product\/yoast-seo-wordpress\/ -->\n<title>Attivit\u00e0 - Villa Lante Center<\/title>\n<meta name=\"robots\" content=\"index, follow, max-snippet:-1, max-image-preview:large, max-video-preview:-1\" \/>\n<link rel=\"canonical\" href=\"https:\/\/villalanterome.org\/fr\/activite\/\" \/>\n<meta property=\"og:locale\" content=\"fr_FR\" \/>\n<meta property=\"og:type\" content=\"article\" \/>\n<meta property=\"og:title\" content=\"Attivit\u00e0 - Villa Lante Center\" \/>\n<meta property=\"og:description\" content=\"Attivit\u00e0 Attivit\u00e0 Il Centro di Formazione per Religiosi e Laici di Villa Lante \u00e8 felice di invitarvi a programmare insieme le numerose iniziative possibili all\u2019interno e all\u2019esterno della Casa. Sappiamo che molti gruppi arriveranno da noi con un progetto gi\u00e0 stabilito di seminari di formazione, magari approfittando le nostre sale multimediali, incontri e visite in [&hellip;]\" \/>\n<meta property=\"og:url\" content=\"https:\/\/villalanterome.org\/fr\/activite\/\" \/>\n<meta property=\"og:site_name\" content=\"Villa Lante Center\" \/>\n<meta property=\"article:modified_time\" content=\"2024-09-24T08:26:00+00:00\" \/>\n<meta name=\"twitter:card\" content=\"summary_large_image\" \/>\n<meta name=\"twitter:label1\" content=\"Dur\u00e9e de lecture estim\u00e9e\" \/>\n\t<meta name=\"twitter:data1\" content=\"3 minutes\" \/>\n<script type=\"application\/ld+json\" class=\"yoast-schema-graph\">{\"@context\":\"https:\\\/\\\/schema.org\",\"@graph\":[{\"@type\":\"WebPage\",\"@id\":\"https:\\\/\\\/villalanterome.org\\\/attivita\\\/\",\"url\":\"https:\\\/\\\/villalanterome.org\\\/attivita\\\/\",\"name\":\"Attivit\u00e0 - Villa Lante Center\",\"isPartOf\":{\"@id\":\"https:\\\/\\\/villalanterome.org\\\/#website\"},\"datePublished\":\"2024-09-18T15:29:56+00:00\",\"dateModified\":\"2024-09-24T08:26:00+00:00\",\"breadcrumb\":{\"@id\":\"https:\\\/\\\/villalanterome.org\\\/attivita\\\/#breadcrumb\"},\"inLanguage\":\"fr-FR\",\"potentialAction\":[{\"@type\":\"ReadAction\",\"target\":[\"https:\\\/\\\/villalanterome.org\\\/attivita\\\/\"]}]},{\"@type\":\"BreadcrumbList\",\"@id\":\"https:\\\/\\\/villalanterome.org\\\/attivita\\\/#breadcrumb\",\"itemListElement\":[{\"@type\":\"ListItem\",\"position\":1,\"name\":\"Home\",\"item\":\"https:\\\/\\\/villalanterome.org\\\/\"},{\"@type\":\"ListItem\",\"position\":2,\"name\":\"Attivit\u00e0\"}]},{\"@type\":\"WebSite\",\"@id\":\"https:\\\/\\\/villalanterome.org\\\/#website\",\"url\":\"https:\\\/\\\/villalanterome.org\\\/\",\"name\":\"Villa Lante Center\",\"description\":\"\",\"publisher\":{\"@id\":\"https:\\\/\\\/villalanterome.org\\\/#organization\"},\"potentialAction\":[{\"@type\":\"SearchAction\",\"target\":{\"@type\":\"EntryPoint\",\"urlTemplate\":\"https:\\\/\\\/villalanterome.org\\\/?s={search_term_string}\"},\"query-input\":{\"@type\":\"PropertyValueSpecification\",\"valueRequired\":true,\"valueName\":\"search_term_string\"}}],\"inLanguage\":\"fr-FR\"},{\"@type\":\"Organization\",\"@id\":\"https:\\\/\\\/villalanterome.org\\\/#organization\",\"name\":\"Villa Lante Center\",\"url\":\"https:\\\/\\\/villalanterome.org\\\/\",\"logo\":{\"@type\":\"ImageObject\",\"inLanguage\":\"fr-FR\",\"@id\":\"https:\\\/\\\/villalanterome.org\\\/#\\\/schema\\\/logo\\\/image\\\/\",\"url\":\"https:\\\/\\\/villalanterome.org\\\/wp-content\\\/uploads\\\/2021\\\/12\\\/cropped-logo-villa-lante-top-e1719995265234.png\",\"contentUrl\":\"https:\\\/\\\/villalanterome.org\\\/wp-content\\\/uploads\\\/2021\\\/12\\\/cropped-logo-villa-lante-top-e1719995265234.png\",\"width\":512,\"height\":512,\"caption\":\"Villa Lante Center\"},\"image\":{\"@id\":\"https:\\\/\\\/villalanterome.org\\\/#\\\/schema\\\/logo\\\/image\\\/\"}}]}<\/script>\n<!-- \/ Yoast SEO plugin. -->","yoast_head_json":{"title":"Attivit\u00e0 - Villa Lante Center","robots":{"index":"index","follow":"follow","max-snippet":"max-snippet:-1","max-image-preview":"max-image-preview:large","max-video-preview":"max-video-preview:-1"},"canonical":"https:\/\/villalanterome.org\/fr\/activite\/","og_locale":"fr_FR","og_type":"article","og_title":"Attivit\u00e0 - Villa Lante Center","og_description":"Attivit\u00e0 Attivit\u00e0 Il Centro di Formazione per Religiosi e Laici di Villa Lante \u00e8 felice di invitarvi a programmare insieme le numerose iniziative possibili all\u2019interno e all\u2019esterno della Casa. Sappiamo che molti gruppi arriveranno da noi con un progetto gi\u00e0 stabilito di seminari di formazione, magari approfittando le nostre sale multimediali, incontri e visite in [&hellip;]","og_url":"https:\/\/villalanterome.org\/fr\/activite\/","og_site_name":"Villa Lante Center","article_modified_time":"2024-09-24T08:26:00+00:00","twitter_card":"summary_large_image","twitter_misc":{"Dur\u00e9e de lecture estim\u00e9e":"3 minutes"},"schema":{"@context":"https:\/\/schema.org","@graph":[{"@type":"WebPage","@id":"https:\/\/villalanterome.org\/attivita\/","url":"https:\/\/villalanterome.org\/attivita\/","name":"Attivit\u00e0 - Villa Lante Center","isPartOf":{"@id":"https:\/\/villalanterome.org\/#website"},"datePublished":"2024-09-18T15:29:56+00:00","dateModified":"2024-09-24T08:26:00+00:00","breadcrumb":{"@id":"https:\/\/villalanterome.org\/attivita\/#breadcrumb"},"inLanguage":"fr-FR","potentialAction":[{"@type":"ReadAction","target":["https:\/\/villalanterome.org\/attivita\/"]}]},{"@type":"BreadcrumbList","@id":"https:\/\/villalanterome.org\/attivita\/#breadcrumb","itemListElement":[{"@type":"ListItem","position":1,"name":"Home","item":"https:\/\/villalanterome.org\/"},{"@type":"ListItem","position":2,"name":"Attivit\u00e0"}]},{"@type":"WebSite","@id":"https:\/\/villalanterome.org\/#website","url":"https:\/\/villalanterome.org\/","name":"Villa Lante Center","description":"","publisher":{"@id":"https:\/\/villalanterome.org\/#organization"},"potentialAction":[{"@type":"SearchAction","target":{"@type":"EntryPoint","urlTemplate":"https:\/\/villalanterome.org\/?s={search_term_string}"},"query-input":{"@type":"PropertyValueSpecification","valueRequired":true,"valueName":"search_term_string"}}],"inLanguage":"fr-FR"},{"@type":"Organization","@id":"https:\/\/villalanterome.org\/#organization","name":"Villa Lante Center","url":"https:\/\/villalanterome.org\/","logo":{"@type":"ImageObject","inLanguage":"fr-FR","@id":"https:\/\/villalanterome.org\/#\/schema\/logo\/image\/","url":"https:\/\/villalanterome.org\/wp-content\/uploads\/2021\/12\/cropped-logo-villa-lante-top-e1719995265234.png","contentUrl":"https:\/\/villalanterome.org\/wp-content\/uploads\/2021\/12\/cropped-logo-villa-lante-top-e1719995265234.png","width":512,"height":512,"caption":"Villa Lante Center"},"image":{"@id":"https:\/\/villalanterome.org\/#\/schema\/logo\/image\/"}}]}},"_links":{"self":[{"href":"https:\/\/villalanterome.org\/fr\/wp-json\/wp\/v2\/pages\/77762","targetHints":{"allow":["GET"]}}],"collection":[{"href":"https:\/\/villalanterome.org\/fr\/wp-json\/wp\/v2\/pages"}],"about":[{"href":"https:\/\/villalanterome.org\/fr\/wp-json\/wp\/v2\/types\/page"}],"author":[{"embeddable":true,"href":"https:\/\/villalanterome.org\/fr\/wp-json\/wp\/v2\/users\/1"}],"replies":[{"embeddable":true,"href":"https:\/\/villalanterome.org\/fr\/wp-json\/wp\/v2\/comments?post=77762"}],"version-history":[{"count":50,"href":"https:\/\/villalanterome.org\/fr\/wp-json\/wp\/v2\/pages\/77762\/revisions"}],"predecessor-version":[{"id":78113,"href":"https:\/\/villalanterome.org\/fr\/wp-json\/wp\/v2\/pages\/77762\/revisions\/78113"}],"wp:attachment":[{"href":"https:\/\/villalanterome.org\/fr\/wp-json\/wp\/v2\/media?parent=77762"}],"curies":[{"name":"wp","href":"https:\/\/api.w.org\/{rel}","templated":true}]}}