{"id":77719,"date":"2024-09-16T15:56:42","date_gmt":"2024-09-16T13:56:42","guid":{"rendered":"https:\/\/villalanterome.org\/?page_id=77719"},"modified":"2025-07-02T17:14:18","modified_gmt":"2025-07-02T15:14:18","slug":"accueil-et-services","status":"publish","type":"page","link":"https:\/\/villalanterome.org\/fr\/accueil-et-services\/","title":{"rendered":"Accueil et services"},"content":{"rendered":"<div data-elementor-type=\"wp-page\" data-elementor-id=\"77719\" class=\"elementor elementor-77719\" data-elementor-post-type=\"page\">\n\t\t\t\t\t\t<section class=\"elementor-section elementor-top-section elementor-element elementor-element-13760a8 elementor-reverse-tablet elementor-reverse-mobile elementor-section-boxed elementor-section-height-default elementor-section-height-default\" data-id=\"13760a8\" data-element_type=\"section\" data-e-type=\"section\" data-settings=\"{&quot;background_background&quot;:&quot;classic&quot;,&quot;jet_parallax_layout_list&quot;:[]}\">\n\t\t\t\t\t\t\t<div class=\"elementor-background-overlay\"><\/div>\n\t\t\t\t\t\t\t<div class=\"elementor-container elementor-column-gap-wider\">\n\t\t\t\t\t<div class=\"elementor-column elementor-col-100 elementor-top-column elementor-element elementor-element-3fddcef\" data-id=\"3fddcef\" data-element_type=\"column\" data-e-type=\"column\">\n\t\t\t<div class=\"elementor-widget-wrap elementor-element-populated\">\n\t\t\t\t\t\t<div class=\"elementor-element elementor-element-c0794ab elementor-widget elementor-widget-spacer\" data-id=\"c0794ab\" data-element_type=\"widget\" data-e-type=\"widget\" data-widget_type=\"spacer.default\">\n\t\t\t\t<div class=\"elementor-widget-container\">\n\t\t\t\t\t\t\t<div class=\"elementor-spacer\">\n\t\t\t<div class=\"elementor-spacer-inner\"><\/div>\n\t\t<\/div>\n\t\t\t\t\t\t<\/div>\n\t\t\t\t<\/div>\n\t\t\t\t<div class=\"elementor-element elementor-element-ad83ab5 elementor-widget__width-initial elementor-widget elementor-widget-heading\" data-id=\"ad83ab5\" data-element_type=\"widget\" data-e-type=\"widget\" data-widget_type=\"heading.default\">\n\t\t\t\t<div class=\"elementor-widget-container\">\n\t\t\t\t\t<h1 class=\"elementor-heading-title elementor-size-default\">Accueil et services<\/h1>\t\t\t\t<\/div>\n\t\t\t\t<\/div>\n\t\t\t\t\t<\/div>\n\t\t<\/div>\n\t\t\t\t\t<\/div>\n\t\t<\/section>\n\t\t\t\t<section class=\"elementor-section elementor-top-section elementor-element elementor-element-65ea903 elementor-reverse-mobile elementor-section-boxed elementor-section-height-default elementor-section-height-default\" data-id=\"65ea903\" data-element_type=\"section\" data-e-type=\"section\" data-settings=\"{&quot;background_background&quot;:&quot;classic&quot;,&quot;jet_parallax_layout_list&quot;:[]}\">\n\t\t\t\t\t\t<div class=\"elementor-container elementor-column-gap-wider\">\n\t\t\t\t\t<div class=\"elementor-column elementor-col-100 elementor-top-column elementor-element elementor-element-608c6fd\" data-id=\"608c6fd\" data-element_type=\"column\" data-e-type=\"column\">\n\t\t\t<div class=\"elementor-widget-wrap elementor-element-populated\">\n\t\t\t\t\t\t<div class=\"elementor-element elementor-element-3649443 elementor-widget elementor-widget-text-editor\" data-id=\"3649443\" data-element_type=\"widget\" data-e-type=\"widget\" data-widget_type=\"text-editor.default\">\n\t\t\t\t<div class=\"elementor-widget-container\">\n\t\t\t\t\t\t\t\t\t<p><strong>Le jardin<\/strong>: La Villa Lante est plong\u00e9e dans un parc s\u00e9culaire entretenu avec amour et d\u00e9vouement par chacun d\u2019entre nous. Dans le jardin, nos h\u00f4tes peuvent prier et se recueillir, ou simplement profiter du silence de la nature apr\u00e8s avoir visit\u00e9 la ville. Nous y organisons \u00e9galement nos retraites spirituelles et d'autres activit\u00e9s li\u00e9es \u00e0 l'association.<\/p><p class=\"translation-block\"><b>L\u2019\u00e9glise<\/b>: La Villa Lante abrite une magnifique \u00e9glise, qui n'est autre que la deuxi\u00e8me \u00e9glise n\u00e9ogothique de Rome et que nous consid\u00e9rons comme un v\u00e9ritable joyau architectural. Nous y organisons des c\u00e9r\u00e9monies pour la Soci\u00e9t\u00e9 du Sacr\u00e9-C\u0153ur et de nombreux concerts. Notre structure dispose \u00e9galement de trois autres petites chapelles o\u00f9 les h\u00f4tes ont la possibilit\u00e9 de se recueillir.<\/p><p><strong>La maison d\u2019accueil<\/strong>Afin de pouvoir accueillir des h\u00f4tes individuels ou des groupes souhaitant venir \u00e0 Rome pour suivre des programmes de formation ou participer \u00e0 des \u00e9v\u00e9nements particuliers comme le Jubil\u00e9, nous avons rouvert en 2025, \u00e0 la demande g\u00e9n\u00e9rale et apr\u00e8s d\u2019importants travaux de r\u00e9novation, notre maison d\u2019accueil. Nos 25 chambres simples, doubles et triples sont d\u00e9sormais modernes, silencieuses et confortables. Elles sont \u00e9quip\u00e9es d'une salle de bain priv\u00e9e, de l'air conditionn\u00e9, de fen\u00eatres \u00e0 double vitrage et moustiquaires, du Wi-Fi et d'une cl\u00e9 \u00e9lectronique. Le petit-d\u00e9jeuner est inclus dans le prix de la chambre. En revanche, seuls les groupes d'au moins 10\/12 personnes pourront demander \u00e0 b\u00e9n\u00e9ficier des services de restauration pour le d\u00e9jeuner ou le d\u00eener. Si n\u00e9cessaire, les familles peuvent demander \u00e0 installer un lit pour b\u00e9b\u00e9 dans la chambre. Si les h\u00f4tes sortent le soir, ils pourront rentrer librement sans horaire sp\u00e9cifique.<\/p><p class=\"translation-block\"><b>Salles de conf\u00e9rence multim\u00e9dia<\/b>: La Villa Lante dispose de quatre salles de conf\u00e9rence : deux grandes salles pouvant accueillir jusqu'\u00e0 30-40 personnes et deux plus petites pour des groupes de travail allant jusqu'\u00e0 15 personnes. Les salles, comme le reste du b\u00e2timent, sont climatis\u00e9es et dot\u00e9es d'un syst\u00e8me de purification de l'air. Les deux plus grandes salles sont \u00e9quip\u00e9es de cabines d'interpr\u00e9tation pour les groupes plurilingues et sont technologiquement interconnect\u00e9es, Elles ont \u00e9galement \u00e9t\u00e9 con\u00e7ues pour permettre l\u2019organisation de visioconf\u00e9rences Zoom. Pendant les pauses, l\u2019acc\u00e8s direct \u00e0 une jolie terrasse donnant sur le jardin et \u00e9quip\u00e9e de tables et de chaises permettra de prendre quelques minutes de d\u00e9tente ou de faire le plein d\u2019\u00e9nergie autour d\u2019un bon caf\u00e9 italien.<\/p><p>\u00c0 votre arriv\u00e9e, un membre du personnel vous accueillera et vous donnera toutes les informations pratiques dont vous avez besoin pour vous sentir \u00e0 l'aise dans notre maison. Sur demande, nous pouvons \u00e9galement organiser une session d'orientation pour vous faire d\u00e9couvrir Rome et rendre votre s\u00e9jour plus agr\u00e9able.<\/p><p>Notre personnel plurilingue sera \u00e0 votre disposition \u00e0 tout moment pour r\u00e9pondre \u00e0 vos besoins!<\/p>\t\t\t\t\t\t\t\t<\/div>\n\t\t\t\t<\/div>\n\t\t\t\t\t<\/div>\n\t\t<\/div>\n\t\t\t\t\t<\/div>\n\t\t<\/section>\n\t\t\t\t<\/div>","protected":false},"excerpt":{"rendered":"<p>Ospitalit\u00e0 e Servizi Il giardino: Villa Lante \u00e8 immersa in un grande parco secolare, curato con amore e impegno da tutti noi. Nel giardino i nostri ospiti possono godere di momenti di preghiera e raccoglimento o semplicemente rilassarsi nel silenzio della natura dopo le visite nella citt\u00e0. Qui saranno organizzati i nostri ritiri spirituali e [&hellip;]<\/p>\n","protected":false},"author":1,"featured_media":0,"parent":0,"menu_order":21,"comment_status":"closed","ping_status":"closed","template":"elementor_header_footer","meta":{"footnotes":""},"class_list":["post-77719","page","type-page","status-publish","hentry"],"yoast_head":"<!-- This site is optimized with the Yoast SEO plugin v27.3 - https:\/\/yoast.com\/product\/yoast-seo-wordpress\/ -->\n<title>Ospitalit\u00e0 e Servizi - Villa Lante Center<\/title>\n<meta name=\"robots\" content=\"index, follow, max-snippet:-1, max-image-preview:large, max-video-preview:-1\" \/>\n<link rel=\"canonical\" href=\"https:\/\/villalanterome.org\/fr\/accueil-et-services\/\" \/>\n<meta property=\"og:locale\" content=\"fr_FR\" \/>\n<meta property=\"og:type\" content=\"article\" \/>\n<meta property=\"og:title\" content=\"Ospitalit\u00e0 e Servizi - Villa Lante Center\" \/>\n<meta property=\"og:description\" content=\"Ospitalit\u00e0 e Servizi Il giardino: Villa Lante \u00e8 immersa in un grande parco secolare, curato con amore e impegno da tutti noi. Nel giardino i nostri ospiti possono godere di momenti di preghiera e raccoglimento o semplicemente rilassarsi nel silenzio della natura dopo le visite nella citt\u00e0. Qui saranno organizzati i nostri ritiri spirituali e [&hellip;]\" \/>\n<meta property=\"og:url\" content=\"https:\/\/villalanterome.org\/fr\/accueil-et-services\/\" \/>\n<meta property=\"og:site_name\" content=\"Villa Lante Center\" \/>\n<meta property=\"article:modified_time\" content=\"2025-07-02T15:14:18+00:00\" \/>\n<meta name=\"twitter:card\" content=\"summary_large_image\" \/>\n<meta name=\"twitter:label1\" content=\"Dur\u00e9e de lecture estim\u00e9e\" \/>\n\t<meta name=\"twitter:data1\" content=\"3 minutes\" \/>\n<script type=\"application\/ld+json\" class=\"yoast-schema-graph\">{\"@context\":\"https:\\\/\\\/schema.org\",\"@graph\":[{\"@type\":\"WebPage\",\"@id\":\"https:\\\/\\\/villalanterome.org\\\/ospitalita-e-servizi\\\/\",\"url\":\"https:\\\/\\\/villalanterome.org\\\/ospitalita-e-servizi\\\/\",\"name\":\"Ospitalit\u00e0 e Servizi - Villa Lante Center\",\"isPartOf\":{\"@id\":\"https:\\\/\\\/villalanterome.org\\\/#website\"},\"datePublished\":\"2024-09-16T13:56:42+00:00\",\"dateModified\":\"2025-07-02T15:14:18+00:00\",\"breadcrumb\":{\"@id\":\"https:\\\/\\\/villalanterome.org\\\/ospitalita-e-servizi\\\/#breadcrumb\"},\"inLanguage\":\"fr-FR\",\"potentialAction\":[{\"@type\":\"ReadAction\",\"target\":[\"https:\\\/\\\/villalanterome.org\\\/ospitalita-e-servizi\\\/\"]}]},{\"@type\":\"BreadcrumbList\",\"@id\":\"https:\\\/\\\/villalanterome.org\\\/ospitalita-e-servizi\\\/#breadcrumb\",\"itemListElement\":[{\"@type\":\"ListItem\",\"position\":1,\"name\":\"Home\",\"item\":\"https:\\\/\\\/villalanterome.org\\\/\"},{\"@type\":\"ListItem\",\"position\":2,\"name\":\"Ospitalit\u00e0 e Servizi\"}]},{\"@type\":\"WebSite\",\"@id\":\"https:\\\/\\\/villalanterome.org\\\/#website\",\"url\":\"https:\\\/\\\/villalanterome.org\\\/\",\"name\":\"Villa Lante Center\",\"description\":\"\",\"publisher\":{\"@id\":\"https:\\\/\\\/villalanterome.org\\\/#organization\"},\"potentialAction\":[{\"@type\":\"SearchAction\",\"target\":{\"@type\":\"EntryPoint\",\"urlTemplate\":\"https:\\\/\\\/villalanterome.org\\\/?s={search_term_string}\"},\"query-input\":{\"@type\":\"PropertyValueSpecification\",\"valueRequired\":true,\"valueName\":\"search_term_string\"}}],\"inLanguage\":\"fr-FR\"},{\"@type\":\"Organization\",\"@id\":\"https:\\\/\\\/villalanterome.org\\\/#organization\",\"name\":\"Villa Lante Center\",\"url\":\"https:\\\/\\\/villalanterome.org\\\/\",\"logo\":{\"@type\":\"ImageObject\",\"inLanguage\":\"fr-FR\",\"@id\":\"https:\\\/\\\/villalanterome.org\\\/#\\\/schema\\\/logo\\\/image\\\/\",\"url\":\"https:\\\/\\\/villalanterome.org\\\/wp-content\\\/uploads\\\/2021\\\/12\\\/cropped-logo-villa-lante-top-e1719995265234.png\",\"contentUrl\":\"https:\\\/\\\/villalanterome.org\\\/wp-content\\\/uploads\\\/2021\\\/12\\\/cropped-logo-villa-lante-top-e1719995265234.png\",\"width\":512,\"height\":512,\"caption\":\"Villa Lante Center\"},\"image\":{\"@id\":\"https:\\\/\\\/villalanterome.org\\\/#\\\/schema\\\/logo\\\/image\\\/\"}}]}<\/script>\n<!-- \/ Yoast SEO plugin. -->","yoast_head_json":{"title":"Ospitalit\u00e0 e Servizi - Villa Lante Center","robots":{"index":"index","follow":"follow","max-snippet":"max-snippet:-1","max-image-preview":"max-image-preview:large","max-video-preview":"max-video-preview:-1"},"canonical":"https:\/\/villalanterome.org\/fr\/accueil-et-services\/","og_locale":"fr_FR","og_type":"article","og_title":"Ospitalit\u00e0 e Servizi - Villa Lante Center","og_description":"Ospitalit\u00e0 e Servizi Il giardino: Villa Lante \u00e8 immersa in un grande parco secolare, curato con amore e impegno da tutti noi. Nel giardino i nostri ospiti possono godere di momenti di preghiera e raccoglimento o semplicemente rilassarsi nel silenzio della natura dopo le visite nella citt\u00e0. Qui saranno organizzati i nostri ritiri spirituali e [&hellip;]","og_url":"https:\/\/villalanterome.org\/fr\/accueil-et-services\/","og_site_name":"Villa Lante Center","article_modified_time":"2025-07-02T15:14:18+00:00","twitter_card":"summary_large_image","twitter_misc":{"Dur\u00e9e de lecture estim\u00e9e":"3 minutes"},"schema":{"@context":"https:\/\/schema.org","@graph":[{"@type":"WebPage","@id":"https:\/\/villalanterome.org\/ospitalita-e-servizi\/","url":"https:\/\/villalanterome.org\/ospitalita-e-servizi\/","name":"Ospitalit\u00e0 e Servizi - Villa Lante Center","isPartOf":{"@id":"https:\/\/villalanterome.org\/#website"},"datePublished":"2024-09-16T13:56:42+00:00","dateModified":"2025-07-02T15:14:18+00:00","breadcrumb":{"@id":"https:\/\/villalanterome.org\/ospitalita-e-servizi\/#breadcrumb"},"inLanguage":"fr-FR","potentialAction":[{"@type":"ReadAction","target":["https:\/\/villalanterome.org\/ospitalita-e-servizi\/"]}]},{"@type":"BreadcrumbList","@id":"https:\/\/villalanterome.org\/ospitalita-e-servizi\/#breadcrumb","itemListElement":[{"@type":"ListItem","position":1,"name":"Home","item":"https:\/\/villalanterome.org\/"},{"@type":"ListItem","position":2,"name":"Ospitalit\u00e0 e Servizi"}]},{"@type":"WebSite","@id":"https:\/\/villalanterome.org\/#website","url":"https:\/\/villalanterome.org\/","name":"Villa Lante Center","description":"","publisher":{"@id":"https:\/\/villalanterome.org\/#organization"},"potentialAction":[{"@type":"SearchAction","target":{"@type":"EntryPoint","urlTemplate":"https:\/\/villalanterome.org\/?s={search_term_string}"},"query-input":{"@type":"PropertyValueSpecification","valueRequired":true,"valueName":"search_term_string"}}],"inLanguage":"fr-FR"},{"@type":"Organization","@id":"https:\/\/villalanterome.org\/#organization","name":"Villa Lante Center","url":"https:\/\/villalanterome.org\/","logo":{"@type":"ImageObject","inLanguage":"fr-FR","@id":"https:\/\/villalanterome.org\/#\/schema\/logo\/image\/","url":"https:\/\/villalanterome.org\/wp-content\/uploads\/2021\/12\/cropped-logo-villa-lante-top-e1719995265234.png","contentUrl":"https:\/\/villalanterome.org\/wp-content\/uploads\/2021\/12\/cropped-logo-villa-lante-top-e1719995265234.png","width":512,"height":512,"caption":"Villa Lante Center"},"image":{"@id":"https:\/\/villalanterome.org\/#\/schema\/logo\/image\/"}}]}},"_links":{"self":[{"href":"https:\/\/villalanterome.org\/fr\/wp-json\/wp\/v2\/pages\/77719","targetHints":{"allow":["GET"]}}],"collection":[{"href":"https:\/\/villalanterome.org\/fr\/wp-json\/wp\/v2\/pages"}],"about":[{"href":"https:\/\/villalanterome.org\/fr\/wp-json\/wp\/v2\/types\/page"}],"author":[{"embeddable":true,"href":"https:\/\/villalanterome.org\/fr\/wp-json\/wp\/v2\/users\/1"}],"replies":[{"embeddable":true,"href":"https:\/\/villalanterome.org\/fr\/wp-json\/wp\/v2\/comments?post=77719"}],"version-history":[{"count":31,"href":"https:\/\/villalanterome.org\/fr\/wp-json\/wp\/v2\/pages\/77719\/revisions"}],"predecessor-version":[{"id":78266,"href":"https:\/\/villalanterome.org\/fr\/wp-json\/wp\/v2\/pages\/77719\/revisions\/78266"}],"wp:attachment":[{"href":"https:\/\/villalanterome.org\/fr\/wp-json\/wp\/v2\/media?parent=77719"}],"curies":[{"name":"wp","href":"https:\/\/api.w.org\/{rel}","templated":true}]}}