{"id":7609,"date":"2020-11-06T14:07:01","date_gmt":"2020-11-06T14:07:01","guid":{"rendered":"https:\/\/the7.io\/elementor-main\/?page_id=7609"},"modified":"2025-07-03T09:14:40","modified_gmt":"2025-07-03T07:14:40","slug":"qui-sommes-nous","status":"publish","type":"page","link":"https:\/\/villalanterome.org\/fr\/qui-sommes-nous\/","title":{"rendered":"Qui sommes-nous"},"content":{"rendered":"<div data-elementor-type=\"wp-page\" data-elementor-id=\"7609\" class=\"elementor elementor-7609\" data-elementor-post-type=\"page\">\n\t\t\t\t\t\t<section class=\"elementor-section elementor-top-section elementor-element elementor-element-13760a8 elementor-reverse-tablet elementor-reverse-mobile elementor-section-boxed elementor-section-height-default elementor-section-height-default\" data-id=\"13760a8\" data-element_type=\"section\" data-e-type=\"section\" data-settings=\"{&quot;background_background&quot;:&quot;classic&quot;,&quot;jet_parallax_layout_list&quot;:[]}\">\n\t\t\t\t\t\t\t<div class=\"elementor-background-overlay\"><\/div>\n\t\t\t\t\t\t\t<div class=\"elementor-container elementor-column-gap-wider\">\n\t\t\t\t\t<div class=\"elementor-column elementor-col-100 elementor-top-column elementor-element elementor-element-3fddcef\" data-id=\"3fddcef\" data-element_type=\"column\" data-e-type=\"column\">\n\t\t\t<div class=\"elementor-widget-wrap elementor-element-populated\">\n\t\t\t\t\t\t<div class=\"elementor-element elementor-element-c0794ab elementor-widget elementor-widget-spacer\" data-id=\"c0794ab\" data-element_type=\"widget\" data-e-type=\"widget\" data-widget_type=\"spacer.default\">\n\t\t\t\t<div class=\"elementor-widget-container\">\n\t\t\t\t\t\t\t<div class=\"elementor-spacer\">\n\t\t\t<div class=\"elementor-spacer-inner\"><\/div>\n\t\t<\/div>\n\t\t\t\t\t\t<\/div>\n\t\t\t\t<\/div>\n\t\t\t\t<div class=\"elementor-element elementor-element-ad83ab5 elementor-widget__width-initial elementor-widget elementor-widget-heading\" data-id=\"ad83ab5\" data-element_type=\"widget\" data-e-type=\"widget\" data-widget_type=\"heading.default\">\n\t\t\t\t<div class=\"elementor-widget-container\">\n\t\t\t\t\t<h1 class=\"elementor-heading-title elementor-size-default\">Qui sommes-nous<\/h1>\t\t\t\t<\/div>\n\t\t\t\t<\/div>\n\t\t\t\t\t<\/div>\n\t\t<\/div>\n\t\t\t\t\t<\/div>\n\t\t<\/section>\n\t\t\t\t<section class=\"elementor-section elementor-top-section elementor-element elementor-element-65ea903 elementor-reverse-mobile elementor-section-boxed elementor-section-height-default elementor-section-height-default\" data-id=\"65ea903\" data-element_type=\"section\" data-e-type=\"section\" data-settings=\"{&quot;background_background&quot;:&quot;classic&quot;,&quot;jet_parallax_layout_list&quot;:[]}\">\n\t\t\t\t\t\t<div class=\"elementor-container elementor-column-gap-wider\">\n\t\t\t\t\t<div class=\"elementor-column elementor-col-50 elementor-top-column elementor-element elementor-element-d35a8eb\" data-id=\"d35a8eb\" data-element_type=\"column\" data-e-type=\"column\">\n\t\t\t<div class=\"elementor-widget-wrap elementor-element-populated\">\n\t\t\t\t\t\t<div class=\"elementor-element elementor-element-a4ac70b elementor-widget elementor-widget-image\" data-id=\"a4ac70b\" data-element_type=\"widget\" data-e-type=\"widget\" data-widget_type=\"image.default\">\n\t\t\t\t<div class=\"elementor-widget-container\">\n\t\t\t\t\t\t\t\t\t\t\t\t\t\t\t<img fetchpriority=\"high\" decoding=\"async\" width=\"700\" height=\"834\" src=\"https:\/\/villalanterome.org\/wp-content\/uploads\/2024\/07\/VILLALANTEfronte1.jpg\" class=\"attachment-large size-large wp-image-77506\" alt=\"\" srcset=\"https:\/\/villalanterome.org\/wp-content\/uploads\/2024\/07\/VILLALANTEfronte1.jpg 700w, https:\/\/villalanterome.org\/wp-content\/uploads\/2024\/07\/VILLALANTEfronte1-252x300.jpg 252w\" sizes=\"(max-width: 700px) 100vw, 700px\" \/>\t\t\t\t\t\t\t\t\t\t\t\t\t\t\t<\/div>\n\t\t\t\t<\/div>\n\t\t\t\t\t<\/div>\n\t\t<\/div>\n\t\t\t\t<div class=\"elementor-column elementor-col-50 elementor-top-column elementor-element elementor-element-608c6fd\" data-id=\"608c6fd\" data-element_type=\"column\" data-e-type=\"column\">\n\t\t\t<div class=\"elementor-widget-wrap elementor-element-populated\">\n\t\t\t\t\t\t<div class=\"elementor-element elementor-element-3649443 elementor-widget elementor-widget-text-editor\" data-id=\"3649443\" data-element_type=\"widget\" data-e-type=\"widget\" data-widget_type=\"text-editor.default\">\n\t\t\t\t<div class=\"elementor-widget-container\">\n\t\t\t\t\t\t\t\t\t<p class=\"translation-block\">La <b>Villa Lante<\/b>, datant du XVIe si\u00e8cle et situ\u00e9e \u00e0 <b>Trastevere<\/b>, est l'un des plus importants \u00e9difices de la Soci\u00e9t\u00e9 du Sacr\u00e9-C\u0153ur d\u2019un point de vue historique.<\/p><p class=\"translation-block\">Elle appartient \u00e0 la congr\u00e9gation depuis 1837, date \u00e0 laquelle elle devint le si\u00e8ge de la Soci\u00e9t\u00e9 du Sacr\u00e9-C\u0153ur \u00e0 Rome, gr\u00e2ce \u00e0 la fondatrice <b>Sainte Madeleine Sophie Barat<\/b> qui y s\u00e9journait lors de ses visites dans la capitale italienne. Durant cette p\u00e9riode, elle servait la mission de la congr\u00e9gation de bien des mani\u00e8res : maison communautaire pour nos s\u0153urs, o\u00f9 diff\u00e9rents programmes \u00e9ducatifs \u00e9taient fournis au travers d\u2019une \u00e9cole et d\u2019un jardin d\u2019enfants ; foyer accueillant les jeunes de la communaut\u00e9 locale du quartier de Trastevere.<\/p><p>Le Centre de formation pour religieux et la\u00efcs de Villa Lante fait \u00e9cho \u00e0 son pass\u00e9 de structure d\u2019accueil, en offrant aujourd\u2019hui un espace merveilleusement r\u00e9nov\u00e9 aux membres de la grande famille du Sacr\u00e9-C\u0153ur ou \u00e0 d\u2019autres organismes et institutions dont les activit\u00e9s r\u00e9pondent aux principes de notre mission et de notre charisme.<br \/>Les h\u00f4tes individuels qui partagent la spiritualit\u00e9 et la mission de la Soci\u00e9t\u00e9 du Sacr\u00e9-C\u0153ur seront \u00e9galement les bienvenus.<\/p><p>En effet, la mission du Centre de formation pour religieux et la\u00efcs de la Soci\u00e9t\u00e9 du Sacr\u00e9-C\u0153ur est de fournir un lieu de rencontre pour tous ceux qui partagent la volont\u00e9 d'\u00e9duquer, d'apprendre et de collaborer \u00e0 la mission et aux objectifs li\u00e9s au renouveau spirituel, \u00e0 l'\u00e9ducation et \u00e0 la Justice, la Paix et l'Int\u00e9grit\u00e9 de la Cr\u00e9ation (JPIC).<\/p><p>Nous sommes donc dispos\u00e9s \u00e0 d\u00e9velopper des partenariats et des programmes engag\u00e9s dans le travail \u00e9ducatif et visant \u00e0 favoriser l'autonomisation des personnes. Nous sommes enthousiastes \u00e0 l'id\u00e9e d'accueillir de nouveaux amis, de valoriser la diversit\u00e9 des exp\u00e9riences de ceux avec qui la Soci\u00e9t\u00e9 collabore et de poursuivre la tradition des programmes \u00e9ducatifs mis en place dans nos \u00e9coles \u00e0 travers le monde.<\/p>\t\t\t\t\t\t\t\t<\/div>\n\t\t\t\t<\/div>\n\t\t\t\t\t<\/div>\n\t\t<\/div>\n\t\t\t\t\t<\/div>\n\t\t<\/section>\n\t\t\t\t<\/div>","protected":false},"excerpt":{"rendered":"<p>Chi siamo La cinquecentesca Villa Lante in Trastevere \u00e8 uno degli edifici storicamente pi\u00f9 significativi della Societ\u00e0 del Sacro Cuore. Fa parte della Societ\u00e0 dal 1837, quando divenne la sede romana della Societ\u00e0 del Sacro Cuore, grazie alla fondatrice Santa Madeleine Sophie Barat che soggiornava qui durante le sue visite a Roma. In questo periodo, [&hellip;]<\/p>\n","protected":false},"author":1,"featured_media":0,"parent":0,"menu_order":21,"comment_status":"closed","ping_status":"closed","template":"elementor_header_footer","meta":{"footnotes":""},"class_list":["post-7609","page","type-page","status-publish","hentry"],"yoast_head":"<!-- This site is optimized with the Yoast SEO plugin v27.3 - https:\/\/yoast.com\/product\/yoast-seo-wordpress\/ -->\n<title>Chi siamo - Villa Lante Center<\/title>\n<meta name=\"robots\" content=\"index, follow, max-snippet:-1, max-image-preview:large, max-video-preview:-1\" \/>\n<link rel=\"canonical\" href=\"https:\/\/villalanterome.org\/fr\/qui-sommes-nous\/\" \/>\n<meta property=\"og:locale\" content=\"fr_FR\" \/>\n<meta property=\"og:type\" content=\"article\" \/>\n<meta property=\"og:title\" content=\"Chi siamo - Villa Lante Center\" \/>\n<meta property=\"og:description\" content=\"Chi siamo La cinquecentesca Villa Lante in Trastevere \u00e8 uno degli edifici storicamente pi\u00f9 significativi della Societ\u00e0 del Sacro Cuore. Fa parte della Societ\u00e0 dal 1837, quando divenne la sede romana della Societ\u00e0 del Sacro Cuore, grazie alla fondatrice Santa Madeleine Sophie Barat che soggiornava qui durante le sue visite a Roma. In questo periodo, [&hellip;]\" \/>\n<meta property=\"og:url\" content=\"https:\/\/villalanterome.org\/fr\/qui-sommes-nous\/\" \/>\n<meta property=\"og:site_name\" content=\"Villa Lante Center\" \/>\n<meta property=\"article:modified_time\" content=\"2025-07-03T07:14:40+00:00\" \/>\n<meta property=\"og:image\" content=\"https:\/\/villalanterome.org\/wp-content\/uploads\/2024\/07\/VILLALANTEfronte1.jpg\" \/>\n<meta name=\"twitter:card\" content=\"summary_large_image\" \/>\n<meta name=\"twitter:label1\" content=\"Dur\u00e9e de lecture estim\u00e9e\" \/>\n\t<meta name=\"twitter:data1\" content=\"2 minutes\" \/>\n<script type=\"application\/ld+json\" class=\"yoast-schema-graph\">{\"@context\":\"https:\\\/\\\/schema.org\",\"@graph\":[{\"@type\":\"WebPage\",\"@id\":\"https:\\\/\\\/villalanterome.org\\\/chi-siamo\\\/\",\"url\":\"https:\\\/\\\/villalanterome.org\\\/chi-siamo\\\/\",\"name\":\"Chi siamo - Villa Lante Center\",\"isPartOf\":{\"@id\":\"https:\\\/\\\/villalanterome.org\\\/#website\"},\"primaryImageOfPage\":{\"@id\":\"https:\\\/\\\/villalanterome.org\\\/chi-siamo\\\/#primaryimage\"},\"image\":{\"@id\":\"https:\\\/\\\/villalanterome.org\\\/chi-siamo\\\/#primaryimage\"},\"thumbnailUrl\":\"https:\\\/\\\/villalanterome.org\\\/wp-content\\\/uploads\\\/2024\\\/07\\\/VILLALANTEfronte1.jpg\",\"datePublished\":\"2020-11-06T14:07:01+00:00\",\"dateModified\":\"2025-07-03T07:14:40+00:00\",\"breadcrumb\":{\"@id\":\"https:\\\/\\\/villalanterome.org\\\/chi-siamo\\\/#breadcrumb\"},\"inLanguage\":\"fr-FR\",\"potentialAction\":[{\"@type\":\"ReadAction\",\"target\":[\"https:\\\/\\\/villalanterome.org\\\/chi-siamo\\\/\"]}]},{\"@type\":\"ImageObject\",\"inLanguage\":\"fr-FR\",\"@id\":\"https:\\\/\\\/villalanterome.org\\\/chi-siamo\\\/#primaryimage\",\"url\":\"https:\\\/\\\/villalanterome.org\\\/wp-content\\\/uploads\\\/2024\\\/07\\\/VILLALANTEfronte1.jpg\",\"contentUrl\":\"https:\\\/\\\/villalanterome.org\\\/wp-content\\\/uploads\\\/2024\\\/07\\\/VILLALANTEfronte1.jpg\"},{\"@type\":\"BreadcrumbList\",\"@id\":\"https:\\\/\\\/villalanterome.org\\\/chi-siamo\\\/#breadcrumb\",\"itemListElement\":[{\"@type\":\"ListItem\",\"position\":1,\"name\":\"Home\",\"item\":\"https:\\\/\\\/villalanterome.org\\\/\"},{\"@type\":\"ListItem\",\"position\":2,\"name\":\"Chi siamo\"}]},{\"@type\":\"WebSite\",\"@id\":\"https:\\\/\\\/villalanterome.org\\\/#website\",\"url\":\"https:\\\/\\\/villalanterome.org\\\/\",\"name\":\"Villa Lante Center\",\"description\":\"\",\"publisher\":{\"@id\":\"https:\\\/\\\/villalanterome.org\\\/#organization\"},\"potentialAction\":[{\"@type\":\"SearchAction\",\"target\":{\"@type\":\"EntryPoint\",\"urlTemplate\":\"https:\\\/\\\/villalanterome.org\\\/?s={search_term_string}\"},\"query-input\":{\"@type\":\"PropertyValueSpecification\",\"valueRequired\":true,\"valueName\":\"search_term_string\"}}],\"inLanguage\":\"fr-FR\"},{\"@type\":\"Organization\",\"@id\":\"https:\\\/\\\/villalanterome.org\\\/#organization\",\"name\":\"Villa Lante Center\",\"url\":\"https:\\\/\\\/villalanterome.org\\\/\",\"logo\":{\"@type\":\"ImageObject\",\"inLanguage\":\"fr-FR\",\"@id\":\"https:\\\/\\\/villalanterome.org\\\/#\\\/schema\\\/logo\\\/image\\\/\",\"url\":\"https:\\\/\\\/villalanterome.org\\\/wp-content\\\/uploads\\\/2021\\\/12\\\/cropped-logo-villa-lante-top-e1719995265234.png\",\"contentUrl\":\"https:\\\/\\\/villalanterome.org\\\/wp-content\\\/uploads\\\/2021\\\/12\\\/cropped-logo-villa-lante-top-e1719995265234.png\",\"width\":512,\"height\":512,\"caption\":\"Villa Lante Center\"},\"image\":{\"@id\":\"https:\\\/\\\/villalanterome.org\\\/#\\\/schema\\\/logo\\\/image\\\/\"}}]}<\/script>\n<!-- \/ Yoast SEO plugin. -->","yoast_head_json":{"title":"Chi siamo - Villa Lante Center","robots":{"index":"index","follow":"follow","max-snippet":"max-snippet:-1","max-image-preview":"max-image-preview:large","max-video-preview":"max-video-preview:-1"},"canonical":"https:\/\/villalanterome.org\/fr\/qui-sommes-nous\/","og_locale":"fr_FR","og_type":"article","og_title":"Chi siamo - Villa Lante Center","og_description":"Chi siamo La cinquecentesca Villa Lante in Trastevere \u00e8 uno degli edifici storicamente pi\u00f9 significativi della Societ\u00e0 del Sacro Cuore. Fa parte della Societ\u00e0 dal 1837, quando divenne la sede romana della Societ\u00e0 del Sacro Cuore, grazie alla fondatrice Santa Madeleine Sophie Barat che soggiornava qui durante le sue visite a Roma. In questo periodo, [&hellip;]","og_url":"https:\/\/villalanterome.org\/fr\/qui-sommes-nous\/","og_site_name":"Villa Lante Center","article_modified_time":"2025-07-03T07:14:40+00:00","og_image":[{"url":"https:\/\/villalanterome.org\/wp-content\/uploads\/2024\/07\/VILLALANTEfronte1.jpg","type":"","width":"","height":""}],"twitter_card":"summary_large_image","twitter_misc":{"Dur\u00e9e de lecture estim\u00e9e":"2 minutes"},"schema":{"@context":"https:\/\/schema.org","@graph":[{"@type":"WebPage","@id":"https:\/\/villalanterome.org\/chi-siamo\/","url":"https:\/\/villalanterome.org\/chi-siamo\/","name":"Chi siamo - Villa Lante Center","isPartOf":{"@id":"https:\/\/villalanterome.org\/#website"},"primaryImageOfPage":{"@id":"https:\/\/villalanterome.org\/chi-siamo\/#primaryimage"},"image":{"@id":"https:\/\/villalanterome.org\/chi-siamo\/#primaryimage"},"thumbnailUrl":"https:\/\/villalanterome.org\/wp-content\/uploads\/2024\/07\/VILLALANTEfronte1.jpg","datePublished":"2020-11-06T14:07:01+00:00","dateModified":"2025-07-03T07:14:40+00:00","breadcrumb":{"@id":"https:\/\/villalanterome.org\/chi-siamo\/#breadcrumb"},"inLanguage":"fr-FR","potentialAction":[{"@type":"ReadAction","target":["https:\/\/villalanterome.org\/chi-siamo\/"]}]},{"@type":"ImageObject","inLanguage":"fr-FR","@id":"https:\/\/villalanterome.org\/chi-siamo\/#primaryimage","url":"https:\/\/villalanterome.org\/wp-content\/uploads\/2024\/07\/VILLALANTEfronte1.jpg","contentUrl":"https:\/\/villalanterome.org\/wp-content\/uploads\/2024\/07\/VILLALANTEfronte1.jpg"},{"@type":"BreadcrumbList","@id":"https:\/\/villalanterome.org\/chi-siamo\/#breadcrumb","itemListElement":[{"@type":"ListItem","position":1,"name":"Home","item":"https:\/\/villalanterome.org\/"},{"@type":"ListItem","position":2,"name":"Chi siamo"}]},{"@type":"WebSite","@id":"https:\/\/villalanterome.org\/#website","url":"https:\/\/villalanterome.org\/","name":"Villa Lante Center","description":"","publisher":{"@id":"https:\/\/villalanterome.org\/#organization"},"potentialAction":[{"@type":"SearchAction","target":{"@type":"EntryPoint","urlTemplate":"https:\/\/villalanterome.org\/?s={search_term_string}"},"query-input":{"@type":"PropertyValueSpecification","valueRequired":true,"valueName":"search_term_string"}}],"inLanguage":"fr-FR"},{"@type":"Organization","@id":"https:\/\/villalanterome.org\/#organization","name":"Villa Lante Center","url":"https:\/\/villalanterome.org\/","logo":{"@type":"ImageObject","inLanguage":"fr-FR","@id":"https:\/\/villalanterome.org\/#\/schema\/logo\/image\/","url":"https:\/\/villalanterome.org\/wp-content\/uploads\/2021\/12\/cropped-logo-villa-lante-top-e1719995265234.png","contentUrl":"https:\/\/villalanterome.org\/wp-content\/uploads\/2021\/12\/cropped-logo-villa-lante-top-e1719995265234.png","width":512,"height":512,"caption":"Villa Lante Center"},"image":{"@id":"https:\/\/villalanterome.org\/#\/schema\/logo\/image\/"}}]}},"_links":{"self":[{"href":"https:\/\/villalanterome.org\/fr\/wp-json\/wp\/v2\/pages\/7609","targetHints":{"allow":["GET"]}}],"collection":[{"href":"https:\/\/villalanterome.org\/fr\/wp-json\/wp\/v2\/pages"}],"about":[{"href":"https:\/\/villalanterome.org\/fr\/wp-json\/wp\/v2\/types\/page"}],"author":[{"embeddable":true,"href":"https:\/\/villalanterome.org\/fr\/wp-json\/wp\/v2\/users\/1"}],"replies":[{"embeddable":true,"href":"https:\/\/villalanterome.org\/fr\/wp-json\/wp\/v2\/comments?post=7609"}],"version-history":[{"count":53,"href":"https:\/\/villalanterome.org\/fr\/wp-json\/wp\/v2\/pages\/7609\/revisions"}],"predecessor-version":[{"id":78346,"href":"https:\/\/villalanterome.org\/fr\/wp-json\/wp\/v2\/pages\/7609\/revisions\/78346"}],"wp:attachment":[{"href":"https:\/\/villalanterome.org\/fr\/wp-json\/wp\/v2\/media?parent=7609"}],"curies":[{"name":"wp","href":"https:\/\/api.w.org\/{rel}","templated":true}]}}