{"id":77762,"date":"2024-09-18T17:29:56","date_gmt":"2024-09-18T15:29:56","guid":{"rendered":"https:\/\/villalanterome.org\/?page_id=77762"},"modified":"2024-09-24T10:26:00","modified_gmt":"2024-09-24T08:26:00","slug":"attivita","status":"publish","type":"page","link":"https:\/\/villalanterome.org\/es\/attivita\/","title":{"rendered":"Actividades"},"content":{"rendered":"<div data-elementor-type=\"wp-page\" data-elementor-id=\"77762\" class=\"elementor elementor-77762\" data-elementor-post-type=\"page\">\n\t\t\t\t\t\t<section class=\"elementor-section elementor-top-section elementor-element elementor-element-13760a8 elementor-reverse-tablet elementor-reverse-mobile elementor-section-boxed elementor-section-height-default elementor-section-height-default\" data-id=\"13760a8\" data-element_type=\"section\" data-e-type=\"section\" data-settings=\"{&quot;background_background&quot;:&quot;classic&quot;,&quot;jet_parallax_layout_list&quot;:[]}\">\n\t\t\t\t\t\t\t<div class=\"elementor-background-overlay\"><\/div>\n\t\t\t\t\t\t\t<div class=\"elementor-container elementor-column-gap-wider\">\n\t\t\t\t\t<div class=\"elementor-column elementor-col-100 elementor-top-column elementor-element elementor-element-3fddcef\" data-id=\"3fddcef\" data-element_type=\"column\" data-e-type=\"column\">\n\t\t\t<div class=\"elementor-widget-wrap elementor-element-populated\">\n\t\t\t\t\t\t<div class=\"elementor-element elementor-element-c0794ab elementor-widget elementor-widget-spacer\" data-id=\"c0794ab\" data-element_type=\"widget\" data-e-type=\"widget\" data-widget_type=\"spacer.default\">\n\t\t\t\t<div class=\"elementor-widget-container\">\n\t\t\t\t\t\t\t<div class=\"elementor-spacer\">\n\t\t\t<div class=\"elementor-spacer-inner\"><\/div>\n\t\t<\/div>\n\t\t\t\t\t\t<\/div>\n\t\t\t\t<\/div>\n\t\t\t\t<div class=\"elementor-element elementor-element-ad83ab5 elementor-widget__width-initial elementor-widget elementor-widget-heading\" data-id=\"ad83ab5\" data-element_type=\"widget\" data-e-type=\"widget\" data-widget_type=\"heading.default\">\n\t\t\t\t<div class=\"elementor-widget-container\">\n\t\t\t\t\t<h1 class=\"elementor-heading-title elementor-size-default\">Actividades<\/h1>\t\t\t\t<\/div>\n\t\t\t\t<\/div>\n\t\t\t\t\t<\/div>\n\t\t<\/div>\n\t\t\t\t\t<\/div>\n\t\t<\/section>\n\t\t\t\t<section class=\"elementor-section elementor-top-section elementor-element elementor-element-65ea903 elementor-reverse-mobile elementor-section-boxed elementor-section-height-default elementor-section-height-default\" data-id=\"65ea903\" data-element_type=\"section\" data-e-type=\"section\" data-settings=\"{&quot;background_background&quot;:&quot;classic&quot;,&quot;jet_parallax_layout_list&quot;:[]}\">\n\t\t\t\t\t\t<div class=\"elementor-container elementor-column-gap-wider\">\n\t\t\t\t\t<div class=\"elementor-column elementor-col-50 elementor-top-column elementor-element elementor-element-d35a8eb\" data-id=\"d35a8eb\" data-element_type=\"column\" data-e-type=\"column\">\n\t\t\t<div class=\"elementor-widget-wrap elementor-element-populated\">\n\t\t\t\t\t\t<div class=\"elementor-element elementor-element-80eca7b elementor-widget elementor-widget-gallery\" data-id=\"80eca7b\" data-element_type=\"widget\" data-e-type=\"widget\" data-settings=\"{&quot;columns&quot;:1,&quot;gap&quot;:{&quot;unit&quot;:&quot;px&quot;,&quot;size&quot;:20,&quot;sizes&quot;:[]},&quot;lazyload&quot;:&quot;yes&quot;,&quot;gallery_layout&quot;:&quot;grid&quot;,&quot;columns_tablet&quot;:2,&quot;columns_mobile&quot;:1,&quot;gap_tablet&quot;:{&quot;unit&quot;:&quot;px&quot;,&quot;size&quot;:10,&quot;sizes&quot;:[]},&quot;gap_mobile&quot;:{&quot;unit&quot;:&quot;px&quot;,&quot;size&quot;:10,&quot;sizes&quot;:[]},&quot;link_to&quot;:&quot;file&quot;,&quot;aspect_ratio&quot;:&quot;3:2&quot;,&quot;overlay_background&quot;:&quot;yes&quot;,&quot;content_hover_animation&quot;:&quot;fade-in&quot;}\" data-widget_type=\"gallery.default\">\n\t\t\t\t<div class=\"elementor-widget-container\">\n\t\t\t\t\t\t\t<div class=\"elementor-gallery__container\">\n\t\t\t\t\t\t\t<a class=\"e-gallery-item elementor-gallery-item elementor-animated-content\" href=\"https:\/\/villalanterome.org\/wp-content\/uploads\/2024\/09\/Church2-rotated.jpg\" data-elementor-open-lightbox=\"yes\" data-elementor-lightbox-slideshow=\"80eca7b\" data-e-action-hash=\"#elementor-action%3Aaction%3Dlightbox%26settings%3DeyJpZCI6NzgwMjQsInVybCI6Imh0dHBzOlwvXC92aWxsYWxhbnRlcm9tZS5vcmdcL3dwLWNvbnRlbnRcL3VwbG9hZHNcLzIwMjRcLzA5XC9DaHVyY2gyLXJvdGF0ZWQuanBnIiwic2xpZGVzaG93IjoiODBlY2E3YiJ9\">\n\t\t\t\t\t<div class=\"e-gallery-image elementor-gallery-item__image\" data-thumbnail=\"https:\/\/villalanterome.org\/wp-content\/uploads\/2024\/09\/Church2-rotated.jpg\" data-width=\"480\" data-height=\"640\" aria-label=\"\" role=\"img\" ><\/div>\n\t\t\t\t\t\t\t\t\t\t\t<div class=\"elementor-gallery-item__overlay\"><\/div>\n\t\t\t\t\t\t\t\t\t\t\t\t\t\t<\/a>\n\t\t\t\t\t\t\t<a class=\"e-gallery-item elementor-gallery-item elementor-animated-content\" href=\"https:\/\/villalanterome.org\/wp-content\/uploads\/2024\/09\/20240712_164251.jpg\" data-elementor-open-lightbox=\"yes\" data-elementor-lightbox-slideshow=\"80eca7b\" data-e-action-hash=\"#elementor-action%3Aaction%3Dlightbox%26settings%3DeyJpZCI6Nzc3NjYsInVybCI6Imh0dHBzOlwvXC92aWxsYWxhbnRlcm9tZS5vcmdcL3dwLWNvbnRlbnRcL3VwbG9hZHNcLzIwMjRcLzA5XC8yMDI0MDcxMl8xNjQyNTEuanBnIiwic2xpZGVzaG93IjoiODBlY2E3YiJ9\">\n\t\t\t\t\t<div class=\"e-gallery-image elementor-gallery-item__image\" data-thumbnail=\"https:\/\/villalanterome.org\/wp-content\/uploads\/2024\/09\/20240712_164251-768x576.jpg\" data-width=\"768\" data-height=\"576\" aria-label=\"\" role=\"img\" ><\/div>\n\t\t\t\t\t\t\t\t\t\t\t<div class=\"elementor-gallery-item__overlay\"><\/div>\n\t\t\t\t\t\t\t\t\t\t\t\t\t\t<\/a>\n\t\t\t\t\t\t\t<a class=\"e-gallery-item elementor-gallery-item elementor-animated-content\" href=\"https:\/\/villalanterome.org\/wp-content\/uploads\/2024\/09\/Subiaco-3.jpg\" data-elementor-open-lightbox=\"yes\" data-elementor-lightbox-slideshow=\"80eca7b\" data-e-action-hash=\"#elementor-action%3Aaction%3Dlightbox%26settings%3DeyJpZCI6Nzc3NjksInVybCI6Imh0dHBzOlwvXC92aWxsYWxhbnRlcm9tZS5vcmdcL3dwLWNvbnRlbnRcL3VwbG9hZHNcLzIwMjRcLzA5XC9TdWJpYWNvLTMuanBnIiwic2xpZGVzaG93IjoiODBlY2E3YiJ9\">\n\t\t\t\t\t<div class=\"e-gallery-image elementor-gallery-item__image\" data-thumbnail=\"https:\/\/villalanterome.org\/wp-content\/uploads\/2024\/09\/Subiaco-3-768x576.jpg\" data-width=\"768\" data-height=\"576\" aria-label=\"\" role=\"img\" ><\/div>\n\t\t\t\t\t\t\t\t\t\t\t<div class=\"elementor-gallery-item__overlay\"><\/div>\n\t\t\t\t\t\t\t\t\t\t\t\t\t\t<\/a>\n\t\t\t\t\t\t\t<a class=\"e-gallery-item elementor-gallery-item elementor-animated-content\" href=\"https:\/\/villalanterome.org\/wp-content\/uploads\/2024\/09\/20240814_111729-rotated.jpg\" data-elementor-open-lightbox=\"yes\" data-elementor-lightbox-slideshow=\"80eca7b\" data-e-action-hash=\"#elementor-action%3Aaction%3Dlightbox%26settings%3DeyJpZCI6Nzc3NjcsInVybCI6Imh0dHBzOlwvXC92aWxsYWxhbnRlcm9tZS5vcmdcL3dwLWNvbnRlbnRcL3VwbG9hZHNcLzIwMjRcLzA5XC8yMDI0MDgxNF8xMTE3Mjktcm90YXRlZC5qcGciLCJzbGlkZXNob3ciOiI4MGVjYTdiIn0%3D\">\n\t\t\t\t\t<div class=\"e-gallery-image elementor-gallery-item__image\" data-thumbnail=\"https:\/\/villalanterome.org\/wp-content\/uploads\/2024\/09\/20240814_111729-rotated.jpg\" data-width=\"675\" data-height=\"900\" aria-label=\"\" role=\"img\" ><\/div>\n\t\t\t\t\t\t\t\t\t\t\t<div class=\"elementor-gallery-item__overlay\"><\/div>\n\t\t\t\t\t\t\t\t\t\t\t\t\t\t<\/a>\n\t\t\t\t\t\t\t<a class=\"e-gallery-item elementor-gallery-item elementor-animated-content\" href=\"https:\/\/villalanterome.org\/wp-content\/uploads\/2024\/09\/sala-con-gente-2.jpg\" data-elementor-open-lightbox=\"yes\" data-elementor-lightbox-slideshow=\"80eca7b\" data-e-action-hash=\"#elementor-action%3Aaction%3Dlightbox%26settings%3DeyJpZCI6Nzc3NjgsInVybCI6Imh0dHBzOlwvXC92aWxsYWxhbnRlcm9tZS5vcmdcL3dwLWNvbnRlbnRcL3VwbG9hZHNcLzIwMjRcLzA5XC9zYWxhLWNvbi1nZW50ZS0yLmpwZyIsInNsaWRlc2hvdyI6IjgwZWNhN2IifQ%3D%3D\">\n\t\t\t\t\t<div class=\"e-gallery-image elementor-gallery-item__image\" data-thumbnail=\"https:\/\/villalanterome.org\/wp-content\/uploads\/2024\/09\/sala-con-gente-2-768x576.jpg\" data-width=\"768\" data-height=\"576\" aria-label=\"\" role=\"img\" ><\/div>\n\t\t\t\t\t\t\t\t\t\t\t<div class=\"elementor-gallery-item__overlay\"><\/div>\n\t\t\t\t\t\t\t\t\t\t\t\t\t\t<\/a>\n\t\t\t\t\t<\/div>\n\t\t\t\t\t<\/div>\n\t\t\t\t<\/div>\n\t\t\t\t\t<\/div>\n\t\t<\/div>\n\t\t\t\t<div class=\"elementor-column elementor-col-50 elementor-top-column elementor-element elementor-element-608c6fd\" data-id=\"608c6fd\" data-element_type=\"column\" data-e-type=\"column\">\n\t\t\t<div class=\"elementor-widget-wrap elementor-element-populated\">\n\t\t\t\t\t\t<div class=\"elementor-element elementor-element-bee2ae2 elementor-widget elementor-widget-heading\" data-id=\"bee2ae2\" data-element_type=\"widget\" data-e-type=\"widget\" data-widget_type=\"heading.default\">\n\t\t\t\t<div class=\"elementor-widget-container\">\n\t\t\t\t\t<h2 class=\"elementor-heading-title elementor-size-default\">Actividades<\/h2>\t\t\t\t<\/div>\n\t\t\t\t<\/div>\n\t\t\t\t<div class=\"elementor-element elementor-element-3649443 elementor-widget elementor-widget-text-editor\" data-id=\"3649443\" data-element_type=\"widget\" data-e-type=\"widget\" data-widget_type=\"text-editor.default\">\n\t\t\t\t<div class=\"elementor-widget-container\">\n\t\t\t\t\t\t\t\t\t<p>El Centro de Formaci\u00f3n Religiosa y Laica de la Villa Lante os invita a planificar las numerosas iniciativas posibles en uni\u00f3n con el Centro.<\/p><p>Sabemos que muchos grupos vendr\u00e1n a nosotros con proyectos formativos previamente dise\u00f1ados, para disponer quiz\u00e1 de nuestras salas multimedia, reuniones y visitas a Roma. Las propuestas que veis en esta secci\u00f3n vienen a enriquecer y a integrarse en las que hay\u00e1is organizado de antemano. As\u00ed mismo, existe la posibilidad de construir un programa que saque partido de nuestros muchos a\u00f1os de experiencia en cursos, ejercicios espirituales y visitas guiadas en el contexto romano.<\/p>\t\t\t\t\t\t\t\t<\/div>\n\t\t\t\t<\/div>\n\t\t\t\t<div class=\"elementor-element elementor-element-57f82fa elementor-widget elementor-widget-heading\" data-id=\"57f82fa\" data-element_type=\"widget\" data-e-type=\"widget\" data-widget_type=\"heading.default\">\n\t\t\t\t<div class=\"elementor-widget-container\">\n\t\t\t\t\t<h2 class=\"elementor-heading-title elementor-size-default\">\u00bfQU\u00c9 PODEMOS HACER POR VOSOTROS Y CON VOSOTROS?<\/h2>\t\t\t\t<\/div>\n\t\t\t\t<\/div>\n\t\t\t\t<div class=\"elementor-element elementor-element-68af514 elementor-widget elementor-widget-text-editor\" data-id=\"68af514\" data-element_type=\"widget\" data-e-type=\"widget\" data-widget_type=\"text-editor.default\">\n\t\t\t\t<div class=\"elementor-widget-container\">\n\t\t\t\t\t\t\t\t\t<p><strong>Servicios log\u00edsticos<br \/><\/strong>Pod\u00e9is solicitar nuestra ayuda para servicios log\u00edsticos tambi\u00e9n antes de vuestra llegada: reservas para la audiencia del Papa, ayuda para organizar viajes y excursiones por Italia, reservas en restaurantes de Roma o de fuera, traslados de ida o de vuelta al aeropuerto. Una vez asentados en la Villa Lante pod\u00e9is solicitar una reuni\u00f3n orientativa donde transmitimos un paquete de informaciones pr\u00e1cticas, necesarias para navegar por la ciudad y tomar contacto con el entorno del Trastevere.<\/p><p>Si utiliz\u00e1is nuestras salas multimedia podemos ofrecer servicio de int\u00e9rpretes para grupos multiling\u00fces.<\/p><p><strong>Congresos<\/strong><br \/>Si est\u00e1is interesados podemos preparar congresos sobre la sugerente historia de la expansi\u00f3n de los colegios del Sagrado Coraz\u00f3n en el mundo y las caracter\u00edsticas de sus m\u00e9todos de ense\u00f1anza. Podemos tambi\u00e9n preparar congresos sobre historia y asuntos actuales de Roma, en italiano o en ingl\u00e9s. Pod\u00e9is tambi\u00e9n seleccionar temas de tipo general, historia del arte o historia de la Roma antigua.<\/p><p><strong>Visitas guiadas<\/strong><br \/>Presentamos aqu\u00ed algunos ejemplos de visitas guiadas que os podemos organizar en Roma:<\/p><ul><li class=\"translation-block\">Colegio del Sagrado Coraz\u00f3n de la Trinit\u00e0 dei Monti, para ver el fresco original de <em>Mater Admirabilis<\/em>, cuya reproducci\u00f3n est\u00e1 en los colegios del Sagrado Ccraz\u00f3n de todo el mundo;<\/li><li>Bas\u00edlica de San Pedro;<\/li><li>Museos Vaticanos y Capilla Sixtina;<\/li><li>Catacumbas de San Esteban y paseo por la Via Apia;<\/li><li>Las admirables antiguas iglesias cristianas: San Clemente, Santa Pr\u00e1xedes y Santa Pudenciana;<\/li><li>Recorrido por las iglesis de Caravaggio y Bernini, artistas del Renacimiento cat\u00f3lico de los a\u00f1os 1600.<\/li><\/ul>\t\t\t\t\t\t\t\t<\/div>\n\t\t\t\t<\/div>\n\t\t\t\t<div class=\"elementor-element elementor-element-034d86b elementor-widget elementor-widget-heading\" data-id=\"034d86b\" data-element_type=\"widget\" data-e-type=\"widget\" data-widget_type=\"heading.default\">\n\t\t\t\t<div class=\"elementor-widget-container\">\n\t\t\t\t\t<h2 class=\"elementor-heading-title elementor-size-default\">CURSOS DE 10 HORAS EN LA SALA O EN LA CIUDAD<\/h2>\t\t\t\t<\/div>\n\t\t\t\t<\/div>\n\t\t\t\t<div class=\"elementor-element elementor-element-88a2791 elementor-widget elementor-widget-text-editor\" data-id=\"88a2791\" data-element_type=\"widget\" data-e-type=\"widget\" data-widget_type=\"text-editor.default\">\n\t\t\t\t<div class=\"elementor-widget-container\">\n\t\t\t\t\t\t\t\t\t<ul><li>Santa Magdalena Sof\u00eda en Roma y la historia de la Sociedad dle Sagrado Coraz\u00f3n, con visitas al Museo dedicado a ella y al los Archivos Generales de la Congregaci\u00f3n;<\/li><li>Roma antigua y  Roma cristiana: la transici\u00f3n de la capital del Imperio a la capital de la Cristiandad;<\/li><li>Los primeros m\u00e1rtires cristianos y los m\u00e1rtires de nuestro tiempo;<\/li><li>Arte italiano entre el Renacimiento y el Barroco: Miguel \u00c1ngel, Rafael, Caravaggio, Bernini y Borromini, con visitas guiadas a los Museos Vaticanos y a las iglesias de Caravaggio;<\/li><li>La doctrina social de la Iglesia contempor\u00e1nea: de la ecolog\u00eda a la justicia social.<\/li><\/ul><p>Con la ayuda de la comunidad del Sagrado Coraz\u00f3n planeamos organizar semanas con temas concretos de ejercicios espirituales guiados para grupos, en ingl\u00e9s, franc\u00e9s, italiano y coreano; o tambi\u00e9n incluir retiros espirituales alternativos para grupos con sus animadores.<\/p><p><a style=\"color: #b90101;\" href=\"https:\/\/villalanterome.org\/es\/contatti\/\"><strong>\u00a1Contactad con nosotras<\/strong><\/a> para m\u00e1s informaci\u00f3n y para crear vuestro programa en Roma con el Centro Villa Lante!<\/p>\t\t\t\t\t\t\t\t<\/div>\n\t\t\t\t<\/div>\n\t\t\t\t\t<\/div>\n\t\t<\/div>\n\t\t\t\t\t<\/div>\n\t\t<\/section>\n\t\t\t\t<\/div>","protected":false},"excerpt":{"rendered":"<p>Attivit\u00e0 Attivit\u00e0 Il Centro di Formazione per Religiosi e Laici di Villa Lante \u00e8 felice di invitarvi a programmare insieme le numerose iniziative possibili all\u2019interno e all\u2019esterno della Casa. Sappiamo che molti gruppi arriveranno da noi con un progetto gi\u00e0 stabilito di seminari di formazione, magari approfittando le nostre sale multimediali, incontri e visite in [&hellip;]<\/p>\n","protected":false},"author":1,"featured_media":0,"parent":0,"menu_order":21,"comment_status":"closed","ping_status":"closed","template":"elementor_header_footer","meta":{"footnotes":""},"class_list":["post-77762","page","type-page","status-publish","hentry"],"yoast_head":"<!-- This site is optimized with the Yoast SEO plugin v27.3 - https:\/\/yoast.com\/product\/yoast-seo-wordpress\/ -->\n<title>Attivit\u00e0 - Villa Lante Center<\/title>\n<meta name=\"robots\" content=\"index, follow, max-snippet:-1, max-image-preview:large, max-video-preview:-1\" \/>\n<link rel=\"canonical\" href=\"https:\/\/villalanterome.org\/es\/attivita\/\" \/>\n<meta property=\"og:locale\" content=\"es_ES\" \/>\n<meta property=\"og:type\" content=\"article\" \/>\n<meta property=\"og:title\" content=\"Attivit\u00e0 - Villa Lante Center\" \/>\n<meta property=\"og:description\" content=\"Attivit\u00e0 Attivit\u00e0 Il Centro di Formazione per Religiosi e Laici di Villa Lante \u00e8 felice di invitarvi a programmare insieme le numerose iniziative possibili all\u2019interno e all\u2019esterno della Casa. Sappiamo che molti gruppi arriveranno da noi con un progetto gi\u00e0 stabilito di seminari di formazione, magari approfittando le nostre sale multimediali, incontri e visite in [&hellip;]\" \/>\n<meta property=\"og:url\" content=\"https:\/\/villalanterome.org\/es\/attivita\/\" \/>\n<meta property=\"og:site_name\" content=\"Villa Lante Center\" \/>\n<meta property=\"article:modified_time\" content=\"2024-09-24T08:26:00+00:00\" \/>\n<meta name=\"twitter:card\" content=\"summary_large_image\" \/>\n<meta name=\"twitter:label1\" content=\"Tiempo de lectura\" \/>\n\t<meta name=\"twitter:data1\" content=\"3 minutos\" \/>\n<script type=\"application\/ld+json\" class=\"yoast-schema-graph\">{\"@context\":\"https:\\\/\\\/schema.org\",\"@graph\":[{\"@type\":\"WebPage\",\"@id\":\"https:\\\/\\\/villalanterome.org\\\/attivita\\\/\",\"url\":\"https:\\\/\\\/villalanterome.org\\\/attivita\\\/\",\"name\":\"Attivit\u00e0 - Villa Lante Center\",\"isPartOf\":{\"@id\":\"https:\\\/\\\/villalanterome.org\\\/#website\"},\"datePublished\":\"2024-09-18T15:29:56+00:00\",\"dateModified\":\"2024-09-24T08:26:00+00:00\",\"breadcrumb\":{\"@id\":\"https:\\\/\\\/villalanterome.org\\\/attivita\\\/#breadcrumb\"},\"inLanguage\":\"es\",\"potentialAction\":[{\"@type\":\"ReadAction\",\"target\":[\"https:\\\/\\\/villalanterome.org\\\/attivita\\\/\"]}]},{\"@type\":\"BreadcrumbList\",\"@id\":\"https:\\\/\\\/villalanterome.org\\\/attivita\\\/#breadcrumb\",\"itemListElement\":[{\"@type\":\"ListItem\",\"position\":1,\"name\":\"Home\",\"item\":\"https:\\\/\\\/villalanterome.org\\\/\"},{\"@type\":\"ListItem\",\"position\":2,\"name\":\"Attivit\u00e0\"}]},{\"@type\":\"WebSite\",\"@id\":\"https:\\\/\\\/villalanterome.org\\\/#website\",\"url\":\"https:\\\/\\\/villalanterome.org\\\/\",\"name\":\"Villa Lante Center\",\"description\":\"\",\"publisher\":{\"@id\":\"https:\\\/\\\/villalanterome.org\\\/#organization\"},\"potentialAction\":[{\"@type\":\"SearchAction\",\"target\":{\"@type\":\"EntryPoint\",\"urlTemplate\":\"https:\\\/\\\/villalanterome.org\\\/?s={search_term_string}\"},\"query-input\":{\"@type\":\"PropertyValueSpecification\",\"valueRequired\":true,\"valueName\":\"search_term_string\"}}],\"inLanguage\":\"es\"},{\"@type\":\"Organization\",\"@id\":\"https:\\\/\\\/villalanterome.org\\\/#organization\",\"name\":\"Villa Lante Center\",\"url\":\"https:\\\/\\\/villalanterome.org\\\/\",\"logo\":{\"@type\":\"ImageObject\",\"inLanguage\":\"es\",\"@id\":\"https:\\\/\\\/villalanterome.org\\\/#\\\/schema\\\/logo\\\/image\\\/\",\"url\":\"https:\\\/\\\/villalanterome.org\\\/wp-content\\\/uploads\\\/2021\\\/12\\\/cropped-logo-villa-lante-top-e1719995265234.png\",\"contentUrl\":\"https:\\\/\\\/villalanterome.org\\\/wp-content\\\/uploads\\\/2021\\\/12\\\/cropped-logo-villa-lante-top-e1719995265234.png\",\"width\":512,\"height\":512,\"caption\":\"Villa Lante Center\"},\"image\":{\"@id\":\"https:\\\/\\\/villalanterome.org\\\/#\\\/schema\\\/logo\\\/image\\\/\"}}]}<\/script>\n<!-- \/ Yoast SEO plugin. -->","yoast_head_json":{"title":"Attivit\u00e0 - Villa Lante Center","robots":{"index":"index","follow":"follow","max-snippet":"max-snippet:-1","max-image-preview":"max-image-preview:large","max-video-preview":"max-video-preview:-1"},"canonical":"https:\/\/villalanterome.org\/es\/attivita\/","og_locale":"es_ES","og_type":"article","og_title":"Attivit\u00e0 - Villa Lante Center","og_description":"Attivit\u00e0 Attivit\u00e0 Il Centro di Formazione per Religiosi e Laici di Villa Lante \u00e8 felice di invitarvi a programmare insieme le numerose iniziative possibili all\u2019interno e all\u2019esterno della Casa. Sappiamo che molti gruppi arriveranno da noi con un progetto gi\u00e0 stabilito di seminari di formazione, magari approfittando le nostre sale multimediali, incontri e visite in [&hellip;]","og_url":"https:\/\/villalanterome.org\/es\/attivita\/","og_site_name":"Villa Lante Center","article_modified_time":"2024-09-24T08:26:00+00:00","twitter_card":"summary_large_image","twitter_misc":{"Tiempo de lectura":"3 minutos"},"schema":{"@context":"https:\/\/schema.org","@graph":[{"@type":"WebPage","@id":"https:\/\/villalanterome.org\/attivita\/","url":"https:\/\/villalanterome.org\/attivita\/","name":"Attivit\u00e0 - Villa Lante Center","isPartOf":{"@id":"https:\/\/villalanterome.org\/#website"},"datePublished":"2024-09-18T15:29:56+00:00","dateModified":"2024-09-24T08:26:00+00:00","breadcrumb":{"@id":"https:\/\/villalanterome.org\/attivita\/#breadcrumb"},"inLanguage":"es","potentialAction":[{"@type":"ReadAction","target":["https:\/\/villalanterome.org\/attivita\/"]}]},{"@type":"BreadcrumbList","@id":"https:\/\/villalanterome.org\/attivita\/#breadcrumb","itemListElement":[{"@type":"ListItem","position":1,"name":"Home","item":"https:\/\/villalanterome.org\/"},{"@type":"ListItem","position":2,"name":"Attivit\u00e0"}]},{"@type":"WebSite","@id":"https:\/\/villalanterome.org\/#website","url":"https:\/\/villalanterome.org\/","name":"Villa Lante Center","description":"","publisher":{"@id":"https:\/\/villalanterome.org\/#organization"},"potentialAction":[{"@type":"SearchAction","target":{"@type":"EntryPoint","urlTemplate":"https:\/\/villalanterome.org\/?s={search_term_string}"},"query-input":{"@type":"PropertyValueSpecification","valueRequired":true,"valueName":"search_term_string"}}],"inLanguage":"es"},{"@type":"Organization","@id":"https:\/\/villalanterome.org\/#organization","name":"Villa Lante Center","url":"https:\/\/villalanterome.org\/","logo":{"@type":"ImageObject","inLanguage":"es","@id":"https:\/\/villalanterome.org\/#\/schema\/logo\/image\/","url":"https:\/\/villalanterome.org\/wp-content\/uploads\/2021\/12\/cropped-logo-villa-lante-top-e1719995265234.png","contentUrl":"https:\/\/villalanterome.org\/wp-content\/uploads\/2021\/12\/cropped-logo-villa-lante-top-e1719995265234.png","width":512,"height":512,"caption":"Villa Lante Center"},"image":{"@id":"https:\/\/villalanterome.org\/#\/schema\/logo\/image\/"}}]}},"_links":{"self":[{"href":"https:\/\/villalanterome.org\/es\/wp-json\/wp\/v2\/pages\/77762","targetHints":{"allow":["GET"]}}],"collection":[{"href":"https:\/\/villalanterome.org\/es\/wp-json\/wp\/v2\/pages"}],"about":[{"href":"https:\/\/villalanterome.org\/es\/wp-json\/wp\/v2\/types\/page"}],"author":[{"embeddable":true,"href":"https:\/\/villalanterome.org\/es\/wp-json\/wp\/v2\/users\/1"}],"replies":[{"embeddable":true,"href":"https:\/\/villalanterome.org\/es\/wp-json\/wp\/v2\/comments?post=77762"}],"version-history":[{"count":50,"href":"https:\/\/villalanterome.org\/es\/wp-json\/wp\/v2\/pages\/77762\/revisions"}],"predecessor-version":[{"id":78113,"href":"https:\/\/villalanterome.org\/es\/wp-json\/wp\/v2\/pages\/77762\/revisions\/78113"}],"wp:attachment":[{"href":"https:\/\/villalanterome.org\/es\/wp-json\/wp\/v2\/media?parent=77762"}],"curies":[{"name":"wp","href":"https:\/\/api.w.org\/{rel}","templated":true}]}}