{"id":77719,"date":"2024-09-16T15:56:42","date_gmt":"2024-09-16T13:56:42","guid":{"rendered":"https:\/\/villalanterome.org\/?page_id=77719"},"modified":"2025-07-02T17:14:18","modified_gmt":"2025-07-02T15:14:18","slug":"ospitalita-e-servizi","status":"publish","type":"page","link":"https:\/\/villalanterome.org\/es\/ospitalita-e-servizi\/","title":{"rendered":"Hospitalidad y servicios"},"content":{"rendered":"<div data-elementor-type=\"wp-page\" data-elementor-id=\"77719\" class=\"elementor elementor-77719\" data-elementor-post-type=\"page\">\n\t\t\t\t\t\t<section class=\"elementor-section elementor-top-section elementor-element elementor-element-13760a8 elementor-reverse-tablet elementor-reverse-mobile elementor-section-boxed elementor-section-height-default elementor-section-height-default\" data-id=\"13760a8\" data-element_type=\"section\" data-e-type=\"section\" data-settings=\"{&quot;background_background&quot;:&quot;classic&quot;,&quot;jet_parallax_layout_list&quot;:[]}\">\n\t\t\t\t\t\t\t<div class=\"elementor-background-overlay\"><\/div>\n\t\t\t\t\t\t\t<div class=\"elementor-container elementor-column-gap-wider\">\n\t\t\t\t\t<div class=\"elementor-column elementor-col-100 elementor-top-column elementor-element elementor-element-3fddcef\" data-id=\"3fddcef\" data-element_type=\"column\" data-e-type=\"column\">\n\t\t\t<div class=\"elementor-widget-wrap elementor-element-populated\">\n\t\t\t\t\t\t<div class=\"elementor-element elementor-element-c0794ab elementor-widget elementor-widget-spacer\" data-id=\"c0794ab\" data-element_type=\"widget\" data-e-type=\"widget\" data-widget_type=\"spacer.default\">\n\t\t\t\t<div class=\"elementor-widget-container\">\n\t\t\t\t\t\t\t<div class=\"elementor-spacer\">\n\t\t\t<div class=\"elementor-spacer-inner\"><\/div>\n\t\t<\/div>\n\t\t\t\t\t\t<\/div>\n\t\t\t\t<\/div>\n\t\t\t\t<div class=\"elementor-element elementor-element-ad83ab5 elementor-widget__width-initial elementor-widget elementor-widget-heading\" data-id=\"ad83ab5\" data-element_type=\"widget\" data-e-type=\"widget\" data-widget_type=\"heading.default\">\n\t\t\t\t<div class=\"elementor-widget-container\">\n\t\t\t\t\t<h1 class=\"elementor-heading-title elementor-size-default\">Hospitalidad y servicios<\/h1>\t\t\t\t<\/div>\n\t\t\t\t<\/div>\n\t\t\t\t\t<\/div>\n\t\t<\/div>\n\t\t\t\t\t<\/div>\n\t\t<\/section>\n\t\t\t\t<section class=\"elementor-section elementor-top-section elementor-element elementor-element-65ea903 elementor-reverse-mobile elementor-section-boxed elementor-section-height-default elementor-section-height-default\" data-id=\"65ea903\" data-element_type=\"section\" data-e-type=\"section\" data-settings=\"{&quot;background_background&quot;:&quot;classic&quot;,&quot;jet_parallax_layout_list&quot;:[]}\">\n\t\t\t\t\t\t<div class=\"elementor-container elementor-column-gap-wider\">\n\t\t\t\t\t<div class=\"elementor-column elementor-col-100 elementor-top-column elementor-element elementor-element-608c6fd\" data-id=\"608c6fd\" data-element_type=\"column\" data-e-type=\"column\">\n\t\t\t<div class=\"elementor-widget-wrap elementor-element-populated\">\n\t\t\t\t\t\t<div class=\"elementor-element elementor-element-3649443 elementor-widget elementor-widget-text-editor\" data-id=\"3649443\" data-element_type=\"widget\" data-e-type=\"widget\" data-widget_type=\"text-editor.default\">\n\t\t\t\t<div class=\"elementor-widget-container\">\n\t\t\t\t\t\t\t\t\t<p><strong>El jard\u00edn<\/strong>: la Villa Lante est\u00e1 situada dentro de un gran parque centenario con forma de jard\u00edn. En este jard\u00edn nuestros visitantes pueden gozar de momentos de oraci\u00f3n y meditaci\u00f3n o simplemente de relajaci\u00f3n en el silencio de la naturaleza. Aqu\u00ed se pueden organizar ejercicios espirituales y dar acogida a otras actividades.<\/p><p class=\"translation-block\"><b>La iglesia<\/b>: la Villa Lante encierra una bella iglesia entre sus espacios, la segunda iglesia neog\u00f3tica construida en Roma, que consideramos una aut\u00e9ntica joya arquitect\u00f3nica. Es donde nosotras celebramos nuestras ceremonias, como la de Profesi\u00f3n en la Sociedad del Sagrado Coraz\u00f2n, y tambi\u00e9n numerosos conciertos. Adem\u00e1s de la iglesia hay otras tres peque\u00f1as capillas donde los visitantes pueden reunirse en oraci\u00f3n.<\/p><p><strong>La Casa de Vacaciones<\/strong>: Para dar la bienvenida a grupos y personas interesadas en visitar Roma para programas de formaci\u00f3n o participar en celebraciones especiales como el Jubileo, hemos reabierto nuestra Casa de Vacaciones a partir de 2025 por demanda popular, despu\u00e9s de un largo y profundo trabajo de renovaci\u00f3n. Ahora nuestras 25 habitaciones individuales, dobles y triples son modernas, tranquilas y confortables. Est\u00e1n equipadas con ba\u00f1o privado, aire acondicionado, doble acristalamiento aislante con mosquiteras, Wifi y llave electr\u00f3nica. El servicio de desayuno est\u00e1 incluido en el precio de la habitaci\u00f3n, mientras que es posible solicitar el almuerzo o la cena solo para grupos de m\u00ednimo 10\/12 personas. Los hu\u00e9spedes pueden solicitar una cuna en la habitaci\u00f3n y no hay l\u00edmite horario para el regreso a la casa.<\/p><p class=\"translation-block\"><b>Salas para reuniones multimedia<\/b>: la Villa Lante est\u00e1 equipada con cuatro salas para congresos, dos amplias para acomodar hasta 30-40 personas y dos menores para grupos de trabajo de hasta 15 personas. Las salas grandes est\u00e1n equipadas con cabinas de int\u00e9rpretes para grupos multiling\u00fces y est\u00e1n interconectadas para eventos por Zoom; la sala de control proporciona aistencia t\u00e9cnica, eficiente y segura, a todos los grupos de trabajo. Durante los descansos es posible pasar a la hermosa terraza equipada con mesas y sillas orientadas al jard\u00edn, donde disfrutar de un buen caf\u00e9 italiano.<\/p><p>A su llegada los visitantes ser\u00e1n recibidos por un miembro del equipo que le dar\u00e1 toda la informaci\u00f3n pr\u00e1ctica para que se sientan a gusto en la casa. Si lo solicitan, tambi\u00e9n se puede tener una reuni\u00f3n orientativa para moverse por Roma y hacer su estancia m\u00e1s agradable.<\/p><p>\u00a1El equipo multiling\u00fce estar\u00e1 en todo momento a su disposici\u00f3n para todo lo que necesiten!<\/p>\t\t\t\t\t\t\t\t<\/div>\n\t\t\t\t<\/div>\n\t\t\t\t\t<\/div>\n\t\t<\/div>\n\t\t\t\t\t<\/div>\n\t\t<\/section>\n\t\t\t\t<\/div>","protected":false},"excerpt":{"rendered":"<p>Ospitalit\u00e0 e Servizi Il giardino: Villa Lante \u00e8 immersa in un grande parco secolare, curato con amore e impegno da tutti noi. Nel giardino i nostri ospiti possono godere di momenti di preghiera e raccoglimento o semplicemente rilassarsi nel silenzio della natura dopo le visite nella citt\u00e0. Qui saranno organizzati i nostri ritiri spirituali e [&hellip;]<\/p>\n","protected":false},"author":1,"featured_media":0,"parent":0,"menu_order":21,"comment_status":"closed","ping_status":"closed","template":"elementor_header_footer","meta":{"footnotes":""},"class_list":["post-77719","page","type-page","status-publish","hentry"],"yoast_head":"<!-- This site is optimized with the Yoast SEO plugin v27.3 - https:\/\/yoast.com\/product\/yoast-seo-wordpress\/ -->\n<title>Ospitalit\u00e0 e Servizi - Villa Lante Center<\/title>\n<meta name=\"robots\" content=\"index, follow, max-snippet:-1, max-image-preview:large, max-video-preview:-1\" \/>\n<link rel=\"canonical\" href=\"https:\/\/villalanterome.org\/es\/ospitalita-e-servizi\/\" \/>\n<meta property=\"og:locale\" content=\"es_ES\" \/>\n<meta property=\"og:type\" content=\"article\" \/>\n<meta property=\"og:title\" content=\"Ospitalit\u00e0 e Servizi - Villa Lante Center\" \/>\n<meta property=\"og:description\" content=\"Ospitalit\u00e0 e Servizi Il giardino: Villa Lante \u00e8 immersa in un grande parco secolare, curato con amore e impegno da tutti noi. Nel giardino i nostri ospiti possono godere di momenti di preghiera e raccoglimento o semplicemente rilassarsi nel silenzio della natura dopo le visite nella citt\u00e0. Qui saranno organizzati i nostri ritiri spirituali e [&hellip;]\" \/>\n<meta property=\"og:url\" content=\"https:\/\/villalanterome.org\/es\/ospitalita-e-servizi\/\" \/>\n<meta property=\"og:site_name\" content=\"Villa Lante Center\" \/>\n<meta property=\"article:modified_time\" content=\"2025-07-02T15:14:18+00:00\" \/>\n<meta name=\"twitter:card\" content=\"summary_large_image\" \/>\n<meta name=\"twitter:label1\" content=\"Tiempo de lectura\" \/>\n\t<meta name=\"twitter:data1\" content=\"3 minutos\" \/>\n<script type=\"application\/ld+json\" class=\"yoast-schema-graph\">{\"@context\":\"https:\\\/\\\/schema.org\",\"@graph\":[{\"@type\":\"WebPage\",\"@id\":\"https:\\\/\\\/villalanterome.org\\\/ospitalita-e-servizi\\\/\",\"url\":\"https:\\\/\\\/villalanterome.org\\\/ospitalita-e-servizi\\\/\",\"name\":\"Ospitalit\u00e0 e Servizi - Villa Lante Center\",\"isPartOf\":{\"@id\":\"https:\\\/\\\/villalanterome.org\\\/#website\"},\"datePublished\":\"2024-09-16T13:56:42+00:00\",\"dateModified\":\"2025-07-02T15:14:18+00:00\",\"breadcrumb\":{\"@id\":\"https:\\\/\\\/villalanterome.org\\\/ospitalita-e-servizi\\\/#breadcrumb\"},\"inLanguage\":\"es\",\"potentialAction\":[{\"@type\":\"ReadAction\",\"target\":[\"https:\\\/\\\/villalanterome.org\\\/ospitalita-e-servizi\\\/\"]}]},{\"@type\":\"BreadcrumbList\",\"@id\":\"https:\\\/\\\/villalanterome.org\\\/ospitalita-e-servizi\\\/#breadcrumb\",\"itemListElement\":[{\"@type\":\"ListItem\",\"position\":1,\"name\":\"Home\",\"item\":\"https:\\\/\\\/villalanterome.org\\\/\"},{\"@type\":\"ListItem\",\"position\":2,\"name\":\"Ospitalit\u00e0 e Servizi\"}]},{\"@type\":\"WebSite\",\"@id\":\"https:\\\/\\\/villalanterome.org\\\/#website\",\"url\":\"https:\\\/\\\/villalanterome.org\\\/\",\"name\":\"Villa Lante Center\",\"description\":\"\",\"publisher\":{\"@id\":\"https:\\\/\\\/villalanterome.org\\\/#organization\"},\"potentialAction\":[{\"@type\":\"SearchAction\",\"target\":{\"@type\":\"EntryPoint\",\"urlTemplate\":\"https:\\\/\\\/villalanterome.org\\\/?s={search_term_string}\"},\"query-input\":{\"@type\":\"PropertyValueSpecification\",\"valueRequired\":true,\"valueName\":\"search_term_string\"}}],\"inLanguage\":\"es\"},{\"@type\":\"Organization\",\"@id\":\"https:\\\/\\\/villalanterome.org\\\/#organization\",\"name\":\"Villa Lante Center\",\"url\":\"https:\\\/\\\/villalanterome.org\\\/\",\"logo\":{\"@type\":\"ImageObject\",\"inLanguage\":\"es\",\"@id\":\"https:\\\/\\\/villalanterome.org\\\/#\\\/schema\\\/logo\\\/image\\\/\",\"url\":\"https:\\\/\\\/villalanterome.org\\\/wp-content\\\/uploads\\\/2021\\\/12\\\/cropped-logo-villa-lante-top-e1719995265234.png\",\"contentUrl\":\"https:\\\/\\\/villalanterome.org\\\/wp-content\\\/uploads\\\/2021\\\/12\\\/cropped-logo-villa-lante-top-e1719995265234.png\",\"width\":512,\"height\":512,\"caption\":\"Villa Lante Center\"},\"image\":{\"@id\":\"https:\\\/\\\/villalanterome.org\\\/#\\\/schema\\\/logo\\\/image\\\/\"}}]}<\/script>\n<!-- \/ Yoast SEO plugin. -->","yoast_head_json":{"title":"Ospitalit\u00e0 e Servizi - Villa Lante Center","robots":{"index":"index","follow":"follow","max-snippet":"max-snippet:-1","max-image-preview":"max-image-preview:large","max-video-preview":"max-video-preview:-1"},"canonical":"https:\/\/villalanterome.org\/es\/ospitalita-e-servizi\/","og_locale":"es_ES","og_type":"article","og_title":"Ospitalit\u00e0 e Servizi - Villa Lante Center","og_description":"Ospitalit\u00e0 e Servizi Il giardino: Villa Lante \u00e8 immersa in un grande parco secolare, curato con amore e impegno da tutti noi. Nel giardino i nostri ospiti possono godere di momenti di preghiera e raccoglimento o semplicemente rilassarsi nel silenzio della natura dopo le visite nella citt\u00e0. Qui saranno organizzati i nostri ritiri spirituali e [&hellip;]","og_url":"https:\/\/villalanterome.org\/es\/ospitalita-e-servizi\/","og_site_name":"Villa Lante Center","article_modified_time":"2025-07-02T15:14:18+00:00","twitter_card":"summary_large_image","twitter_misc":{"Tiempo de lectura":"3 minutos"},"schema":{"@context":"https:\/\/schema.org","@graph":[{"@type":"WebPage","@id":"https:\/\/villalanterome.org\/ospitalita-e-servizi\/","url":"https:\/\/villalanterome.org\/ospitalita-e-servizi\/","name":"Ospitalit\u00e0 e Servizi - Villa Lante Center","isPartOf":{"@id":"https:\/\/villalanterome.org\/#website"},"datePublished":"2024-09-16T13:56:42+00:00","dateModified":"2025-07-02T15:14:18+00:00","breadcrumb":{"@id":"https:\/\/villalanterome.org\/ospitalita-e-servizi\/#breadcrumb"},"inLanguage":"es","potentialAction":[{"@type":"ReadAction","target":["https:\/\/villalanterome.org\/ospitalita-e-servizi\/"]}]},{"@type":"BreadcrumbList","@id":"https:\/\/villalanterome.org\/ospitalita-e-servizi\/#breadcrumb","itemListElement":[{"@type":"ListItem","position":1,"name":"Home","item":"https:\/\/villalanterome.org\/"},{"@type":"ListItem","position":2,"name":"Ospitalit\u00e0 e Servizi"}]},{"@type":"WebSite","@id":"https:\/\/villalanterome.org\/#website","url":"https:\/\/villalanterome.org\/","name":"Villa Lante Center","description":"","publisher":{"@id":"https:\/\/villalanterome.org\/#organization"},"potentialAction":[{"@type":"SearchAction","target":{"@type":"EntryPoint","urlTemplate":"https:\/\/villalanterome.org\/?s={search_term_string}"},"query-input":{"@type":"PropertyValueSpecification","valueRequired":true,"valueName":"search_term_string"}}],"inLanguage":"es"},{"@type":"Organization","@id":"https:\/\/villalanterome.org\/#organization","name":"Villa Lante Center","url":"https:\/\/villalanterome.org\/","logo":{"@type":"ImageObject","inLanguage":"es","@id":"https:\/\/villalanterome.org\/#\/schema\/logo\/image\/","url":"https:\/\/villalanterome.org\/wp-content\/uploads\/2021\/12\/cropped-logo-villa-lante-top-e1719995265234.png","contentUrl":"https:\/\/villalanterome.org\/wp-content\/uploads\/2021\/12\/cropped-logo-villa-lante-top-e1719995265234.png","width":512,"height":512,"caption":"Villa Lante Center"},"image":{"@id":"https:\/\/villalanterome.org\/#\/schema\/logo\/image\/"}}]}},"_links":{"self":[{"href":"https:\/\/villalanterome.org\/es\/wp-json\/wp\/v2\/pages\/77719","targetHints":{"allow":["GET"]}}],"collection":[{"href":"https:\/\/villalanterome.org\/es\/wp-json\/wp\/v2\/pages"}],"about":[{"href":"https:\/\/villalanterome.org\/es\/wp-json\/wp\/v2\/types\/page"}],"author":[{"embeddable":true,"href":"https:\/\/villalanterome.org\/es\/wp-json\/wp\/v2\/users\/1"}],"replies":[{"embeddable":true,"href":"https:\/\/villalanterome.org\/es\/wp-json\/wp\/v2\/comments?post=77719"}],"version-history":[{"count":31,"href":"https:\/\/villalanterome.org\/es\/wp-json\/wp\/v2\/pages\/77719\/revisions"}],"predecessor-version":[{"id":78266,"href":"https:\/\/villalanterome.org\/es\/wp-json\/wp\/v2\/pages\/77719\/revisions\/78266"}],"wp:attachment":[{"href":"https:\/\/villalanterome.org\/es\/wp-json\/wp\/v2\/media?parent=77719"}],"curies":[{"name":"wp","href":"https:\/\/api.w.org\/{rel}","templated":true}]}}