{"id":7609,"date":"2020-11-06T14:07:01","date_gmt":"2020-11-06T14:07:01","guid":{"rendered":"https:\/\/the7.io\/elementor-main\/?page_id=7609"},"modified":"2025-07-03T09:14:40","modified_gmt":"2025-07-03T07:14:40","slug":"chi-siamo","status":"publish","type":"page","link":"https:\/\/villalanterome.org\/es\/chi-siamo\/","title":{"rendered":"Qui\u00e9nes somos"},"content":{"rendered":"<div data-elementor-type=\"wp-page\" data-elementor-id=\"7609\" class=\"elementor elementor-7609\" data-elementor-post-type=\"page\">\n\t\t\t\t\t\t<section class=\"elementor-section elementor-top-section elementor-element elementor-element-13760a8 elementor-reverse-tablet elementor-reverse-mobile elementor-section-boxed elementor-section-height-default elementor-section-height-default\" data-id=\"13760a8\" data-element_type=\"section\" data-e-type=\"section\" data-settings=\"{&quot;background_background&quot;:&quot;classic&quot;,&quot;jet_parallax_layout_list&quot;:[]}\">\n\t\t\t\t\t\t\t<div class=\"elementor-background-overlay\"><\/div>\n\t\t\t\t\t\t\t<div class=\"elementor-container elementor-column-gap-wider\">\n\t\t\t\t\t<div class=\"elementor-column elementor-col-100 elementor-top-column elementor-element elementor-element-3fddcef\" data-id=\"3fddcef\" data-element_type=\"column\" data-e-type=\"column\">\n\t\t\t<div class=\"elementor-widget-wrap elementor-element-populated\">\n\t\t\t\t\t\t<div class=\"elementor-element elementor-element-c0794ab elementor-widget elementor-widget-spacer\" data-id=\"c0794ab\" data-element_type=\"widget\" data-e-type=\"widget\" data-widget_type=\"spacer.default\">\n\t\t\t\t<div class=\"elementor-widget-container\">\n\t\t\t\t\t\t\t<div class=\"elementor-spacer\">\n\t\t\t<div class=\"elementor-spacer-inner\"><\/div>\n\t\t<\/div>\n\t\t\t\t\t\t<\/div>\n\t\t\t\t<\/div>\n\t\t\t\t<div class=\"elementor-element elementor-element-ad83ab5 elementor-widget__width-initial elementor-widget elementor-widget-heading\" data-id=\"ad83ab5\" data-element_type=\"widget\" data-e-type=\"widget\" data-widget_type=\"heading.default\">\n\t\t\t\t<div class=\"elementor-widget-container\">\n\t\t\t\t\t<h1 class=\"elementor-heading-title elementor-size-default\">Qui\u00e9nes somos<\/h1>\t\t\t\t<\/div>\n\t\t\t\t<\/div>\n\t\t\t\t\t<\/div>\n\t\t<\/div>\n\t\t\t\t\t<\/div>\n\t\t<\/section>\n\t\t\t\t<section class=\"elementor-section elementor-top-section elementor-element elementor-element-65ea903 elementor-reverse-mobile elementor-section-boxed elementor-section-height-default elementor-section-height-default\" data-id=\"65ea903\" data-element_type=\"section\" data-e-type=\"section\" data-settings=\"{&quot;background_background&quot;:&quot;classic&quot;,&quot;jet_parallax_layout_list&quot;:[]}\">\n\t\t\t\t\t\t<div class=\"elementor-container elementor-column-gap-wider\">\n\t\t\t\t\t<div class=\"elementor-column elementor-col-50 elementor-top-column elementor-element elementor-element-d35a8eb\" data-id=\"d35a8eb\" data-element_type=\"column\" data-e-type=\"column\">\n\t\t\t<div class=\"elementor-widget-wrap elementor-element-populated\">\n\t\t\t\t\t\t<div class=\"elementor-element elementor-element-a4ac70b elementor-widget elementor-widget-image\" data-id=\"a4ac70b\" data-element_type=\"widget\" data-e-type=\"widget\" data-widget_type=\"image.default\">\n\t\t\t\t<div class=\"elementor-widget-container\">\n\t\t\t\t\t\t\t\t\t\t\t\t\t\t\t<img fetchpriority=\"high\" decoding=\"async\" width=\"700\" height=\"834\" src=\"https:\/\/villalanterome.org\/wp-content\/uploads\/2024\/07\/VILLALANTEfronte1.jpg\" class=\"attachment-large size-large wp-image-77506\" alt=\"\" srcset=\"https:\/\/villalanterome.org\/wp-content\/uploads\/2024\/07\/VILLALANTEfronte1.jpg 700w, https:\/\/villalanterome.org\/wp-content\/uploads\/2024\/07\/VILLALANTEfronte1-252x300.jpg 252w\" sizes=\"(max-width: 700px) 100vw, 700px\" \/>\t\t\t\t\t\t\t\t\t\t\t\t\t\t\t<\/div>\n\t\t\t\t<\/div>\n\t\t\t\t\t<\/div>\n\t\t<\/div>\n\t\t\t\t<div class=\"elementor-column elementor-col-50 elementor-top-column elementor-element elementor-element-608c6fd\" data-id=\"608c6fd\" data-element_type=\"column\" data-e-type=\"column\">\n\t\t\t<div class=\"elementor-widget-wrap elementor-element-populated\">\n\t\t\t\t\t\t<div class=\"elementor-element elementor-element-3649443 elementor-widget elementor-widget-text-editor\" data-id=\"3649443\" data-element_type=\"widget\" data-e-type=\"widget\" data-widget_type=\"text-editor.default\">\n\t\t\t\t<div class=\"elementor-widget-container\">\n\t\t\t\t\t\t\t\t\t<p class=\"translation-block\">El edificio hist\u00f3rico del siglo XVI, la <b>Villa Lante en el Trastevere<\/b>, es uno de los m\u00e1s significativos de la Sociedad del Sagrado Coraz\u00f3n.<\/p><p class=\"translation-block\">Ha pertenecido a la Sociedad desde 1837, cuando se crearon en Roma los centros operativos de la  Sociedad del Sagrado Coraz\u00f3n. La fundadora, <b>santa Magdalena Sof\u00eda Barat<\/b>, se intal\u00f3 aqu\u00ed durante su estancia en Roma. Durante este tiempo el edificio ha servido en la misi\u00f3n de la Congregaci\u00f3n de muchas maneras: como casa de comunidad para nuestras hermanas, como base de varias formas de pogramas educativos como el colegio, la guarder\u00eda, o el centro de j\u00f3venes para la comunidad local del barrio del Trastevere.<\/p><p>El Centro de Formaci\u00f3n para Religiosos y Laicos de Villa Lante refleja su historia de hospitalidad ofreciendo hoy un nuevo y hermoso espacio a todos los hu\u00e9spedes de la gran familia del Sagrado Coraz\u00f3n y de otras organizaciones e instituciones que tienen una actividad en l\u00ednea con nuestra misi\u00f3n y nuestro carisma.<br \/>Los invitados individuales que compartan la espiritualidad y la misi\u00f3n de la Sociedad del Sagrado Coraz\u00f3n tambi\u00e9n ser\u00e1n bienvenidos.<\/p><p>La misi\u00f3n del Centro de Formaci\u00f3n Religiosa y Laica de la Sociedad del Sagrado Coraz\u00f3n es proporcionar un lugar de encuentro para aquellos que comparten la misi\u00f3n de educar, aprender y colaborar en los objetivos relacionados con renovaci\u00f3n espiritual, educaci\u00f3n, justicia, paz e integridad de la creaci\u00f3n (JPIC). Estamos abiertas a participar y compartir programas comprometidos con el trabajo educativo a trav\u00e9s del crecimiento de las personas.<\/p><p>Tenemos ilusi\u00f3n por dar la bienvenida a nuevos amigos y celebrar la diversidad de experiencias de aquellos con los que colabora la Sociedad. Buscamos continuar en la tradici\u00f3n de los programas activos educacionales de nuestros colegios en todo el mundo.<\/p>\t\t\t\t\t\t\t\t<\/div>\n\t\t\t\t<\/div>\n\t\t\t\t\t<\/div>\n\t\t<\/div>\n\t\t\t\t\t<\/div>\n\t\t<\/section>\n\t\t\t\t<\/div>","protected":false},"excerpt":{"rendered":"<p>Chi siamo La cinquecentesca Villa Lante in Trastevere \u00e8 uno degli edifici storicamente pi\u00f9 significativi della Societ\u00e0 del Sacro Cuore. Fa parte della Societ\u00e0 dal 1837, quando divenne la sede romana della Societ\u00e0 del Sacro Cuore, grazie alla fondatrice Santa Madeleine Sophie Barat che soggiornava qui durante le sue visite a Roma. In questo periodo, [&hellip;]<\/p>\n","protected":false},"author":1,"featured_media":0,"parent":0,"menu_order":21,"comment_status":"closed","ping_status":"closed","template":"elementor_header_footer","meta":{"footnotes":""},"class_list":["post-7609","page","type-page","status-publish","hentry"],"yoast_head":"<!-- This site is optimized with the Yoast SEO plugin v27.4 - https:\/\/yoast.com\/product\/yoast-seo-wordpress\/ -->\n<title>Chi siamo - Villa Lante Center<\/title>\n<meta name=\"robots\" content=\"index, follow, max-snippet:-1, max-image-preview:large, max-video-preview:-1\" \/>\n<link rel=\"canonical\" href=\"https:\/\/villalanterome.org\/es\/chi-siamo\/\" \/>\n<meta property=\"og:locale\" content=\"es_ES\" \/>\n<meta property=\"og:type\" content=\"article\" \/>\n<meta property=\"og:title\" content=\"Chi siamo - Villa Lante Center\" \/>\n<meta property=\"og:description\" content=\"Chi siamo La cinquecentesca Villa Lante in Trastevere \u00e8 uno degli edifici storicamente pi\u00f9 significativi della Societ\u00e0 del Sacro Cuore. Fa parte della Societ\u00e0 dal 1837, quando divenne la sede romana della Societ\u00e0 del Sacro Cuore, grazie alla fondatrice Santa Madeleine Sophie Barat che soggiornava qui durante le sue visite a Roma. In questo periodo, [&hellip;]\" \/>\n<meta property=\"og:url\" content=\"https:\/\/villalanterome.org\/es\/chi-siamo\/\" \/>\n<meta property=\"og:site_name\" content=\"Villa Lante Center\" \/>\n<meta property=\"article:modified_time\" content=\"2025-07-03T07:14:40+00:00\" \/>\n<meta property=\"og:image\" content=\"https:\/\/villalanterome.org\/wp-content\/uploads\/2024\/07\/VILLALANTEfronte1.jpg\" \/>\n<meta name=\"twitter:card\" content=\"summary_large_image\" \/>\n<meta name=\"twitter:label1\" content=\"Tiempo de lectura\" \/>\n\t<meta name=\"twitter:data1\" content=\"2 minutos\" \/>\n<script type=\"application\/ld+json\" class=\"yoast-schema-graph\">{\"@context\":\"https:\\\/\\\/schema.org\",\"@graph\":[{\"@type\":\"WebPage\",\"@id\":\"https:\\\/\\\/villalanterome.org\\\/chi-siamo\\\/\",\"url\":\"https:\\\/\\\/villalanterome.org\\\/chi-siamo\\\/\",\"name\":\"Chi siamo - Villa Lante Center\",\"isPartOf\":{\"@id\":\"https:\\\/\\\/villalanterome.org\\\/#website\"},\"primaryImageOfPage\":{\"@id\":\"https:\\\/\\\/villalanterome.org\\\/chi-siamo\\\/#primaryimage\"},\"image\":{\"@id\":\"https:\\\/\\\/villalanterome.org\\\/chi-siamo\\\/#primaryimage\"},\"thumbnailUrl\":\"https:\\\/\\\/villalanterome.org\\\/wp-content\\\/uploads\\\/2024\\\/07\\\/VILLALANTEfronte1.jpg\",\"datePublished\":\"2020-11-06T14:07:01+00:00\",\"dateModified\":\"2025-07-03T07:14:40+00:00\",\"breadcrumb\":{\"@id\":\"https:\\\/\\\/villalanterome.org\\\/chi-siamo\\\/#breadcrumb\"},\"inLanguage\":\"es\",\"potentialAction\":[{\"@type\":\"ReadAction\",\"target\":[\"https:\\\/\\\/villalanterome.org\\\/chi-siamo\\\/\"]}]},{\"@type\":\"ImageObject\",\"inLanguage\":\"es\",\"@id\":\"https:\\\/\\\/villalanterome.org\\\/chi-siamo\\\/#primaryimage\",\"url\":\"https:\\\/\\\/villalanterome.org\\\/wp-content\\\/uploads\\\/2024\\\/07\\\/VILLALANTEfronte1.jpg\",\"contentUrl\":\"https:\\\/\\\/villalanterome.org\\\/wp-content\\\/uploads\\\/2024\\\/07\\\/VILLALANTEfronte1.jpg\"},{\"@type\":\"BreadcrumbList\",\"@id\":\"https:\\\/\\\/villalanterome.org\\\/chi-siamo\\\/#breadcrumb\",\"itemListElement\":[{\"@type\":\"ListItem\",\"position\":1,\"name\":\"Home\",\"item\":\"https:\\\/\\\/villalanterome.org\\\/\"},{\"@type\":\"ListItem\",\"position\":2,\"name\":\"Chi siamo\"}]},{\"@type\":\"WebSite\",\"@id\":\"https:\\\/\\\/villalanterome.org\\\/#website\",\"url\":\"https:\\\/\\\/villalanterome.org\\\/\",\"name\":\"Villa Lante Center\",\"description\":\"\",\"publisher\":{\"@id\":\"https:\\\/\\\/villalanterome.org\\\/#organization\"},\"potentialAction\":[{\"@type\":\"SearchAction\",\"target\":{\"@type\":\"EntryPoint\",\"urlTemplate\":\"https:\\\/\\\/villalanterome.org\\\/?s={search_term_string}\"},\"query-input\":{\"@type\":\"PropertyValueSpecification\",\"valueRequired\":true,\"valueName\":\"search_term_string\"}}],\"inLanguage\":\"es\"},{\"@type\":\"Organization\",\"@id\":\"https:\\\/\\\/villalanterome.org\\\/#organization\",\"name\":\"Villa Lante Center\",\"url\":\"https:\\\/\\\/villalanterome.org\\\/\",\"logo\":{\"@type\":\"ImageObject\",\"inLanguage\":\"es\",\"@id\":\"https:\\\/\\\/villalanterome.org\\\/#\\\/schema\\\/logo\\\/image\\\/\",\"url\":\"https:\\\/\\\/villalanterome.org\\\/wp-content\\\/uploads\\\/2021\\\/12\\\/cropped-logo-villa-lante-top-e1719995265234.png\",\"contentUrl\":\"https:\\\/\\\/villalanterome.org\\\/wp-content\\\/uploads\\\/2021\\\/12\\\/cropped-logo-villa-lante-top-e1719995265234.png\",\"width\":512,\"height\":512,\"caption\":\"Villa Lante Center\"},\"image\":{\"@id\":\"https:\\\/\\\/villalanterome.org\\\/#\\\/schema\\\/logo\\\/image\\\/\"}}]}<\/script>\n<!-- \/ Yoast SEO plugin. -->","yoast_head_json":{"title":"Chi siamo - Villa Lante Center","robots":{"index":"index","follow":"follow","max-snippet":"max-snippet:-1","max-image-preview":"max-image-preview:large","max-video-preview":"max-video-preview:-1"},"canonical":"https:\/\/villalanterome.org\/es\/chi-siamo\/","og_locale":"es_ES","og_type":"article","og_title":"Chi siamo - Villa Lante Center","og_description":"Chi siamo La cinquecentesca Villa Lante in Trastevere \u00e8 uno degli edifici storicamente pi\u00f9 significativi della Societ\u00e0 del Sacro Cuore. Fa parte della Societ\u00e0 dal 1837, quando divenne la sede romana della Societ\u00e0 del Sacro Cuore, grazie alla fondatrice Santa Madeleine Sophie Barat che soggiornava qui durante le sue visite a Roma. In questo periodo, [&hellip;]","og_url":"https:\/\/villalanterome.org\/es\/chi-siamo\/","og_site_name":"Villa Lante Center","article_modified_time":"2025-07-03T07:14:40+00:00","og_image":[{"url":"https:\/\/villalanterome.org\/wp-content\/uploads\/2024\/07\/VILLALANTEfronte1.jpg","type":"","width":"","height":""}],"twitter_card":"summary_large_image","twitter_misc":{"Tiempo de lectura":"2 minutos"},"schema":{"@context":"https:\/\/schema.org","@graph":[{"@type":"WebPage","@id":"https:\/\/villalanterome.org\/chi-siamo\/","url":"https:\/\/villalanterome.org\/chi-siamo\/","name":"Chi siamo - Villa Lante Center","isPartOf":{"@id":"https:\/\/villalanterome.org\/#website"},"primaryImageOfPage":{"@id":"https:\/\/villalanterome.org\/chi-siamo\/#primaryimage"},"image":{"@id":"https:\/\/villalanterome.org\/chi-siamo\/#primaryimage"},"thumbnailUrl":"https:\/\/villalanterome.org\/wp-content\/uploads\/2024\/07\/VILLALANTEfronte1.jpg","datePublished":"2020-11-06T14:07:01+00:00","dateModified":"2025-07-03T07:14:40+00:00","breadcrumb":{"@id":"https:\/\/villalanterome.org\/chi-siamo\/#breadcrumb"},"inLanguage":"es","potentialAction":[{"@type":"ReadAction","target":["https:\/\/villalanterome.org\/chi-siamo\/"]}]},{"@type":"ImageObject","inLanguage":"es","@id":"https:\/\/villalanterome.org\/chi-siamo\/#primaryimage","url":"https:\/\/villalanterome.org\/wp-content\/uploads\/2024\/07\/VILLALANTEfronte1.jpg","contentUrl":"https:\/\/villalanterome.org\/wp-content\/uploads\/2024\/07\/VILLALANTEfronte1.jpg"},{"@type":"BreadcrumbList","@id":"https:\/\/villalanterome.org\/chi-siamo\/#breadcrumb","itemListElement":[{"@type":"ListItem","position":1,"name":"Home","item":"https:\/\/villalanterome.org\/"},{"@type":"ListItem","position":2,"name":"Chi siamo"}]},{"@type":"WebSite","@id":"https:\/\/villalanterome.org\/#website","url":"https:\/\/villalanterome.org\/","name":"Villa Lante Center","description":"","publisher":{"@id":"https:\/\/villalanterome.org\/#organization"},"potentialAction":[{"@type":"SearchAction","target":{"@type":"EntryPoint","urlTemplate":"https:\/\/villalanterome.org\/?s={search_term_string}"},"query-input":{"@type":"PropertyValueSpecification","valueRequired":true,"valueName":"search_term_string"}}],"inLanguage":"es"},{"@type":"Organization","@id":"https:\/\/villalanterome.org\/#organization","name":"Villa Lante Center","url":"https:\/\/villalanterome.org\/","logo":{"@type":"ImageObject","inLanguage":"es","@id":"https:\/\/villalanterome.org\/#\/schema\/logo\/image\/","url":"https:\/\/villalanterome.org\/wp-content\/uploads\/2021\/12\/cropped-logo-villa-lante-top-e1719995265234.png","contentUrl":"https:\/\/villalanterome.org\/wp-content\/uploads\/2021\/12\/cropped-logo-villa-lante-top-e1719995265234.png","width":512,"height":512,"caption":"Villa Lante Center"},"image":{"@id":"https:\/\/villalanterome.org\/#\/schema\/logo\/image\/"}}]}},"_links":{"self":[{"href":"https:\/\/villalanterome.org\/es\/wp-json\/wp\/v2\/pages\/7609","targetHints":{"allow":["GET"]}}],"collection":[{"href":"https:\/\/villalanterome.org\/es\/wp-json\/wp\/v2\/pages"}],"about":[{"href":"https:\/\/villalanterome.org\/es\/wp-json\/wp\/v2\/types\/page"}],"author":[{"embeddable":true,"href":"https:\/\/villalanterome.org\/es\/wp-json\/wp\/v2\/users\/1"}],"replies":[{"embeddable":true,"href":"https:\/\/villalanterome.org\/es\/wp-json\/wp\/v2\/comments?post=7609"}],"version-history":[{"count":53,"href":"https:\/\/villalanterome.org\/es\/wp-json\/wp\/v2\/pages\/7609\/revisions"}],"predecessor-version":[{"id":78346,"href":"https:\/\/villalanterome.org\/es\/wp-json\/wp\/v2\/pages\/7609\/revisions\/78346"}],"wp:attachment":[{"href":"https:\/\/villalanterome.org\/es\/wp-json\/wp\/v2\/media?parent=7609"}],"curies":[{"name":"wp","href":"https:\/\/api.w.org\/{rel}","templated":true}]}}