{"id":77719,"date":"2024-09-16T15:56:42","date_gmt":"2024-09-16T13:56:42","guid":{"rendered":"https:\/\/villalanterome.org\/?page_id=77719"},"modified":"2025-07-02T17:14:18","modified_gmt":"2025-07-02T15:14:18","slug":"hospitality-and-services","status":"publish","type":"page","link":"https:\/\/villalanterome.org\/en\/hospitality-and-services\/","title":{"rendered":"Hospitality and Services"},"content":{"rendered":"<div data-elementor-type=\"wp-page\" data-elementor-id=\"77719\" class=\"elementor elementor-77719\" data-elementor-post-type=\"page\">\n\t\t\t\t\t\t<section class=\"elementor-section elementor-top-section elementor-element elementor-element-13760a8 elementor-reverse-tablet elementor-reverse-mobile elementor-section-boxed elementor-section-height-default elementor-section-height-default\" data-id=\"13760a8\" data-element_type=\"section\" data-e-type=\"section\" data-settings=\"{&quot;background_background&quot;:&quot;classic&quot;,&quot;jet_parallax_layout_list&quot;:[]}\">\n\t\t\t\t\t\t\t<div class=\"elementor-background-overlay\"><\/div>\n\t\t\t\t\t\t\t<div class=\"elementor-container elementor-column-gap-wider\">\n\t\t\t\t\t<div class=\"elementor-column elementor-col-100 elementor-top-column elementor-element elementor-element-3fddcef\" data-id=\"3fddcef\" data-element_type=\"column\" data-e-type=\"column\">\n\t\t\t<div class=\"elementor-widget-wrap elementor-element-populated\">\n\t\t\t\t\t\t<div class=\"elementor-element elementor-element-c0794ab elementor-widget elementor-widget-spacer\" data-id=\"c0794ab\" data-element_type=\"widget\" data-e-type=\"widget\" data-widget_type=\"spacer.default\">\n\t\t\t\t<div class=\"elementor-widget-container\">\n\t\t\t\t\t\t\t<div class=\"elementor-spacer\">\n\t\t\t<div class=\"elementor-spacer-inner\"><\/div>\n\t\t<\/div>\n\t\t\t\t\t\t<\/div>\n\t\t\t\t<\/div>\n\t\t\t\t<div class=\"elementor-element elementor-element-ad83ab5 elementor-widget__width-initial elementor-widget elementor-widget-heading\" data-id=\"ad83ab5\" data-element_type=\"widget\" data-e-type=\"widget\" data-widget_type=\"heading.default\">\n\t\t\t\t<div class=\"elementor-widget-container\">\n\t\t\t\t\t<h1 class=\"elementor-heading-title elementor-size-default\">Hospitality and Services<\/h1>\t\t\t\t<\/div>\n\t\t\t\t<\/div>\n\t\t\t\t\t<\/div>\n\t\t<\/div>\n\t\t\t\t\t<\/div>\n\t\t<\/section>\n\t\t\t\t<section class=\"elementor-section elementor-top-section elementor-element elementor-element-65ea903 elementor-reverse-mobile elementor-section-boxed elementor-section-height-default elementor-section-height-default\" data-id=\"65ea903\" data-element_type=\"section\" data-e-type=\"section\" data-settings=\"{&quot;background_background&quot;:&quot;classic&quot;,&quot;jet_parallax_layout_list&quot;:[]}\">\n\t\t\t\t\t\t<div class=\"elementor-container elementor-column-gap-wider\">\n\t\t\t\t\t<div class=\"elementor-column elementor-col-100 elementor-top-column elementor-element elementor-element-608c6fd\" data-id=\"608c6fd\" data-element_type=\"column\" data-e-type=\"column\">\n\t\t\t<div class=\"elementor-widget-wrap elementor-element-populated\">\n\t\t\t\t\t\t<div class=\"elementor-element elementor-element-3649443 elementor-widget elementor-widget-text-editor\" data-id=\"3649443\" data-element_type=\"widget\" data-e-type=\"widget\" data-widget_type=\"text-editor.default\">\n\t\t\t\t<div class=\"elementor-widget-container\">\n\t\t\t\t\t\t\t\t\t<p><strong>The garden:<\/strong>Villa Lante is situated in a large centuries-old park-like garden. In this garden our guests can enjoy moments of prayer and meditation or simply relax in the silence of nature after visits to the city. Spiritual retreats and other hospitality activities can be organized here.<\/p><p class=\"translation-block\"><strong>The Church<\/strong>: Villa Lante has a beautiful church on its premises, the second neo-Gothic Church to be built in Rome and one that we consider a true architectural jewel. This is where we organize our ceremonies, such as Final Profession ceremonies, for the Society of the Sacred Heart and also numerous concerts. As well as the church there are three other small chapels where guests can gather in prayer.<\/p><p><strong>The Guest House<\/strong>: To accommodate groups and individuals interested in visiting Rome for formation programs or to participate in special celebrations, such as Jubilee 2025, we have reopened our Guest House, after a long and extensive renovation. Our 25 single, double and triple rooms are modern, quiet and comfortable. They are equipped with private bathrooms, air-conditioning, and double-glazed windows with mosquito screens, WiFi and electronic keys. Guests may request a crib for their room, free of charge.\nBreakfast is included in the price of the room. If you wish to make reservations for lunch or dinner, this can be arranged for groups of a minimum of ten people.<\/p><p class=\"translation-block\"><strong>Multimedia conference rooms<\/strong>: Villa Lante is equipped with 4 conference rooms, two large ones to accommodate up to 30-40 people, and two smaller ones for work groups of up to 15 people. The larger rooms are equipped with interpreter booths for multilingual groups and are interconnected for events on Zoom; the control room provides efficient and reliable technical assistance to all work groups. During breaks it is possible to directly access the beautiful terrace equipped with tables and chairs overlooking the garden where you can enjoy a good Italian coffee.<\/p><p>Upon your arrival you will be greeted by a member of staff who will give you all the practical information to feel at ease in the house. Upon request we can also organize an orientation meeting to move around Rome to make your stay more pleasant.<\/p><p>The multilingual staff will be available at all times for all your needs!<\/p>\t\t\t\t\t\t\t\t<\/div>\n\t\t\t\t<\/div>\n\t\t\t\t\t<\/div>\n\t\t<\/div>\n\t\t\t\t\t<\/div>\n\t\t<\/section>\n\t\t\t\t<\/div>","protected":false},"excerpt":{"rendered":"<p>Ospitalit\u00e0 e Servizi Il giardino: Villa Lante \u00e8 immersa in un grande parco secolare, curato con amore e impegno da tutti noi. Nel giardino i nostri ospiti possono godere di momenti di preghiera e raccoglimento o semplicemente rilassarsi nel silenzio della natura dopo le visite nella citt\u00e0. Qui saranno organizzati i nostri ritiri spirituali e [&hellip;]<\/p>\n","protected":false},"author":1,"featured_media":0,"parent":0,"menu_order":21,"comment_status":"closed","ping_status":"closed","template":"elementor_header_footer","meta":{"footnotes":""},"class_list":["post-77719","page","type-page","status-publish","hentry"],"yoast_head":"<!-- This site is optimized with the Yoast SEO plugin v27.4 - https:\/\/yoast.com\/product\/yoast-seo-wordpress\/ -->\n<title>Ospitalit\u00e0 e Servizi - Villa Lante Center<\/title>\n<meta name=\"robots\" content=\"index, follow, max-snippet:-1, max-image-preview:large, max-video-preview:-1\" \/>\n<link rel=\"canonical\" href=\"https:\/\/villalanterome.org\/en\/hospitality-and-services\/\" \/>\n<meta property=\"og:locale\" content=\"en_US\" \/>\n<meta property=\"og:type\" content=\"article\" \/>\n<meta property=\"og:title\" content=\"Ospitalit\u00e0 e Servizi - Villa Lante Center\" \/>\n<meta property=\"og:description\" content=\"Ospitalit\u00e0 e Servizi Il giardino: Villa Lante \u00e8 immersa in un grande parco secolare, curato con amore e impegno da tutti noi. Nel giardino i nostri ospiti possono godere di momenti di preghiera e raccoglimento o semplicemente rilassarsi nel silenzio della natura dopo le visite nella citt\u00e0. Qui saranno organizzati i nostri ritiri spirituali e [&hellip;]\" \/>\n<meta property=\"og:url\" content=\"https:\/\/villalanterome.org\/en\/hospitality-and-services\/\" \/>\n<meta property=\"og:site_name\" content=\"Villa Lante Center\" \/>\n<meta property=\"article:modified_time\" content=\"2025-07-02T15:14:18+00:00\" \/>\n<meta name=\"twitter:card\" content=\"summary_large_image\" \/>\n<meta name=\"twitter:label1\" content=\"Est. reading time\" \/>\n\t<meta name=\"twitter:data1\" content=\"3 minutes\" \/>\n<script type=\"application\/ld+json\" class=\"yoast-schema-graph\">{\"@context\":\"https:\\\/\\\/schema.org\",\"@graph\":[{\"@type\":\"WebPage\",\"@id\":\"https:\\\/\\\/villalanterome.org\\\/ospitalita-e-servizi\\\/\",\"url\":\"https:\\\/\\\/villalanterome.org\\\/ospitalita-e-servizi\\\/\",\"name\":\"Ospitalit\u00e0 e Servizi - Villa Lante Center\",\"isPartOf\":{\"@id\":\"https:\\\/\\\/villalanterome.org\\\/#website\"},\"datePublished\":\"2024-09-16T13:56:42+00:00\",\"dateModified\":\"2025-07-02T15:14:18+00:00\",\"breadcrumb\":{\"@id\":\"https:\\\/\\\/villalanterome.org\\\/ospitalita-e-servizi\\\/#breadcrumb\"},\"inLanguage\":\"en-US\",\"potentialAction\":[{\"@type\":\"ReadAction\",\"target\":[\"https:\\\/\\\/villalanterome.org\\\/ospitalita-e-servizi\\\/\"]}]},{\"@type\":\"BreadcrumbList\",\"@id\":\"https:\\\/\\\/villalanterome.org\\\/ospitalita-e-servizi\\\/#breadcrumb\",\"itemListElement\":[{\"@type\":\"ListItem\",\"position\":1,\"name\":\"Home\",\"item\":\"https:\\\/\\\/villalanterome.org\\\/\"},{\"@type\":\"ListItem\",\"position\":2,\"name\":\"Ospitalit\u00e0 e Servizi\"}]},{\"@type\":\"WebSite\",\"@id\":\"https:\\\/\\\/villalanterome.org\\\/#website\",\"url\":\"https:\\\/\\\/villalanterome.org\\\/\",\"name\":\"Villa Lante Center\",\"description\":\"\",\"publisher\":{\"@id\":\"https:\\\/\\\/villalanterome.org\\\/#organization\"},\"potentialAction\":[{\"@type\":\"SearchAction\",\"target\":{\"@type\":\"EntryPoint\",\"urlTemplate\":\"https:\\\/\\\/villalanterome.org\\\/?s={search_term_string}\"},\"query-input\":{\"@type\":\"PropertyValueSpecification\",\"valueRequired\":true,\"valueName\":\"search_term_string\"}}],\"inLanguage\":\"en-US\"},{\"@type\":\"Organization\",\"@id\":\"https:\\\/\\\/villalanterome.org\\\/#organization\",\"name\":\"Villa Lante Center\",\"url\":\"https:\\\/\\\/villalanterome.org\\\/\",\"logo\":{\"@type\":\"ImageObject\",\"inLanguage\":\"en-US\",\"@id\":\"https:\\\/\\\/villalanterome.org\\\/#\\\/schema\\\/logo\\\/image\\\/\",\"url\":\"https:\\\/\\\/villalanterome.org\\\/wp-content\\\/uploads\\\/2021\\\/12\\\/cropped-logo-villa-lante-top-e1719995265234.png\",\"contentUrl\":\"https:\\\/\\\/villalanterome.org\\\/wp-content\\\/uploads\\\/2021\\\/12\\\/cropped-logo-villa-lante-top-e1719995265234.png\",\"width\":512,\"height\":512,\"caption\":\"Villa Lante Center\"},\"image\":{\"@id\":\"https:\\\/\\\/villalanterome.org\\\/#\\\/schema\\\/logo\\\/image\\\/\"}}]}<\/script>\n<!-- \/ Yoast SEO plugin. -->","yoast_head_json":{"title":"Hospitality and Services - Villa Lante Center","robots":{"index":"index","follow":"follow","max-snippet":"max-snippet:-1","max-image-preview":"max-image-preview:large","max-video-preview":"max-video-preview:-1"},"canonical":"https:\/\/villalanterome.org\/en\/hospitality-and-services\/","og_locale":"en_US","og_type":"article","og_title":"Ospitalit\u00e0 e Servizi - Villa Lante Center","og_description":"Ospitalit\u00e0 e Servizi Il giardino: Villa Lante \u00e8 immersa in un grande parco secolare, curato con amore e impegno da tutti noi. Nel giardino i nostri ospiti possono godere di momenti di preghiera e raccoglimento o semplicemente rilassarsi nel silenzio della natura dopo le visite nella citt\u00e0. Qui saranno organizzati i nostri ritiri spirituali e [&hellip;]","og_url":"https:\/\/villalanterome.org\/en\/hospitality-and-services\/","og_site_name":"Villa Lante Center","article_modified_time":"2025-07-02T15:14:18+00:00","twitter_card":"summary_large_image","twitter_misc":{"Est. reading time":"3 minutes"},"schema":{"@context":"https:\/\/schema.org","@graph":[{"@type":"WebPage","@id":"https:\/\/villalanterome.org\/ospitalita-e-servizi\/","url":"https:\/\/villalanterome.org\/ospitalita-e-servizi\/","name":"Hospitality and Services - Villa Lante Center","isPartOf":{"@id":"https:\/\/villalanterome.org\/#website"},"datePublished":"2024-09-16T13:56:42+00:00","dateModified":"2025-07-02T15:14:18+00:00","breadcrumb":{"@id":"https:\/\/villalanterome.org\/ospitalita-e-servizi\/#breadcrumb"},"inLanguage":"en-US","potentialAction":[{"@type":"ReadAction","target":["https:\/\/villalanterome.org\/ospitalita-e-servizi\/"]}]},{"@type":"BreadcrumbList","@id":"https:\/\/villalanterome.org\/ospitalita-e-servizi\/#breadcrumb","itemListElement":[{"@type":"ListItem","position":1,"name":"Home","item":"https:\/\/villalanterome.org\/"},{"@type":"ListItem","position":2,"name":"Ospitalit\u00e0 e Servizi"}]},{"@type":"WebSite","@id":"https:\/\/villalanterome.org\/#website","url":"https:\/\/villalanterome.org\/","name":"Villa Lante Center","description":"","publisher":{"@id":"https:\/\/villalanterome.org\/#organization"},"potentialAction":[{"@type":"SearchAction","target":{"@type":"EntryPoint","urlTemplate":"https:\/\/villalanterome.org\/?s={search_term_string}"},"query-input":{"@type":"PropertyValueSpecification","valueRequired":true,"valueName":"search_term_string"}}],"inLanguage":"en-US"},{"@type":"Organization","@id":"https:\/\/villalanterome.org\/#organization","name":"Villa Lante Center","url":"https:\/\/villalanterome.org\/","logo":{"@type":"ImageObject","inLanguage":"en-US","@id":"https:\/\/villalanterome.org\/#\/schema\/logo\/image\/","url":"https:\/\/villalanterome.org\/wp-content\/uploads\/2021\/12\/cropped-logo-villa-lante-top-e1719995265234.png","contentUrl":"https:\/\/villalanterome.org\/wp-content\/uploads\/2021\/12\/cropped-logo-villa-lante-top-e1719995265234.png","width":512,"height":512,"caption":"Villa Lante Center"},"image":{"@id":"https:\/\/villalanterome.org\/#\/schema\/logo\/image\/"}}]}},"_links":{"self":[{"href":"https:\/\/villalanterome.org\/en\/wp-json\/wp\/v2\/pages\/77719","targetHints":{"allow":["GET"]}}],"collection":[{"href":"https:\/\/villalanterome.org\/en\/wp-json\/wp\/v2\/pages"}],"about":[{"href":"https:\/\/villalanterome.org\/en\/wp-json\/wp\/v2\/types\/page"}],"author":[{"embeddable":true,"href":"https:\/\/villalanterome.org\/en\/wp-json\/wp\/v2\/users\/1"}],"replies":[{"embeddable":true,"href":"https:\/\/villalanterome.org\/en\/wp-json\/wp\/v2\/comments?post=77719"}],"version-history":[{"count":31,"href":"https:\/\/villalanterome.org\/en\/wp-json\/wp\/v2\/pages\/77719\/revisions"}],"predecessor-version":[{"id":78266,"href":"https:\/\/villalanterome.org\/en\/wp-json\/wp\/v2\/pages\/77719\/revisions\/78266"}],"wp:attachment":[{"href":"https:\/\/villalanterome.org\/en\/wp-json\/wp\/v2\/media?parent=77719"}],"curies":[{"name":"wp","href":"https:\/\/api.w.org\/{rel}","templated":true}]}}