{"id":7609,"date":"2020-11-06T14:07:01","date_gmt":"2020-11-06T14:07:01","guid":{"rendered":"https:\/\/the7.io\/elementor-main\/?page_id=7609"},"modified":"2025-07-03T09:14:40","modified_gmt":"2025-07-03T07:14:40","slug":"who-we-are","status":"publish","type":"page","link":"https:\/\/villalanterome.org\/en\/who-we-are\/","title":{"rendered":"Who we are"},"content":{"rendered":"<div data-elementor-type=\"wp-page\" data-elementor-id=\"7609\" class=\"elementor elementor-7609\" data-elementor-post-type=\"page\">\n\t\t\t\t\t\t<section class=\"elementor-section elementor-top-section elementor-element elementor-element-13760a8 elementor-reverse-tablet elementor-reverse-mobile elementor-section-boxed elementor-section-height-default elementor-section-height-default\" data-id=\"13760a8\" data-element_type=\"section\" data-e-type=\"section\" data-settings=\"{&quot;background_background&quot;:&quot;classic&quot;,&quot;jet_parallax_layout_list&quot;:[]}\">\n\t\t\t\t\t\t\t<div class=\"elementor-background-overlay\"><\/div>\n\t\t\t\t\t\t\t<div class=\"elementor-container elementor-column-gap-wider\">\n\t\t\t\t\t<div class=\"elementor-column elementor-col-100 elementor-top-column elementor-element elementor-element-3fddcef\" data-id=\"3fddcef\" data-element_type=\"column\" data-e-type=\"column\">\n\t\t\t<div class=\"elementor-widget-wrap elementor-element-populated\">\n\t\t\t\t\t\t<div class=\"elementor-element elementor-element-c0794ab elementor-widget elementor-widget-spacer\" data-id=\"c0794ab\" data-element_type=\"widget\" data-e-type=\"widget\" data-widget_type=\"spacer.default\">\n\t\t\t\t<div class=\"elementor-widget-container\">\n\t\t\t\t\t\t\t<div class=\"elementor-spacer\">\n\t\t\t<div class=\"elementor-spacer-inner\"><\/div>\n\t\t<\/div>\n\t\t\t\t\t\t<\/div>\n\t\t\t\t<\/div>\n\t\t\t\t<div class=\"elementor-element elementor-element-ad83ab5 elementor-widget__width-initial elementor-widget elementor-widget-heading\" data-id=\"ad83ab5\" data-element_type=\"widget\" data-e-type=\"widget\" data-widget_type=\"heading.default\">\n\t\t\t\t<div class=\"elementor-widget-container\">\n\t\t\t\t\t<h1 class=\"elementor-heading-title elementor-size-default\">Who we are<\/h1>\t\t\t\t<\/div>\n\t\t\t\t<\/div>\n\t\t\t\t\t<\/div>\n\t\t<\/div>\n\t\t\t\t\t<\/div>\n\t\t<\/section>\n\t\t\t\t<section class=\"elementor-section elementor-top-section elementor-element elementor-element-65ea903 elementor-reverse-mobile elementor-section-boxed elementor-section-height-default elementor-section-height-default\" data-id=\"65ea903\" data-element_type=\"section\" data-e-type=\"section\" data-settings=\"{&quot;background_background&quot;:&quot;classic&quot;,&quot;jet_parallax_layout_list&quot;:[]}\">\n\t\t\t\t\t\t<div class=\"elementor-container elementor-column-gap-wider\">\n\t\t\t\t\t<div class=\"elementor-column elementor-col-50 elementor-top-column elementor-element elementor-element-d35a8eb\" data-id=\"d35a8eb\" data-element_type=\"column\" data-e-type=\"column\">\n\t\t\t<div class=\"elementor-widget-wrap elementor-element-populated\">\n\t\t\t\t\t\t<div class=\"elementor-element elementor-element-a4ac70b elementor-widget elementor-widget-image\" data-id=\"a4ac70b\" data-element_type=\"widget\" data-e-type=\"widget\" data-widget_type=\"image.default\">\n\t\t\t\t<div class=\"elementor-widget-container\">\n\t\t\t\t\t\t\t\t\t\t\t\t\t\t\t<img fetchpriority=\"high\" decoding=\"async\" width=\"700\" height=\"834\" src=\"https:\/\/villalanterome.org\/wp-content\/uploads\/2024\/07\/VILLALANTEfronte1.jpg\" class=\"attachment-large size-large wp-image-77506\" alt=\"\" srcset=\"https:\/\/villalanterome.org\/wp-content\/uploads\/2024\/07\/VILLALANTEfronte1.jpg 700w, https:\/\/villalanterome.org\/wp-content\/uploads\/2024\/07\/VILLALANTEfronte1-252x300.jpg 252w\" sizes=\"(max-width: 700px) 100vw, 700px\" \/>\t\t\t\t\t\t\t\t\t\t\t\t\t\t\t<\/div>\n\t\t\t\t<\/div>\n\t\t\t\t\t<\/div>\n\t\t<\/div>\n\t\t\t\t<div class=\"elementor-column elementor-col-50 elementor-top-column elementor-element elementor-element-608c6fd\" data-id=\"608c6fd\" data-element_type=\"column\" data-e-type=\"column\">\n\t\t\t<div class=\"elementor-widget-wrap elementor-element-populated\">\n\t\t\t\t\t\t<div class=\"elementor-element elementor-element-3649443 elementor-widget elementor-widget-text-editor\" data-id=\"3649443\" data-element_type=\"widget\" data-e-type=\"widget\" data-widget_type=\"text-editor.default\">\n\t\t\t\t<div class=\"elementor-widget-container\">\n\t\t\t\t\t\t\t\t\t<p class=\"translation-block\">The 16th-century <strong>Villa Lante in Trastevere<\/strong> is one of the most historically significant buildings of the Society of the Sacred Heart.<\/p><p class=\"translation-block\">It has been part of the Society since 1837, when it became the Roman headquarters of the Society of the Sacred Heart. The foundress <strong>Saint Madeleine Sophie Barat<\/strong> resided here during her visits to Rome. It has served the mission of the congregation in many ways, as a community and formation house for our sisters, providing various types of educational programs, including a school and a kindergarten, and as a center for the youth of the Trastevere area.<\/p><p>Today, the Villa Lante Religious and Lay Formation Center continues its long history of hospitality by offering new, beautiful spaces to all guests from the wider family of the Sacred Heart or from other organizations and institutions whose activities are in line with our mission and charism.<br \/>Individual guests who share the spirituality and mission of the Society of the Sacred Heart are also very welcome.<\/p><p>The mission of the Villa Lante Religious and Lay Formation Center is to provide a meeting place for those who share in its mission of educating, learning and collaborating in the goals related to spiritual renewal, education, and justice, peace and integrity of creation (JPIC). We are open to partnerships and programs committed to educational work through the empowerment of people.<\/p><p>We are excited to welcome new friends and celebrate the diversity of experiences of those with whom the Society collaborates. We look forward to continuing the tradition of educational programs with Sacred Heart schools around the world.<\/p>\t\t\t\t\t\t\t\t<\/div>\n\t\t\t\t<\/div>\n\t\t\t\t\t<\/div>\n\t\t<\/div>\n\t\t\t\t\t<\/div>\n\t\t<\/section>\n\t\t\t\t<\/div>","protected":false},"excerpt":{"rendered":"<p>Chi siamo La cinquecentesca Villa Lante in Trastevere \u00e8 uno degli edifici storicamente pi\u00f9 significativi della Societ\u00e0 del Sacro Cuore. Fa parte della Societ\u00e0 dal 1837, quando divenne la sede romana della Societ\u00e0 del Sacro Cuore, grazie alla fondatrice Santa Madeleine Sophie Barat che soggiornava qui durante le sue visite a Roma. In questo periodo, [&hellip;]<\/p>\n","protected":false},"author":1,"featured_media":0,"parent":0,"menu_order":21,"comment_status":"closed","ping_status":"closed","template":"elementor_header_footer","meta":{"footnotes":""},"class_list":["post-7609","page","type-page","status-publish","hentry"],"yoast_head":"<!-- This site is optimized with the Yoast SEO plugin v27.3 - https:\/\/yoast.com\/product\/yoast-seo-wordpress\/ -->\n<title>Chi siamo - Villa Lante Center<\/title>\n<meta name=\"robots\" content=\"index, follow, max-snippet:-1, max-image-preview:large, max-video-preview:-1\" \/>\n<link rel=\"canonical\" href=\"https:\/\/villalanterome.org\/en\/who-we-are\/\" \/>\n<meta property=\"og:locale\" content=\"en_US\" \/>\n<meta property=\"og:type\" content=\"article\" \/>\n<meta property=\"og:title\" content=\"Chi siamo - Villa Lante Center\" \/>\n<meta property=\"og:description\" content=\"Chi siamo La cinquecentesca Villa Lante in Trastevere \u00e8 uno degli edifici storicamente pi\u00f9 significativi della Societ\u00e0 del Sacro Cuore. Fa parte della Societ\u00e0 dal 1837, quando divenne la sede romana della Societ\u00e0 del Sacro Cuore, grazie alla fondatrice Santa Madeleine Sophie Barat che soggiornava qui durante le sue visite a Roma. In questo periodo, [&hellip;]\" \/>\n<meta property=\"og:url\" content=\"https:\/\/villalanterome.org\/en\/who-we-are\/\" \/>\n<meta property=\"og:site_name\" content=\"Villa Lante Center\" \/>\n<meta property=\"article:modified_time\" content=\"2025-07-03T07:14:40+00:00\" \/>\n<meta property=\"og:image\" content=\"https:\/\/villalanterome.org\/wp-content\/uploads\/2024\/07\/VILLALANTEfronte1.jpg\" \/>\n<meta name=\"twitter:card\" content=\"summary_large_image\" \/>\n<meta name=\"twitter:label1\" content=\"Est. reading time\" \/>\n\t<meta name=\"twitter:data1\" content=\"2 minutes\" \/>\n<script type=\"application\/ld+json\" class=\"yoast-schema-graph\">{\"@context\":\"https:\\\/\\\/schema.org\",\"@graph\":[{\"@type\":\"WebPage\",\"@id\":\"https:\\\/\\\/villalanterome.org\\\/chi-siamo\\\/\",\"url\":\"https:\\\/\\\/villalanterome.org\\\/chi-siamo\\\/\",\"name\":\"Chi siamo - Villa Lante Center\",\"isPartOf\":{\"@id\":\"https:\\\/\\\/villalanterome.org\\\/#website\"},\"primaryImageOfPage\":{\"@id\":\"https:\\\/\\\/villalanterome.org\\\/chi-siamo\\\/#primaryimage\"},\"image\":{\"@id\":\"https:\\\/\\\/villalanterome.org\\\/chi-siamo\\\/#primaryimage\"},\"thumbnailUrl\":\"https:\\\/\\\/villalanterome.org\\\/wp-content\\\/uploads\\\/2024\\\/07\\\/VILLALANTEfronte1.jpg\",\"datePublished\":\"2020-11-06T14:07:01+00:00\",\"dateModified\":\"2025-07-03T07:14:40+00:00\",\"breadcrumb\":{\"@id\":\"https:\\\/\\\/villalanterome.org\\\/chi-siamo\\\/#breadcrumb\"},\"inLanguage\":\"en-US\",\"potentialAction\":[{\"@type\":\"ReadAction\",\"target\":[\"https:\\\/\\\/villalanterome.org\\\/chi-siamo\\\/\"]}]},{\"@type\":\"ImageObject\",\"inLanguage\":\"en-US\",\"@id\":\"https:\\\/\\\/villalanterome.org\\\/chi-siamo\\\/#primaryimage\",\"url\":\"https:\\\/\\\/villalanterome.org\\\/wp-content\\\/uploads\\\/2024\\\/07\\\/VILLALANTEfronte1.jpg\",\"contentUrl\":\"https:\\\/\\\/villalanterome.org\\\/wp-content\\\/uploads\\\/2024\\\/07\\\/VILLALANTEfronte1.jpg\"},{\"@type\":\"BreadcrumbList\",\"@id\":\"https:\\\/\\\/villalanterome.org\\\/chi-siamo\\\/#breadcrumb\",\"itemListElement\":[{\"@type\":\"ListItem\",\"position\":1,\"name\":\"Home\",\"item\":\"https:\\\/\\\/villalanterome.org\\\/\"},{\"@type\":\"ListItem\",\"position\":2,\"name\":\"Chi siamo\"}]},{\"@type\":\"WebSite\",\"@id\":\"https:\\\/\\\/villalanterome.org\\\/#website\",\"url\":\"https:\\\/\\\/villalanterome.org\\\/\",\"name\":\"Villa Lante Center\",\"description\":\"\",\"publisher\":{\"@id\":\"https:\\\/\\\/villalanterome.org\\\/#organization\"},\"potentialAction\":[{\"@type\":\"SearchAction\",\"target\":{\"@type\":\"EntryPoint\",\"urlTemplate\":\"https:\\\/\\\/villalanterome.org\\\/?s={search_term_string}\"},\"query-input\":{\"@type\":\"PropertyValueSpecification\",\"valueRequired\":true,\"valueName\":\"search_term_string\"}}],\"inLanguage\":\"en-US\"},{\"@type\":\"Organization\",\"@id\":\"https:\\\/\\\/villalanterome.org\\\/#organization\",\"name\":\"Villa Lante Center\",\"url\":\"https:\\\/\\\/villalanterome.org\\\/\",\"logo\":{\"@type\":\"ImageObject\",\"inLanguage\":\"en-US\",\"@id\":\"https:\\\/\\\/villalanterome.org\\\/#\\\/schema\\\/logo\\\/image\\\/\",\"url\":\"https:\\\/\\\/villalanterome.org\\\/wp-content\\\/uploads\\\/2021\\\/12\\\/cropped-logo-villa-lante-top-e1719995265234.png\",\"contentUrl\":\"https:\\\/\\\/villalanterome.org\\\/wp-content\\\/uploads\\\/2021\\\/12\\\/cropped-logo-villa-lante-top-e1719995265234.png\",\"width\":512,\"height\":512,\"caption\":\"Villa Lante Center\"},\"image\":{\"@id\":\"https:\\\/\\\/villalanterome.org\\\/#\\\/schema\\\/logo\\\/image\\\/\"}}]}<\/script>\n<!-- \/ Yoast SEO plugin. -->","yoast_head_json":{"title":"Who we are - Villa Lante Center","robots":{"index":"index","follow":"follow","max-snippet":"max-snippet:-1","max-image-preview":"max-image-preview:large","max-video-preview":"max-video-preview:-1"},"canonical":"https:\/\/villalanterome.org\/en\/who-we-are\/","og_locale":"en_US","og_type":"article","og_title":"Chi siamo - Villa Lante Center","og_description":"Chi siamo La cinquecentesca Villa Lante in Trastevere \u00e8 uno degli edifici storicamente pi\u00f9 significativi della Societ\u00e0 del Sacro Cuore. Fa parte della Societ\u00e0 dal 1837, quando divenne la sede romana della Societ\u00e0 del Sacro Cuore, grazie alla fondatrice Santa Madeleine Sophie Barat che soggiornava qui durante le sue visite a Roma. In questo periodo, [&hellip;]","og_url":"https:\/\/villalanterome.org\/en\/who-we-are\/","og_site_name":"Villa Lante Center","article_modified_time":"2025-07-03T07:14:40+00:00","og_image":[{"url":"https:\/\/villalanterome.org\/wp-content\/uploads\/2024\/07\/VILLALANTEfronte1.jpg","type":"","width":"","height":""}],"twitter_card":"summary_large_image","twitter_misc":{"Est. reading time":"2 minutes"},"schema":{"@context":"https:\/\/schema.org","@graph":[{"@type":"WebPage","@id":"https:\/\/villalanterome.org\/chi-siamo\/","url":"https:\/\/villalanterome.org\/chi-siamo\/","name":"Who we are - Villa Lante Center","isPartOf":{"@id":"https:\/\/villalanterome.org\/#website"},"primaryImageOfPage":{"@id":"https:\/\/villalanterome.org\/chi-siamo\/#primaryimage"},"image":{"@id":"https:\/\/villalanterome.org\/chi-siamo\/#primaryimage"},"thumbnailUrl":"https:\/\/villalanterome.org\/wp-content\/uploads\/2024\/07\/VILLALANTEfronte1.jpg","datePublished":"2020-11-06T14:07:01+00:00","dateModified":"2025-07-03T07:14:40+00:00","breadcrumb":{"@id":"https:\/\/villalanterome.org\/chi-siamo\/#breadcrumb"},"inLanguage":"en-US","potentialAction":[{"@type":"ReadAction","target":["https:\/\/villalanterome.org\/chi-siamo\/"]}]},{"@type":"ImageObject","inLanguage":"en-US","@id":"https:\/\/villalanterome.org\/chi-siamo\/#primaryimage","url":"https:\/\/villalanterome.org\/wp-content\/uploads\/2024\/07\/VILLALANTEfronte1.jpg","contentUrl":"https:\/\/villalanterome.org\/wp-content\/uploads\/2024\/07\/VILLALANTEfronte1.jpg"},{"@type":"BreadcrumbList","@id":"https:\/\/villalanterome.org\/chi-siamo\/#breadcrumb","itemListElement":[{"@type":"ListItem","position":1,"name":"Home","item":"https:\/\/villalanterome.org\/"},{"@type":"ListItem","position":2,"name":"Chi siamo"}]},{"@type":"WebSite","@id":"https:\/\/villalanterome.org\/#website","url":"https:\/\/villalanterome.org\/","name":"Villa Lante Center","description":"","publisher":{"@id":"https:\/\/villalanterome.org\/#organization"},"potentialAction":[{"@type":"SearchAction","target":{"@type":"EntryPoint","urlTemplate":"https:\/\/villalanterome.org\/?s={search_term_string}"},"query-input":{"@type":"PropertyValueSpecification","valueRequired":true,"valueName":"search_term_string"}}],"inLanguage":"en-US"},{"@type":"Organization","@id":"https:\/\/villalanterome.org\/#organization","name":"Villa Lante Center","url":"https:\/\/villalanterome.org\/","logo":{"@type":"ImageObject","inLanguage":"en-US","@id":"https:\/\/villalanterome.org\/#\/schema\/logo\/image\/","url":"https:\/\/villalanterome.org\/wp-content\/uploads\/2021\/12\/cropped-logo-villa-lante-top-e1719995265234.png","contentUrl":"https:\/\/villalanterome.org\/wp-content\/uploads\/2021\/12\/cropped-logo-villa-lante-top-e1719995265234.png","width":512,"height":512,"caption":"Villa Lante Center"},"image":{"@id":"https:\/\/villalanterome.org\/#\/schema\/logo\/image\/"}}]}},"_links":{"self":[{"href":"https:\/\/villalanterome.org\/en\/wp-json\/wp\/v2\/pages\/7609","targetHints":{"allow":["GET"]}}],"collection":[{"href":"https:\/\/villalanterome.org\/en\/wp-json\/wp\/v2\/pages"}],"about":[{"href":"https:\/\/villalanterome.org\/en\/wp-json\/wp\/v2\/types\/page"}],"author":[{"embeddable":true,"href":"https:\/\/villalanterome.org\/en\/wp-json\/wp\/v2\/users\/1"}],"replies":[{"embeddable":true,"href":"https:\/\/villalanterome.org\/en\/wp-json\/wp\/v2\/comments?post=7609"}],"version-history":[{"count":53,"href":"https:\/\/villalanterome.org\/en\/wp-json\/wp\/v2\/pages\/7609\/revisions"}],"predecessor-version":[{"id":78346,"href":"https:\/\/villalanterome.org\/en\/wp-json\/wp\/v2\/pages\/7609\/revisions\/78346"}],"wp:attachment":[{"href":"https:\/\/villalanterome.org\/en\/wp-json\/wp\/v2\/media?parent=7609"}],"curies":[{"name":"wp","href":"https:\/\/api.w.org\/{rel}","templated":true}]}}