{"id":77762,"date":"2024-09-18T17:29:56","date_gmt":"2024-09-18T15:29:56","guid":{"rendered":"https:\/\/villalanterome.org\/?page_id=77762"},"modified":"2024-09-24T10:26:00","modified_gmt":"2024-09-24T08:26:00","slug":"activities","status":"publish","type":"page","link":"http:\/\/villalanterome.org\/en\/activities\/","title":{"rendered":"Activities"},"content":{"rendered":"<div data-elementor-type=\"wp-page\" data-elementor-id=\"77762\" class=\"elementor elementor-77762\" data-elementor-post-type=\"page\">\n\t\t\t\t\t\t<section class=\"elementor-section elementor-top-section elementor-element elementor-element-13760a8 elementor-reverse-tablet elementor-reverse-mobile elementor-section-boxed elementor-section-height-default elementor-section-height-default\" data-id=\"13760a8\" data-element_type=\"section\" data-e-type=\"section\" data-settings=\"{&quot;background_background&quot;:&quot;classic&quot;,&quot;jet_parallax_layout_list&quot;:[]}\">\n\t\t\t\t\t\t\t<div class=\"elementor-background-overlay\"><\/div>\n\t\t\t\t\t\t\t<div class=\"elementor-container elementor-column-gap-wider\">\n\t\t\t\t\t<div class=\"elementor-column elementor-col-100 elementor-top-column elementor-element elementor-element-3fddcef\" data-id=\"3fddcef\" data-element_type=\"column\" data-e-type=\"column\">\n\t\t\t<div class=\"elementor-widget-wrap elementor-element-populated\">\n\t\t\t\t\t\t<div class=\"elementor-element elementor-element-c0794ab elementor-widget elementor-widget-spacer\" data-id=\"c0794ab\" data-element_type=\"widget\" data-e-type=\"widget\" data-widget_type=\"spacer.default\">\n\t\t\t\t<div class=\"elementor-widget-container\">\n\t\t\t\t\t\t\t<div class=\"elementor-spacer\">\n\t\t\t<div class=\"elementor-spacer-inner\"><\/div>\n\t\t<\/div>\n\t\t\t\t\t\t<\/div>\n\t\t\t\t<\/div>\n\t\t\t\t<div class=\"elementor-element elementor-element-ad83ab5 elementor-widget__width-initial elementor-widget elementor-widget-heading\" data-id=\"ad83ab5\" data-element_type=\"widget\" data-e-type=\"widget\" data-widget_type=\"heading.default\">\n\t\t\t\t<div class=\"elementor-widget-container\">\n\t\t\t\t\t<h1 class=\"elementor-heading-title elementor-size-default\">Activities<\/h1>\t\t\t\t<\/div>\n\t\t\t\t<\/div>\n\t\t\t\t\t<\/div>\n\t\t<\/div>\n\t\t\t\t\t<\/div>\n\t\t<\/section>\n\t\t\t\t<section class=\"elementor-section elementor-top-section elementor-element elementor-element-65ea903 elementor-reverse-mobile elementor-section-boxed elementor-section-height-default elementor-section-height-default\" data-id=\"65ea903\" data-element_type=\"section\" data-e-type=\"section\" data-settings=\"{&quot;background_background&quot;:&quot;classic&quot;,&quot;jet_parallax_layout_list&quot;:[]}\">\n\t\t\t\t\t\t<div class=\"elementor-container elementor-column-gap-wider\">\n\t\t\t\t\t<div class=\"elementor-column elementor-col-50 elementor-top-column elementor-element elementor-element-d35a8eb\" data-id=\"d35a8eb\" data-element_type=\"column\" data-e-type=\"column\">\n\t\t\t<div class=\"elementor-widget-wrap elementor-element-populated\">\n\t\t\t\t\t\t<div class=\"elementor-element elementor-element-80eca7b elementor-widget elementor-widget-gallery\" data-id=\"80eca7b\" data-element_type=\"widget\" data-e-type=\"widget\" data-settings=\"{&quot;columns&quot;:1,&quot;gap&quot;:{&quot;unit&quot;:&quot;px&quot;,&quot;size&quot;:20,&quot;sizes&quot;:[]},&quot;lazyload&quot;:&quot;yes&quot;,&quot;gallery_layout&quot;:&quot;grid&quot;,&quot;columns_tablet&quot;:2,&quot;columns_mobile&quot;:1,&quot;gap_tablet&quot;:{&quot;unit&quot;:&quot;px&quot;,&quot;size&quot;:10,&quot;sizes&quot;:[]},&quot;gap_mobile&quot;:{&quot;unit&quot;:&quot;px&quot;,&quot;size&quot;:10,&quot;sizes&quot;:[]},&quot;link_to&quot;:&quot;file&quot;,&quot;aspect_ratio&quot;:&quot;3:2&quot;,&quot;overlay_background&quot;:&quot;yes&quot;,&quot;content_hover_animation&quot;:&quot;fade-in&quot;}\" data-widget_type=\"gallery.default\">\n\t\t\t\t<div class=\"elementor-widget-container\">\n\t\t\t\t\t\t\t<div class=\"elementor-gallery__container\">\n\t\t\t\t\t\t\t<a class=\"e-gallery-item elementor-gallery-item elementor-animated-content\" href=\"https:\/\/villalanterome.org\/wp-content\/uploads\/2024\/09\/Church2-rotated.jpg\" data-elementor-open-lightbox=\"yes\" data-elementor-lightbox-slideshow=\"80eca7b\" data-e-action-hash=\"#elementor-action%3Aaction%3Dlightbox%26settings%3DeyJpZCI6NzgwMjQsInVybCI6Imh0dHBzOlwvXC92aWxsYWxhbnRlcm9tZS5vcmdcL3dwLWNvbnRlbnRcL3VwbG9hZHNcLzIwMjRcLzA5XC9DaHVyY2gyLXJvdGF0ZWQuanBnIiwic2xpZGVzaG93IjoiODBlY2E3YiJ9\">\n\t\t\t\t\t<div class=\"e-gallery-image elementor-gallery-item__image\" data-thumbnail=\"https:\/\/villalanterome.org\/wp-content\/uploads\/2024\/09\/Church2-rotated.jpg\" data-width=\"480\" data-height=\"640\" aria-label=\"\" role=\"img\" ><\/div>\n\t\t\t\t\t\t\t\t\t\t\t<div class=\"elementor-gallery-item__overlay\"><\/div>\n\t\t\t\t\t\t\t\t\t\t\t\t\t\t<\/a>\n\t\t\t\t\t\t\t<a class=\"e-gallery-item elementor-gallery-item elementor-animated-content\" href=\"https:\/\/villalanterome.org\/wp-content\/uploads\/2024\/09\/20240712_164251.jpg\" data-elementor-open-lightbox=\"yes\" data-elementor-lightbox-slideshow=\"80eca7b\" data-e-action-hash=\"#elementor-action%3Aaction%3Dlightbox%26settings%3DeyJpZCI6Nzc3NjYsInVybCI6Imh0dHBzOlwvXC92aWxsYWxhbnRlcm9tZS5vcmdcL3dwLWNvbnRlbnRcL3VwbG9hZHNcLzIwMjRcLzA5XC8yMDI0MDcxMl8xNjQyNTEuanBnIiwic2xpZGVzaG93IjoiODBlY2E3YiJ9\">\n\t\t\t\t\t<div class=\"e-gallery-image elementor-gallery-item__image\" data-thumbnail=\"https:\/\/villalanterome.org\/wp-content\/uploads\/2024\/09\/20240712_164251-768x576.jpg\" data-width=\"768\" data-height=\"576\" aria-label=\"\" role=\"img\" ><\/div>\n\t\t\t\t\t\t\t\t\t\t\t<div class=\"elementor-gallery-item__overlay\"><\/div>\n\t\t\t\t\t\t\t\t\t\t\t\t\t\t<\/a>\n\t\t\t\t\t\t\t<a class=\"e-gallery-item elementor-gallery-item elementor-animated-content\" href=\"https:\/\/villalanterome.org\/wp-content\/uploads\/2024\/09\/Subiaco-3.jpg\" data-elementor-open-lightbox=\"yes\" data-elementor-lightbox-slideshow=\"80eca7b\" data-e-action-hash=\"#elementor-action%3Aaction%3Dlightbox%26settings%3DeyJpZCI6Nzc3NjksInVybCI6Imh0dHBzOlwvXC92aWxsYWxhbnRlcm9tZS5vcmdcL3dwLWNvbnRlbnRcL3VwbG9hZHNcLzIwMjRcLzA5XC9TdWJpYWNvLTMuanBnIiwic2xpZGVzaG93IjoiODBlY2E3YiJ9\">\n\t\t\t\t\t<div class=\"e-gallery-image elementor-gallery-item__image\" data-thumbnail=\"https:\/\/villalanterome.org\/wp-content\/uploads\/2024\/09\/Subiaco-3-768x576.jpg\" data-width=\"768\" data-height=\"576\" aria-label=\"\" role=\"img\" ><\/div>\n\t\t\t\t\t\t\t\t\t\t\t<div class=\"elementor-gallery-item__overlay\"><\/div>\n\t\t\t\t\t\t\t\t\t\t\t\t\t\t<\/a>\n\t\t\t\t\t\t\t<a class=\"e-gallery-item elementor-gallery-item elementor-animated-content\" href=\"https:\/\/villalanterome.org\/wp-content\/uploads\/2024\/09\/20240814_111729-rotated.jpg\" data-elementor-open-lightbox=\"yes\" data-elementor-lightbox-slideshow=\"80eca7b\" data-e-action-hash=\"#elementor-action%3Aaction%3Dlightbox%26settings%3DeyJpZCI6Nzc3NjcsInVybCI6Imh0dHBzOlwvXC92aWxsYWxhbnRlcm9tZS5vcmdcL3dwLWNvbnRlbnRcL3VwbG9hZHNcLzIwMjRcLzA5XC8yMDI0MDgxNF8xMTE3Mjktcm90YXRlZC5qcGciLCJzbGlkZXNob3ciOiI4MGVjYTdiIn0%3D\">\n\t\t\t\t\t<div class=\"e-gallery-image elementor-gallery-item__image\" data-thumbnail=\"https:\/\/villalanterome.org\/wp-content\/uploads\/2024\/09\/20240814_111729-rotated.jpg\" data-width=\"675\" data-height=\"900\" aria-label=\"\" role=\"img\" ><\/div>\n\t\t\t\t\t\t\t\t\t\t\t<div class=\"elementor-gallery-item__overlay\"><\/div>\n\t\t\t\t\t\t\t\t\t\t\t\t\t\t<\/a>\n\t\t\t\t\t\t\t<a class=\"e-gallery-item elementor-gallery-item elementor-animated-content\" href=\"https:\/\/villalanterome.org\/wp-content\/uploads\/2024\/09\/sala-con-gente-2.jpg\" data-elementor-open-lightbox=\"yes\" data-elementor-lightbox-slideshow=\"80eca7b\" data-e-action-hash=\"#elementor-action%3Aaction%3Dlightbox%26settings%3DeyJpZCI6Nzc3NjgsInVybCI6Imh0dHBzOlwvXC92aWxsYWxhbnRlcm9tZS5vcmdcL3dwLWNvbnRlbnRcL3VwbG9hZHNcLzIwMjRcLzA5XC9zYWxhLWNvbi1nZW50ZS0yLmpwZyIsInNsaWRlc2hvdyI6IjgwZWNhN2IifQ%3D%3D\">\n\t\t\t\t\t<div class=\"e-gallery-image elementor-gallery-item__image\" data-thumbnail=\"https:\/\/villalanterome.org\/wp-content\/uploads\/2024\/09\/sala-con-gente-2-768x576.jpg\" data-width=\"768\" data-height=\"576\" aria-label=\"\" role=\"img\" ><\/div>\n\t\t\t\t\t\t\t\t\t\t\t<div class=\"elementor-gallery-item__overlay\"><\/div>\n\t\t\t\t\t\t\t\t\t\t\t\t\t\t<\/a>\n\t\t\t\t\t<\/div>\n\t\t\t\t\t<\/div>\n\t\t\t\t<\/div>\n\t\t\t\t\t<\/div>\n\t\t<\/div>\n\t\t\t\t<div class=\"elementor-column elementor-col-50 elementor-top-column elementor-element elementor-element-608c6fd\" data-id=\"608c6fd\" data-element_type=\"column\" data-e-type=\"column\">\n\t\t\t<div class=\"elementor-widget-wrap elementor-element-populated\">\n\t\t\t\t\t\t<div class=\"elementor-element elementor-element-bee2ae2 elementor-widget elementor-widget-heading\" data-id=\"bee2ae2\" data-element_type=\"widget\" data-e-type=\"widget\" data-widget_type=\"heading.default\">\n\t\t\t\t<div class=\"elementor-widget-container\">\n\t\t\t\t\t<h2 class=\"elementor-heading-title elementor-size-default\">Activities<\/h2>\t\t\t\t<\/div>\n\t\t\t\t<\/div>\n\t\t\t\t<div class=\"elementor-element elementor-element-3649443 elementor-widget elementor-widget-text-editor\" data-id=\"3649443\" data-element_type=\"widget\" data-e-type=\"widget\" data-widget_type=\"text-editor.default\">\n\t\t\t\t<div class=\"elementor-widget-container\">\n\t\t\t\t\t\t\t\t\t<p>The Center for Religious and Lay Formation of Villa Lante  invites you to plan together the many possible initiatives related to the Center.<\/p><p>We know that many groups will come to us with an already established project of training seminars, perhaps taking advantage of our multimedia rooms, meetings and visits around Rome. The proposals that you read in this section are intended to enrich and integrate what you have already organized. Alternatively, there is the possibility of building a program taking advantage of our many years of experience in courses, spiritual retreats and guided visits in the Roman context.<\/p>\t\t\t\t\t\t\t\t<\/div>\n\t\t\t\t<\/div>\n\t\t\t\t<div class=\"elementor-element elementor-element-57f82fa elementor-widget elementor-widget-heading\" data-id=\"57f82fa\" data-element_type=\"widget\" data-e-type=\"widget\" data-widget_type=\"heading.default\">\n\t\t\t\t<div class=\"elementor-widget-container\">\n\t\t\t\t\t<h2 class=\"elementor-heading-title elementor-size-default\">What can we do for you and with you?<\/h2>\t\t\t\t<\/div>\n\t\t\t\t<\/div>\n\t\t\t\t<div class=\"elementor-element elementor-element-68af514 elementor-widget elementor-widget-text-editor\" data-id=\"68af514\" data-element_type=\"widget\" data-e-type=\"widget\" data-widget_type=\"text-editor.default\">\n\t\t\t\t<div class=\"elementor-widget-container\">\n\t\t\t\t\t\t\t\t\t<p><strong>Logistics services<br \/><\/strong>You can request our support for logistical services even before your arrival: reservations for the Papal Audience; help in organizing trips and excursions in Italy; restaurant reservations in Rome or elsewhere; organization of transfers to and from the airport. Once at Villa Lante you can request an orientation meeting in which we provide a package of practical information which you will need to navigate the city and familiarize yourself with the Trastevere neighborhood.<\/p><p>If you use our multimedia rooms, we can provide interpreting services for multilingual groups.<\/p><p><strong>Conferences<\/strong><br \/>if you are interested, we can hold conferences about the inspiring history of the spread of the Sacred Heart schools around the world and the characteristics of its teaching methodology. We can hold conferences on the history and current affairs of Rome in Italian or English. You can also select topics of a general nature, the history of art or the history of ancient Rome.<\/p><p><strong>Guided Tours<\/strong><br \/>Here are some examples of guided tours in Rome that we can organize for you:<\/p><ul><li class=\"translation-block\">Sacred Heart School of Trinit\u00e0 dei Monti to see the original fresco of the <em>Mater Admirabilis<\/em>, reproduced in Sacred Heart Schools around the world<\/li><li>St. Peter's Basilica;<\/li><li>Vatican Museums and Sistine Chapel;<\/li><li>Catacombs of San Sebastiano and walk on the Appian Way;<\/li><li>The magnificent early Christian churches: San Clemente, Santa Prassede and Santa Pudenziana;<\/li><li>Tour of the churches of Caravaggio and Bernini, the artists of the Catholic Renaissance of the 1600s.<\/li><\/ul>\t\t\t\t\t\t\t\t<\/div>\n\t\t\t\t<\/div>\n\t\t\t\t<div class=\"elementor-element elementor-element-034d86b elementor-widget elementor-widget-heading\" data-id=\"034d86b\" data-element_type=\"widget\" data-e-type=\"widget\" data-widget_type=\"heading.default\">\n\t\t\t\t<div class=\"elementor-widget-container\">\n\t\t\t\t\t<h2 class=\"elementor-heading-title elementor-size-default\">10-hour courses, in the classroom and in the city<\/h2>\t\t\t\t<\/div>\n\t\t\t\t<\/div>\n\t\t\t\t<div class=\"elementor-element elementor-element-88a2791 elementor-widget elementor-widget-text-editor\" data-id=\"88a2791\" data-element_type=\"widget\" data-e-type=\"widget\" data-widget_type=\"text-editor.default\">\n\t\t\t\t<div class=\"elementor-widget-container\">\n\t\t\t\t\t\t\t\t\t<ul><li>Sainte Madeleine Sophie Barat in Rome and the history of the Society of the Sacred Heart, with a visit to the Museum dedicated to her and the General Archives of the congregation<\/li><li>Ancient Rome and Christian Rome: the transition from the Capital of the Empire to the Capital of Christianity<\/li><li>The first Christian martyrs and the Christian martyrs of our time;<\/li><li>Italian art between the Renaissance and Baroque: Michelangelo, Raphael, Caravaggio, Bernini and Borromini, with guided visits to the Vatican Museums and Caravaggio's churches;<\/li><li>The social teaching of the contemporary Church, from ecology to social justice.<\/li><\/ul><p>With the help of the community of the Society of the Sacred Heart we are planning to organize special weeks with themed guided spiritual retreats for groups in English, French, Italian and Korean or alternatively host spiritual retreats for groups with their animators.<\/p><p><a style=\"color: #b90101;\" href=\"https:\/\/villalanterome.org\/en\/contacts\/\"><strong>Contact us<\/strong><\/a> for more information and to create your program in Rome with Villa Lante Center!<\/p>\t\t\t\t\t\t\t\t<\/div>\n\t\t\t\t<\/div>\n\t\t\t\t\t<\/div>\n\t\t<\/div>\n\t\t\t\t\t<\/div>\n\t\t<\/section>\n\t\t\t\t<\/div>","protected":false},"excerpt":{"rendered":"<p>Attivit\u00e0 Attivit\u00e0 Il Centro di Formazione per Religiosi e Laici di Villa Lante \u00e8 felice di invitarvi a programmare insieme le numerose iniziative possibili all\u2019interno e all\u2019esterno della Casa. Sappiamo che molti gruppi arriveranno da noi con un progetto gi\u00e0 stabilito di seminari di formazione, magari approfittando le nostre sale multimediali, incontri e visite in [&hellip;]<\/p>\n","protected":false},"author":1,"featured_media":0,"parent":0,"menu_order":21,"comment_status":"closed","ping_status":"closed","template":"elementor_header_footer","meta":{"footnotes":""},"class_list":["post-77762","page","type-page","status-publish","hentry"],"yoast_head":"<!-- This site is optimized with the Yoast SEO plugin v27.3 - https:\/\/yoast.com\/product\/yoast-seo-wordpress\/ -->\n<title>Attivit\u00e0 - Villa Lante Center<\/title>\n<meta name=\"robots\" content=\"index, follow, max-snippet:-1, max-image-preview:large, max-video-preview:-1\" \/>\n<link rel=\"canonical\" href=\"https:\/\/villalanterome.org\/en\/activities\/\" \/>\n<meta property=\"og:locale\" content=\"en_US\" \/>\n<meta property=\"og:type\" content=\"article\" \/>\n<meta property=\"og:title\" content=\"Attivit\u00e0 - Villa Lante Center\" \/>\n<meta property=\"og:description\" content=\"Attivit\u00e0 Attivit\u00e0 Il Centro di Formazione per Religiosi e Laici di Villa Lante \u00e8 felice di invitarvi a programmare insieme le numerose iniziative possibili all\u2019interno e all\u2019esterno della Casa. Sappiamo che molti gruppi arriveranno da noi con un progetto gi\u00e0 stabilito di seminari di formazione, magari approfittando le nostre sale multimediali, incontri e visite in [&hellip;]\" \/>\n<meta property=\"og:url\" content=\"https:\/\/villalanterome.org\/en\/activities\/\" \/>\n<meta property=\"og:site_name\" content=\"Villa Lante Center\" \/>\n<meta property=\"article:modified_time\" content=\"2024-09-24T08:26:00+00:00\" \/>\n<meta name=\"twitter:card\" content=\"summary_large_image\" \/>\n<meta name=\"twitter:label1\" content=\"Est. reading time\" \/>\n\t<meta name=\"twitter:data1\" content=\"3 minutes\" \/>\n<script type=\"application\/ld+json\" class=\"yoast-schema-graph\">{\"@context\":\"https:\\\/\\\/schema.org\",\"@graph\":[{\"@type\":\"WebPage\",\"@id\":\"https:\\\/\\\/villalanterome.org\\\/attivita\\\/\",\"url\":\"https:\\\/\\\/villalanterome.org\\\/attivita\\\/\",\"name\":\"Attivit\u00e0 - Villa Lante Center\",\"isPartOf\":{\"@id\":\"https:\\\/\\\/villalanterome.org\\\/#website\"},\"datePublished\":\"2024-09-18T15:29:56+00:00\",\"dateModified\":\"2024-09-24T08:26:00+00:00\",\"breadcrumb\":{\"@id\":\"https:\\\/\\\/villalanterome.org\\\/attivita\\\/#breadcrumb\"},\"inLanguage\":\"en-US\",\"potentialAction\":[{\"@type\":\"ReadAction\",\"target\":[\"https:\\\/\\\/villalanterome.org\\\/attivita\\\/\"]}]},{\"@type\":\"BreadcrumbList\",\"@id\":\"https:\\\/\\\/villalanterome.org\\\/attivita\\\/#breadcrumb\",\"itemListElement\":[{\"@type\":\"ListItem\",\"position\":1,\"name\":\"Home\",\"item\":\"https:\\\/\\\/villalanterome.org\\\/\"},{\"@type\":\"ListItem\",\"position\":2,\"name\":\"Attivit\u00e0\"}]},{\"@type\":\"WebSite\",\"@id\":\"https:\\\/\\\/villalanterome.org\\\/#website\",\"url\":\"https:\\\/\\\/villalanterome.org\\\/\",\"name\":\"Villa Lante Center\",\"description\":\"\",\"publisher\":{\"@id\":\"https:\\\/\\\/villalanterome.org\\\/#organization\"},\"potentialAction\":[{\"@type\":\"SearchAction\",\"target\":{\"@type\":\"EntryPoint\",\"urlTemplate\":\"https:\\\/\\\/villalanterome.org\\\/?s={search_term_string}\"},\"query-input\":{\"@type\":\"PropertyValueSpecification\",\"valueRequired\":true,\"valueName\":\"search_term_string\"}}],\"inLanguage\":\"en-US\"},{\"@type\":\"Organization\",\"@id\":\"https:\\\/\\\/villalanterome.org\\\/#organization\",\"name\":\"Villa Lante Center\",\"url\":\"https:\\\/\\\/villalanterome.org\\\/\",\"logo\":{\"@type\":\"ImageObject\",\"inLanguage\":\"en-US\",\"@id\":\"https:\\\/\\\/villalanterome.org\\\/#\\\/schema\\\/logo\\\/image\\\/\",\"url\":\"https:\\\/\\\/villalanterome.org\\\/wp-content\\\/uploads\\\/2021\\\/12\\\/cropped-logo-villa-lante-top-e1719995265234.png\",\"contentUrl\":\"https:\\\/\\\/villalanterome.org\\\/wp-content\\\/uploads\\\/2021\\\/12\\\/cropped-logo-villa-lante-top-e1719995265234.png\",\"width\":512,\"height\":512,\"caption\":\"Villa Lante Center\"},\"image\":{\"@id\":\"https:\\\/\\\/villalanterome.org\\\/#\\\/schema\\\/logo\\\/image\\\/\"}}]}<\/script>\n<!-- \/ Yoast SEO plugin. -->","yoast_head_json":{"title":"Activities - Villa Lante Center","robots":{"index":"index","follow":"follow","max-snippet":"max-snippet:-1","max-image-preview":"max-image-preview:large","max-video-preview":"max-video-preview:-1"},"canonical":"https:\/\/villalanterome.org\/en\/activities\/","og_locale":"en_US","og_type":"article","og_title":"Attivit\u00e0 - Villa Lante Center","og_description":"Attivit\u00e0 Attivit\u00e0 Il Centro di Formazione per Religiosi e Laici di Villa Lante \u00e8 felice di invitarvi a programmare insieme le numerose iniziative possibili all\u2019interno e all\u2019esterno della Casa. Sappiamo che molti gruppi arriveranno da noi con un progetto gi\u00e0 stabilito di seminari di formazione, magari approfittando le nostre sale multimediali, incontri e visite in [&hellip;]","og_url":"https:\/\/villalanterome.org\/en\/activities\/","og_site_name":"Villa Lante Center","article_modified_time":"2024-09-24T08:26:00+00:00","twitter_card":"summary_large_image","twitter_misc":{"Est. reading time":"3 minutes"},"schema":{"@context":"https:\/\/schema.org","@graph":[{"@type":"WebPage","@id":"https:\/\/villalanterome.org\/attivita\/","url":"https:\/\/villalanterome.org\/attivita\/","name":"Activities - Villa Lante Center","isPartOf":{"@id":"https:\/\/villalanterome.org\/#website"},"datePublished":"2024-09-18T15:29:56+00:00","dateModified":"2024-09-24T08:26:00+00:00","breadcrumb":{"@id":"https:\/\/villalanterome.org\/attivita\/#breadcrumb"},"inLanguage":"en-US","potentialAction":[{"@type":"ReadAction","target":["https:\/\/villalanterome.org\/attivita\/"]}]},{"@type":"BreadcrumbList","@id":"https:\/\/villalanterome.org\/attivita\/#breadcrumb","itemListElement":[{"@type":"ListItem","position":1,"name":"Home","item":"https:\/\/villalanterome.org\/"},{"@type":"ListItem","position":2,"name":"Attivit\u00e0"}]},{"@type":"WebSite","@id":"https:\/\/villalanterome.org\/#website","url":"https:\/\/villalanterome.org\/","name":"Villa Lante Center","description":"","publisher":{"@id":"https:\/\/villalanterome.org\/#organization"},"potentialAction":[{"@type":"SearchAction","target":{"@type":"EntryPoint","urlTemplate":"https:\/\/villalanterome.org\/?s={search_term_string}"},"query-input":{"@type":"PropertyValueSpecification","valueRequired":true,"valueName":"search_term_string"}}],"inLanguage":"en-US"},{"@type":"Organization","@id":"https:\/\/villalanterome.org\/#organization","name":"Villa Lante Center","url":"https:\/\/villalanterome.org\/","logo":{"@type":"ImageObject","inLanguage":"en-US","@id":"https:\/\/villalanterome.org\/#\/schema\/logo\/image\/","url":"https:\/\/villalanterome.org\/wp-content\/uploads\/2021\/12\/cropped-logo-villa-lante-top-e1719995265234.png","contentUrl":"https:\/\/villalanterome.org\/wp-content\/uploads\/2021\/12\/cropped-logo-villa-lante-top-e1719995265234.png","width":512,"height":512,"caption":"Villa Lante Center"},"image":{"@id":"https:\/\/villalanterome.org\/#\/schema\/logo\/image\/"}}]}},"_links":{"self":[{"href":"http:\/\/villalanterome.org\/en\/wp-json\/wp\/v2\/pages\/77762","targetHints":{"allow":["GET"]}}],"collection":[{"href":"http:\/\/villalanterome.org\/en\/wp-json\/wp\/v2\/pages"}],"about":[{"href":"http:\/\/villalanterome.org\/en\/wp-json\/wp\/v2\/types\/page"}],"author":[{"embeddable":true,"href":"http:\/\/villalanterome.org\/en\/wp-json\/wp\/v2\/users\/1"}],"replies":[{"embeddable":true,"href":"http:\/\/villalanterome.org\/en\/wp-json\/wp\/v2\/comments?post=77762"}],"version-history":[{"count":50,"href":"http:\/\/villalanterome.org\/en\/wp-json\/wp\/v2\/pages\/77762\/revisions"}],"predecessor-version":[{"id":78113,"href":"http:\/\/villalanterome.org\/en\/wp-json\/wp\/v2\/pages\/77762\/revisions\/78113"}],"wp:attachment":[{"href":"http:\/\/villalanterome.org\/en\/wp-json\/wp\/v2\/media?parent=77762"}],"curies":[{"name":"wp","href":"https:\/\/api.w.org\/{rel}","templated":true}]}}